{"id":38518,"date":"2021-01-12T21:05:49","date_gmt":"2021-01-12T21:05:49","guid":{"rendered":"https:\/\/allaboutibs.com\/zasady-ochrany-osobnych-udajov\/"},"modified":"2024-09-09T12:24:55","modified_gmt":"2024-09-09T12:24:55","slug":"zasady-ochrany-osobnych-udajov","status":"publish","type":"page","link":"https:\/\/allaboutibs.com\/sk\/zasady-ochrany-osobnych-udajov\/","title":{"rendered":"Z\u00e1sady ochrany osobn\u00fdch \u00fadajov"},"content":{"rendered":"<p>[et_pb_section fb_built=&#8220;1&#8243; admin_label=&#8220;section&#8220; _builder_version=&#8220;4.16&#8243; global_colors_info=&#8220;{}&#8220;][et_pb_row admin_label=&#8220;row&#8220; _builder_version=&#8220;4.16&#8243; background_size=&#8220;initial&#8220; background_position=&#8220;top_left&#8220; background_repeat=&#8220;repeat&#8220; global_colors_info=&#8220;{}&#8220;][et_pb_column type=&#8220;4_4&#8243; _builder_version=&#8220;4.16&#8243; custom_padding=&#8220;|||&#8220; global_colors_info=&#8220;{}&#8220; custom_padding__hover=&#8220;|||&#8220;][et_pb_text admin_label=&#8220;Text&#8220; _builder_version=&#8220;4.27.0&#8243; background_size=&#8220;initial&#8220; background_position=&#8220;top_left&#8220; background_repeat=&#8220;repeat&#8220; hover_enabled=&#8220;0&#8243; global_colors_info=&#8220;{}&#8220; sticky_enabled=&#8220;0&#8243;]<\/p>\n<h2><strong>Pre koho je t\u00e1to str\u00e1nka ur\u010den\u00e1?<\/strong><\/h2>\n<p>vsetkooibs.sk je str\u00e1nka pre v\u00e1s, ktor\u00ed sa chcete dozvedie\u0165 viac o ochoren\u00ed IBS &#8211; syndr\u00f3m dr\u00e1\u017ediv\u00e9ho \u010dreva. N\u00e1jdete tu aktu\u00e1lne inform\u00e1cie o v\u0161etkom, od najnov\u0161\u00edch v\u00fdsledkov v\u00fdskumu o pr\u00ed\u010din\u00e1ch ochorenia a nov\u00fdch form\u00e1ch lie\u010dby a\u017e po recepty a cvi\u010denia vhodn\u00e9 pre \u013eud\u00ed trpiacich IBS.  <\/p>\n<p>My\u0161lienka za touto str\u00e1nkou&#8230;<\/p>\n<p>&#8211; Str\u00e1nka vsetkooibs.sk poskytuje aktu\u00e1lne, \u013eahko dostupn\u00e9 a kvalitne spracovan\u00e9 inform\u00e1cie o IBS a podobn\u00fdch chorob\u00e1ch.<\/p>\n<p>&#8211; inform\u00e1cie na str\u00e1nke allaboutIBS.com by mali \u010ditate\u013eov zauj\u00edma\u0165 na v\u0161etk\u00fdch \u00farovniach &#8211; od tipov na stravu, predpisovanie liekov a cvi\u010denie a\u017e po podrobnosti a spr\u00e1vy o najnov\u0161\u00edch v\u00fdsledkoch v\u00fdskumu.<\/p>\n<p>&#8211; vsetkooibs.sk sa mus\u00ed neust\u00e1le prisp\u00f4sobova\u0165 \u017eelaniam \u010ditate\u013eov.<\/p>\n<p>&#8211; na str\u00e1nke allaboutIBS.com by ste mali ma\u0165 v\u017edy mo\u017enos\u0165 vidie\u0165, kto \u010dl\u00e1nok nap\u00edsal<\/p>\n<p>&#8211; mnoho \u010dl\u00e1nkov nap\u00ed\u0161e redakcia ako za str\u00e1nkou po\u010das rozbehu.<\/p>\n<p>&#8211; Na str\u00e1nke vsetkooibs.sk bude reklama, v\u010faka ktorej je obsah pre jej \u010ditate\u013eov bezplatn\u00fd. V\u017edy mus\u00ed by\u0165 jasn\u00e9, \u010di ide o reklamu.<\/p>\n<p>&#8211; na str\u00e1nke nebude mo\u017en\u00e9 zak\u00fapi\u0165 redak\u010dn\u00fd materi\u00e1l.<\/p>\n<p>Redakcia si vyhradzuje pr\u00e1vo vo\u013en\u00e9ho v\u00fdberu t\u00e9m na prepracovanie.<\/p>\n<p>Nev\u00e1hajte n\u00e1s kontaktova\u0165, ak chcete navrhn\u00fa\u0165 t\u00e9mu, ktorej by sme sa mohli v \u010dl\u00e1nku venova\u0165, alebo ak n\u00e1jdete nie\u010do in\u00e9, \u010do by sme mali na str\u00e1nke zmeni\u0165. Majte na pam\u00e4ti, \u017ee na to, aby sa inform\u00e1cie na webovej str\u00e1nke upravili, mus\u00edte ma\u0165 dobre podlo\u017een\u00e9 a vecn\u00e9 argumenty.<\/p>\n<p>To, \u010do si m\u00f4\u017eete pre\u010d\u00edta\u0165 na tejto str\u00e1nke, nikdy nem\u00f4\u017ee nahradi\u0165 radu alebo diagn\u00f3zu lek\u00e1ra. Ak m\u00e1te ak\u00e9ko\u013evek ot\u00e1zky alebo obavy t\u00fdkaj\u00face sa v\u00e1\u0161ho zdravia, obr\u00e1\u0165te sa priamo na najbli\u017e\u0161iu kliniku starostlivosti.<\/p>\n<p>Ak chcete kontaktova\u0165 redakciu allaboutIBS.com, pou\u017eite ni\u017e\u0161ie uveden\u00e9 kontaktn\u00e9 inform\u00e1cie.<\/p>\n<p>vsetkooibs.sk<\/p>\n<p>&#8212;&#8212;&#8212;&#8212;&#8212;&#8212;&#8212;&#8212;&#8211;<\/p>\n<p>C \/ O Calmino group AB<\/p>\n<p>\u010c\u00edslo organiz\u00e1cie: 556638-9820<\/p>\n<p>Adresa s\u00eddla spolo\u010dnosti: Sahlgrenska Science Park, Medicinaregatan 8A 413 46 G\u00f6teborg \u0160v\u00e9dsko<\/p>\n<p>info@vsetkooIBS.sk<\/p>\n<p>&#8212;&#8212;&#8212;&#8212;&#8212;&#8212;&#8212;&#8212;<\/p>\n<p>V\u0161etky materi\u00e1ly na webovej str\u00e1nke s\u00fa chr\u00e1nen\u00e9 autorsk\u00fdmi pr\u00e1vami<\/p>\n<p>Copyright \u00a9 2011-2020 Calmino group AB &#8211; Ak chcete z\u00edska\u0165 povolenie na reprodukciu ak\u00e9hoko\u013evek materi\u00e1lu na str\u00e1nke, nev\u00e1hajte n\u00e1s kontaktova\u0165.<\/p>\n<p>\u00dapln\u00e9 podmienky str\u00e1nky n\u00e1jdete tu:<\/p>\n<h2>Z\u00e1sady ochrany osobn\u00fdch \u00fadajov a podmienky pou\u017e\u00edvania<\/h2>\n<p>Pou\u017e\u00edvan\u00edm na\u0161ej webovej str\u00e1nky akceptujete na\u0161e Podmienky pou\u017e\u00edvania a s\u00fahlas\u00edte s ich dodr\u017eiavan\u00edm. Ak nes\u00fahlas\u00edte s podmienkami pou\u017e\u00edvania, opustite webov\u00fa lokalitu. Ochrana s\u00fakromia je pre n\u00e1s d\u00f4le\u017eit\u00e1 a pri spracovan\u00ed va\u0161ich osobn\u00fdch \u00fadajov sa sna\u017e\u00edme chr\u00e1ni\u0165 va\u0161u osobn\u00fa integritu. S osobn\u00fdmi \u00fadajmi sa bude zaobch\u00e1dza\u0165 v s\u00falade s na\u0161imi z\u00e1sadami integrity a zaslan\u00edm inform\u00e1ci\u00ed n\u00e1m vyjadrujete s\u00fahlas s na\u0161imi z\u00e1sadami integrity.<\/p>\n<p>T\u00fato medzin\u00e1rodn\u00fa webov\u00fa str\u00e1nku prev\u00e1dzkuje spolo\u010dnos\u0165 Calmino group AB. Calmino group AB je s\u00fakromn\u00e1 spolo\u010dnos\u0165 s ru\u010den\u00edm obmedzen\u00fdm registrovan\u00e1 v G\u00f6teborgu vo \u0160v\u00e9dsku.<\/p>\n<p>Tu si pre\u010d\u00edtajte na\u0161e podmienky a ozn\u00e1menie o ochrane osobn\u00fdch \u00fadajov:<\/p>\n<p><a href=\"https:\/\/calmino.com\/privacy_policy_and_terms\/\">Podmienky a ozn\u00e1menie o ochrane osobn\u00fdch \u00fadajov<\/a><\/p>\n<p>Kontaktn\u00e9 inform\u00e1cie a I\u010c DPH n\u00e1jdete na na\u0161ej webovej str\u00e1nke:<\/p>\n<p><a href=\"https:\/\/www.calmino.com\/\">https:\/\/www.calmino.com<\/a><\/p>\n<p>[\/et_pb_text][\/et_pb_column][\/et_pb_row][\/et_pb_section]<\/p>\n","protected":false},"excerpt":{"rendered":"<p>Pre koho je t\u00e1to str\u00e1nka ur\u010den\u00e1? vsetkooibs.sk je str\u00e1nka pre v\u00e1s, ktor\u00ed sa chcete dozvedie\u0165 viac o ochoren\u00ed IBS &#8211; syndr\u00f3m dr\u00e1\u017ediv\u00e9ho \u010dreva. N\u00e1jdete tu aktu\u00e1lne inform\u00e1cie o v\u0161etkom, od najnov\u0161\u00edch v\u00fdsledkov v\u00fdskumu o pr\u00ed\u010din\u00e1ch ochorenia a nov\u00fdch form\u00e1ch lie\u010dby a\u017e po recepty a cvi\u010denia vhodn\u00e9 pre \u013eud\u00ed trpiacich IBS. My\u0161lienka za touto str\u00e1nkou&#8230; &#8211; [&hellip;]<\/p>\n","protected":false},"author":10,"featured_media":0,"parent":0,"menu_order":0,"comment_status":"closed","ping_status":"closed","template":"","meta":{"_et_pb_use_builder":"on","_et_pb_old_content":"","_et_gb_content_width":"","footnotes":""},"class_list":["post-38518","page","type-page","status-publish","hentry"],"yoast_head":"<!-- This site is optimized with the Yoast SEO plugin v27.4 - https:\/\/yoast.com\/product\/yoast-seo-wordpress\/ -->\n<title>Z\u00e1sady ochrany osobn\u00fdch \u00fadajov - all about IBS<\/title>\n<meta name=\"robots\" content=\"index, follow, max-snippet:-1, max-image-preview:large, max-video-preview:-1\" \/>\n<link rel=\"canonical\" href=\"https:\/\/allaboutibs.com\/sk\/zasady-ochrany-osobnych-udajov\/\" \/>\n<meta property=\"og:locale\" content=\"sk_SK\" \/>\n<meta property=\"og:type\" content=\"article\" \/>\n<meta property=\"og:title\" content=\"Z\u00e1sady ochrany osobn\u00fdch \u00fadajov - all about IBS\" \/>\n<meta property=\"og:description\" content=\"Pre koho je t\u00e1to str\u00e1nka ur\u010den\u00e1? vsetkooibs.sk je str\u00e1nka pre v\u00e1s, ktor\u00ed sa chcete dozvedie\u0165 viac o ochoren\u00ed IBS - syndr\u00f3m dr\u00e1\u017ediv\u00e9ho \u010dreva. N\u00e1jdete tu aktu\u00e1lne inform\u00e1cie o v\u0161etkom, od najnov\u0161\u00edch v\u00fdsledkov v\u00fdskumu o pr\u00ed\u010din\u00e1ch ochorenia a nov\u00fdch form\u00e1ch lie\u010dby a\u017e po recepty a cvi\u010denia vhodn\u00e9 pre \u013eud\u00ed trpiacich IBS. My\u0161lienka za touto str\u00e1nkou... - [&hellip;]\" \/>\n<meta property=\"og:url\" content=\"https:\/\/allaboutibs.com\/sk\/zasady-ochrany-osobnych-udajov\/\" \/>\n<meta property=\"og:site_name\" content=\"all about IBS\" \/>\n<meta property=\"article:modified_time\" content=\"2024-09-09T12:24:55+00:00\" \/>\n<meta name=\"twitter:card\" content=\"summary_large_image\" \/>\n<meta name=\"twitter:label1\" content=\"Predpokladan\u00fd \u010das \u010d\u00edtania\" \/>\n\t<meta name=\"twitter:data1\" content=\"4 min\u00faty\" \/>\n<script type=\"application\/ld+json\" class=\"yoast-schema-graph\">{\"@context\":\"https:\\\/\\\/schema.org\",\"@graph\":[{\"@type\":\"WebPage\",\"@id\":\"https:\\\/\\\/allaboutibs.com\\\/sk\\\/zasady-ochrany-osobnych-udajov\\\/\",\"url\":\"https:\\\/\\\/allaboutibs.com\\\/sk\\\/zasady-ochrany-osobnych-udajov\\\/\",\"name\":\"Z\u00e1sady ochrany osobn\u00fdch \u00fadajov - all about IBS\",\"isPartOf\":{\"@id\":\"https:\\\/\\\/allaboutibs.com\\\/sk\\\/#website\"},\"datePublished\":\"2021-01-12T21:05:49+00:00\",\"dateModified\":\"2024-09-09T12:24:55+00:00\",\"breadcrumb\":{\"@id\":\"https:\\\/\\\/allaboutibs.com\\\/sk\\\/zasady-ochrany-osobnych-udajov\\\/#breadcrumb\"},\"inLanguage\":\"sk-SK\",\"potentialAction\":[{\"@type\":\"ReadAction\",\"target\":[\"https:\\\/\\\/allaboutibs.com\\\/sk\\\/zasady-ochrany-osobnych-udajov\\\/\"]}]},{\"@type\":\"BreadcrumbList\",\"@id\":\"https:\\\/\\\/allaboutibs.com\\\/sk\\\/zasady-ochrany-osobnych-udajov\\\/#breadcrumb\",\"itemListElement\":[{\"@type\":\"ListItem\",\"position\":1,\"name\":\"Home\",\"item\":\"https:\\\/\\\/allaboutibs.com\\\/sk\\\/\"},{\"@type\":\"ListItem\",\"position\":2,\"name\":\"Z\u00e1sady ochrany osobn\u00fdch \u00fadajov\"}]},{\"@type\":\"WebSite\",\"@id\":\"https:\\\/\\\/allaboutibs.com\\\/sk\\\/#website\",\"url\":\"https:\\\/\\\/allaboutibs.com\\\/sk\\\/\",\"name\":\"all about IBS\",\"description\":\"All about IBS &amp; bowel problems\",\"publisher\":{\"@id\":\"https:\\\/\\\/allaboutibs.com\\\/sk\\\/#organization\"},\"potentialAction\":[{\"@type\":\"SearchAction\",\"target\":{\"@type\":\"EntryPoint\",\"urlTemplate\":\"https:\\\/\\\/allaboutibs.com\\\/sk\\\/?s={search_term_string}\"},\"query-input\":{\"@type\":\"PropertyValueSpecification\",\"valueRequired\":true,\"valueName\":\"search_term_string\"}}],\"inLanguage\":\"sk-SK\"},{\"@type\":\"Organization\",\"@id\":\"https:\\\/\\\/allaboutibs.com\\\/sk\\\/#organization\",\"name\":\"all about IBS\",\"url\":\"https:\\\/\\\/allaboutibs.com\\\/sk\\\/\",\"logo\":{\"@type\":\"ImageObject\",\"inLanguage\":\"sk-SK\",\"@id\":\"https:\\\/\\\/allaboutibs.com\\\/sk\\\/#\\\/schema\\\/logo\\\/image\\\/\",\"url\":\"https:\\\/\\\/allaboutibs.com\\\/wp-content\\\/uploads\\\/2021\\\/02\\\/allaboutibs-favicon-en.png\",\"contentUrl\":\"https:\\\/\\\/allaboutibs.com\\\/wp-content\\\/uploads\\\/2021\\\/02\\\/allaboutibs-favicon-en.png\",\"width\":512,\"height\":512,\"caption\":\"all about IBS\"},\"image\":{\"@id\":\"https:\\\/\\\/allaboutibs.com\\\/sk\\\/#\\\/schema\\\/logo\\\/image\\\/\"}}]}<\/script>\n<!-- \/ Yoast SEO plugin. -->","yoast_head_json":{"title":"Z\u00e1sady ochrany osobn\u00fdch \u00fadajov - all about IBS","robots":{"index":"index","follow":"follow","max-snippet":"max-snippet:-1","max-image-preview":"max-image-preview:large","max-video-preview":"max-video-preview:-1"},"canonical":"https:\/\/allaboutibs.com\/sk\/zasady-ochrany-osobnych-udajov\/","og_locale":"sk_SK","og_type":"article","og_title":"Z\u00e1sady ochrany osobn\u00fdch \u00fadajov - all about IBS","og_description":"Pre koho je t\u00e1to str\u00e1nka ur\u010den\u00e1? vsetkooibs.sk je str\u00e1nka pre v\u00e1s, ktor\u00ed sa chcete dozvedie\u0165 viac o ochoren\u00ed IBS - syndr\u00f3m dr\u00e1\u017ediv\u00e9ho \u010dreva. N\u00e1jdete tu aktu\u00e1lne inform\u00e1cie o v\u0161etkom, od najnov\u0161\u00edch v\u00fdsledkov v\u00fdskumu o pr\u00ed\u010din\u00e1ch ochorenia a nov\u00fdch form\u00e1ch lie\u010dby a\u017e po recepty a cvi\u010denia vhodn\u00e9 pre \u013eud\u00ed trpiacich IBS. My\u0161lienka za touto str\u00e1nkou... - [&hellip;]","og_url":"https:\/\/allaboutibs.com\/sk\/zasady-ochrany-osobnych-udajov\/","og_site_name":"all about IBS","article_modified_time":"2024-09-09T12:24:55+00:00","twitter_card":"summary_large_image","twitter_misc":{"Predpokladan\u00fd \u010das \u010d\u00edtania":"4 min\u00faty"},"schema":{"@context":"https:\/\/schema.org","@graph":[{"@type":"WebPage","@id":"https:\/\/allaboutibs.com\/sk\/zasady-ochrany-osobnych-udajov\/","url":"https:\/\/allaboutibs.com\/sk\/zasady-ochrany-osobnych-udajov\/","name":"Z\u00e1sady ochrany osobn\u00fdch \u00fadajov - all about IBS","isPartOf":{"@id":"https:\/\/allaboutibs.com\/sk\/#website"},"datePublished":"2021-01-12T21:05:49+00:00","dateModified":"2024-09-09T12:24:55+00:00","breadcrumb":{"@id":"https:\/\/allaboutibs.com\/sk\/zasady-ochrany-osobnych-udajov\/#breadcrumb"},"inLanguage":"sk-SK","potentialAction":[{"@type":"ReadAction","target":["https:\/\/allaboutibs.com\/sk\/zasady-ochrany-osobnych-udajov\/"]}]},{"@type":"BreadcrumbList","@id":"https:\/\/allaboutibs.com\/sk\/zasady-ochrany-osobnych-udajov\/#breadcrumb","itemListElement":[{"@type":"ListItem","position":1,"name":"Home","item":"https:\/\/allaboutibs.com\/sk\/"},{"@type":"ListItem","position":2,"name":"Z\u00e1sady ochrany osobn\u00fdch \u00fadajov"}]},{"@type":"WebSite","@id":"https:\/\/allaboutibs.com\/sk\/#website","url":"https:\/\/allaboutibs.com\/sk\/","name":"all about IBS","description":"All about IBS &amp; bowel problems","publisher":{"@id":"https:\/\/allaboutibs.com\/sk\/#organization"},"potentialAction":[{"@type":"SearchAction","target":{"@type":"EntryPoint","urlTemplate":"https:\/\/allaboutibs.com\/sk\/?s={search_term_string}"},"query-input":{"@type":"PropertyValueSpecification","valueRequired":true,"valueName":"search_term_string"}}],"inLanguage":"sk-SK"},{"@type":"Organization","@id":"https:\/\/allaboutibs.com\/sk\/#organization","name":"all about IBS","url":"https:\/\/allaboutibs.com\/sk\/","logo":{"@type":"ImageObject","inLanguage":"sk-SK","@id":"https:\/\/allaboutibs.com\/sk\/#\/schema\/logo\/image\/","url":"https:\/\/allaboutibs.com\/wp-content\/uploads\/2021\/02\/allaboutibs-favicon-en.png","contentUrl":"https:\/\/allaboutibs.com\/wp-content\/uploads\/2021\/02\/allaboutibs-favicon-en.png","width":512,"height":512,"caption":"all about IBS"},"image":{"@id":"https:\/\/allaboutibs.com\/sk\/#\/schema\/logo\/image\/"}}]}},"_links":{"self":[{"href":"https:\/\/allaboutibs.com\/sk\/wp-json\/wp\/v2\/pages\/38518","targetHints":{"allow":["GET"]}}],"collection":[{"href":"https:\/\/allaboutibs.com\/sk\/wp-json\/wp\/v2\/pages"}],"about":[{"href":"https:\/\/allaboutibs.com\/sk\/wp-json\/wp\/v2\/types\/page"}],"author":[{"embeddable":true,"href":"https:\/\/allaboutibs.com\/sk\/wp-json\/wp\/v2\/users\/10"}],"replies":[{"embeddable":true,"href":"https:\/\/allaboutibs.com\/sk\/wp-json\/wp\/v2\/comments?post=38518"}],"version-history":[{"count":6,"href":"https:\/\/allaboutibs.com\/sk\/wp-json\/wp\/v2\/pages\/38518\/revisions"}],"predecessor-version":[{"id":39466,"href":"https:\/\/allaboutibs.com\/sk\/wp-json\/wp\/v2\/pages\/38518\/revisions\/39466"}],"wp:attachment":[{"href":"https:\/\/allaboutibs.com\/sk\/wp-json\/wp\/v2\/media?parent=38518"}],"curies":[{"name":"wp","href":"https:\/\/api.w.org\/{rel}","templated":true}]}}