{"id":38076,"date":"2021-01-17T16:39:42","date_gmt":"2021-01-17T16:39:42","guid":{"rendered":"https:\/\/allaboutibs.com\/reklama\/"},"modified":"2024-03-23T13:23:42","modified_gmt":"2024-03-23T13:23:42","slug":"reklama","status":"publish","type":"page","link":"https:\/\/allaboutibs.com\/sk\/reklama\/","title":{"rendered":"Reklama"},"content":{"rendered":"<p>CHCETE SA TU OBJAVI\u0164?<\/p>\n<p>S reklamou na vsetkooibs.sk m\u00f4\u017eete oslovi\u0165 \u013eud\u00ed postihnut\u00fdch IBS (syndr\u00f3mom dr\u00e1\u017ediv\u00e9ho \u010dreva) alebo in\u00fdmi \u017eal\u00fado\u010dn\u00fdmi probl\u00e9mami, pr\u00edbuzn\u00fdch a zamestnancov v zdravotn\u00edctve v objekt\u00edvnom, profesion\u00e1lnom a relevantnom r\u00e1mci.<\/p>\n<p>&nbsp;<\/p>\n<p>Pre\u010do inzerova\u0165<\/p>\n<p>V\u0161etkooIBS V\u00e1m d\u00e1va jedine\u010dn\u00fa pr\u00edle\u017eitos\u0165 oslovi\u0165 \u013eud\u00ed, ktor\u00ed akt\u00edvne vyh\u013ead\u00e1vaj\u00fa inform\u00e1cie o IBS, gastrointestin\u00e1lnych probl\u00e9moch a zdrav\u00ed.<\/p>\n<p>&nbsp;<\/p>\n<p>Zv\u00fd\u0161en\u00e1 vidite\u013enos\u0165 produktov a slu\u017eieb<\/p>\n<p>Neust\u00e1le sledujeme v\u00fdvoj v oblasti IBS, \u010drevn\u00fdch a gastrointestin\u00e1lnych por\u00fach a uverej\u0148ujeme len relevantn\u00e9 inform\u00e1cie s v\u00fdpovednou hodnotou a aktu\u00e1lnos\u0165ou. Preto si m\u00f4\u017eete by\u0165 ist\u00ed, \u017ee Va\u0161e reklamy s\u00fa vidite\u013en\u00e9 v seri\u00f3znom, d\u00f4veryhodnom a relevantnom kontexte.<\/p>\n<p>&nbsp;<\/p>\n<p>Viac relevantn\u00fdch n\u00e1v\u0161tevn\u00edkov na Va\u0161ej webovej str\u00e1nke<\/p>\n<p>N\u00e1v\u0161tevn\u00edci vsetkooibs.sk nie s\u00fa \u0161tatistiky a \u010d\u00edsla. S\u00fa to \u013eudia, ktor\u00ed akt\u00edvne vyh\u013ead\u00e1vaj\u00fa inform\u00e1cie o IBS, gastrointestin\u00e1lnych probl\u00e9moch a skon\u010dia na jednej z na\u0161ich podstr\u00e1nok alebo pr\u00edspevkoch. T\u00fdmto sp\u00f4sobom sa zvy\u0161uje \u0161anca, \u017ee n\u00e1v\u0161tevn\u00edci, ktor\u00ed pr\u00eddu na na\u0161u webov\u00fa str\u00e1nku s\u00fa pre V\u00e1s relevantn\u00ed.<\/p>\n<p>&nbsp;<\/p>\n<p>\u013dah\u0161ie n\u00e1jdenie potenci\u00e1lnych z\u00e1kazn\u00edkov pre V\u00e1\u0161 produkt<\/p>\n<p>Ako dnes n\u00e1js\u0165 potenci\u00e1lnych z\u00e1kazn\u00edkov? Prostredn\u00edctvom reklamy zameranej na predaj na webe vsetkooibs.sk alebo v na\u0161om informa\u010dnom bulletine sa m\u00f4\u017eete dosta\u0165 do kontaktu s vysoko kvalifikovanou cie\u013eovou skupinou, ktor\u00e1 akt\u00edvne vyh\u013ead\u00e1va inform\u00e1cie o IBS a gastrointestin\u00e1lnych probl\u00e9moch.<\/p>\n<p>&nbsp;<\/p>\n<p>Na str\u00e1nke vsetkooibs.sk sa \u010ditate\u013e obozn\u00e1mi s najnov\u0161\u00edmi v\u00fdsledkami v\u00fdskumu IBS, nov\u00fdmi formami lie\u010dby a receptami a cvi\u010deniami \u0161etrn\u00fdmi k \u017eal\u00fadku. Na\u0161a dietologi\u010dka odpoved\u00e1 na ot\u00e1zky \u010ditate\u013eov a \u010ditate\u013e tu n\u00e1jde aj inform\u00e1cie o \u010fal\u0161\u00edch ochoreniach tr\u00e1viaceho traktu. Cel\u00fd obsah zostavuje a kontroluje redak\u010dn\u00fd t\u00edm s dlhoro\u010dn\u00fdmi sk\u00fasenos\u0165ami v oblasti gastrointestin\u00e1lneho v\u00fdskumu.<\/p>\n<p>&nbsp;<\/p>\n<p>Form\u00e1t reklamy<\/p>\n<p>Va\u0161e reklamy vyzeraj\u00fa rovnako dobre na v\u0161etk\u00fdch typoch obrazoviek.<\/p>\n<p>&nbsp;<\/p>\n<p>Stoln\u00fd po\u010d\u00edta\u010d, prenosn\u00fd po\u010d\u00edta\u010d a tablet<\/p>\n<p>&nbsp;<\/p>\n<p>Horn\u00fd banner<\/p>\n<p>V\u00fd\u0161ka: 720px<\/p>\n<p>\u0160\u00edrka: 90px<\/p>\n<p>&nbsp;<\/p>\n<p>Obsahov\u00fd banner<\/p>\n<p>V\u00fd\u0161ka: 300px<\/p>\n<p>\u0160\u00edrka: 180px<\/p>\n<p>&nbsp;<\/p>\n<p>Banner na bo\u010dnom paneli<\/p>\n<p>V\u00fd\u0161ka: 300px<\/p>\n<p>\u0160\u00edrka: 180px<\/p>\n<p>&nbsp;<\/p>\n<p>Mobiln\u00fd telef\u00f3n<\/p>\n<p>Horn\u00fd banner<\/p>\n<p>V\u00fd\u0161ka: 720px<\/p>\n<p>\u0160\u00edrka: 90px<\/p>\n<p>&nbsp;<\/p>\n<p>Obsah &#8211; &amp; Banner na bo\u010dnom paneli<\/p>\n<p>V\u00fd\u0161ka: 300px<\/p>\n<p>\u0160\u00edrka: 180px<\/p>\n<p>&nbsp;<\/p>\n<p>Ko\u013eko to stoj\u00ed?<\/p>\n<p>Kontaktujte n\u00e1s pre inform\u00e1cie o cene.<\/p>\n<p>Reklama na vsetkooibs.sk je cenovo dostupnou alternat\u00edvou k tradi\u010dnej reklame. Oslov\u00edte priamo \u013eud\u00ed, ktor\u00ed akt\u00edvne vyh\u013ead\u00e1vaj\u00fa inform\u00e1cie o \u017eal\u00fado\u010dn\u00fdch a \u010drevn\u00fdch probl\u00e9moch a zdrav\u00ed. Nev\u00e1hajte n\u00e1s kontaktova\u0165, aby sme V\u00e1m poskytli podrobn\u00e9 inform\u00e1cie o cen\u00e1ch reklamy a r\u00f4znych reklamn\u00fdch bal\u00edkoch.<\/p>\n<p>&nbsp;<\/p>\n<p>Chcete tu inzerova\u0165?<\/p>\n<p>[ninja_form id=&#8220;3&#8243;]<\/p>\n","protected":false},"excerpt":{"rendered":"<p>CHCETE SA TU OBJAVI\u0164? S reklamou na vsetkooibs.sk m\u00f4\u017eete oslovi\u0165 \u013eud\u00ed postihnut\u00fdch IBS (syndr\u00f3mom dr\u00e1\u017ediv\u00e9ho \u010dreva) alebo in\u00fdmi \u017eal\u00fado\u010dn\u00fdmi probl\u00e9mami, pr\u00edbuzn\u00fdch a zamestnancov v zdravotn\u00edctve v objekt\u00edvnom, profesion\u00e1lnom a relevantnom r\u00e1mci. &nbsp; Pre\u010do inzerova\u0165 V\u0161etkooIBS V\u00e1m d\u00e1va jedine\u010dn\u00fa pr\u00edle\u017eitos\u0165 oslovi\u0165 \u013eud\u00ed, ktor\u00ed akt\u00edvne vyh\u013ead\u00e1vaj\u00fa inform\u00e1cie o IBS, gastrointestin\u00e1lnych probl\u00e9moch a zdrav\u00ed. &nbsp; Zv\u00fd\u0161en\u00e1 vidite\u013enos\u0165 produktov [&hellip;]<\/p>\n","protected":false},"author":10,"featured_media":0,"parent":0,"menu_order":0,"comment_status":"closed","ping_status":"closed","template":"","meta":{"_et_pb_use_builder":"","_et_pb_old_content":"","_et_gb_content_width":"","footnotes":""},"class_list":["post-38076","page","type-page","status-publish","hentry"],"yoast_head":"<!-- This site is optimized with the Yoast SEO plugin v27.4 - https:\/\/yoast.com\/product\/yoast-seo-wordpress\/ -->\n<title>Reklama - all about IBS<\/title>\n<meta name=\"description\" content=\"Oslovte \u013eud\u00ed postihnut\u00fdch syndr\u00f3mom dr\u00e1\u017ediv\u00e9ho \u010dreva (IBS) alebo in\u00fdmi \u017eal\u00fado\u010dn\u00fdmi probl\u00e9mami, pr\u00edbuzn\u00fdch a zamestnancov v zdravotn\u00edctve v objekt\u00edvnom, odbornom a relevantnom r\u00e1mci.\" \/>\n<meta name=\"robots\" content=\"index, follow, max-snippet:-1, max-image-preview:large, max-video-preview:-1\" \/>\n<link rel=\"canonical\" href=\"https:\/\/allaboutibs.com\/sk\/reklama\/\" \/>\n<meta property=\"og:locale\" content=\"sk_SK\" \/>\n<meta property=\"og:type\" content=\"article\" \/>\n<meta property=\"og:title\" content=\"Reklama - all about IBS\" \/>\n<meta property=\"og:description\" content=\"Oslovte \u013eud\u00ed postihnut\u00fdch syndr\u00f3mom dr\u00e1\u017ediv\u00e9ho \u010dreva (IBS) alebo in\u00fdmi \u017eal\u00fado\u010dn\u00fdmi probl\u00e9mami, pr\u00edbuzn\u00fdch a zamestnancov v zdravotn\u00edctve v objekt\u00edvnom, odbornom a relevantnom r\u00e1mci.\" \/>\n<meta property=\"og:url\" content=\"https:\/\/allaboutibs.com\/sk\/reklama\/\" \/>\n<meta property=\"og:site_name\" content=\"all about IBS\" \/>\n<meta property=\"article:modified_time\" content=\"2024-03-23T13:23:42+00:00\" \/>\n<meta name=\"twitter:card\" content=\"summary_large_image\" \/>\n<meta name=\"twitter:label1\" content=\"Predpokladan\u00fd \u010das \u010d\u00edtania\" \/>\n\t<meta name=\"twitter:data1\" content=\"3 min\u00faty\" \/>\n<script type=\"application\/ld+json\" class=\"yoast-schema-graph\">{\"@context\":\"https:\\\/\\\/schema.org\",\"@graph\":[{\"@type\":\"WebPage\",\"@id\":\"https:\\\/\\\/allaboutibs.com\\\/sk\\\/reklama\\\/\",\"url\":\"https:\\\/\\\/allaboutibs.com\\\/sk\\\/reklama\\\/\",\"name\":\"Reklama - all about IBS\",\"isPartOf\":{\"@id\":\"https:\\\/\\\/allaboutibs.com\\\/sk\\\/#website\"},\"datePublished\":\"2021-01-17T16:39:42+00:00\",\"dateModified\":\"2024-03-23T13:23:42+00:00\",\"description\":\"Oslovte \u013eud\u00ed postihnut\u00fdch syndr\u00f3mom dr\u00e1\u017ediv\u00e9ho \u010dreva (IBS) alebo in\u00fdmi \u017eal\u00fado\u010dn\u00fdmi probl\u00e9mami, pr\u00edbuzn\u00fdch a zamestnancov v zdravotn\u00edctve v objekt\u00edvnom, odbornom a relevantnom r\u00e1mci.\",\"breadcrumb\":{\"@id\":\"https:\\\/\\\/allaboutibs.com\\\/sk\\\/reklama\\\/#breadcrumb\"},\"inLanguage\":\"sk-SK\",\"potentialAction\":[{\"@type\":\"ReadAction\",\"target\":[\"https:\\\/\\\/allaboutibs.com\\\/sk\\\/reklama\\\/\"]}]},{\"@type\":\"BreadcrumbList\",\"@id\":\"https:\\\/\\\/allaboutibs.com\\\/sk\\\/reklama\\\/#breadcrumb\",\"itemListElement\":[{\"@type\":\"ListItem\",\"position\":1,\"name\":\"Home\",\"item\":\"https:\\\/\\\/allaboutibs.com\\\/sk\\\/\"},{\"@type\":\"ListItem\",\"position\":2,\"name\":\"Reklama\"}]},{\"@type\":\"WebSite\",\"@id\":\"https:\\\/\\\/allaboutibs.com\\\/sk\\\/#website\",\"url\":\"https:\\\/\\\/allaboutibs.com\\\/sk\\\/\",\"name\":\"all about IBS\",\"description\":\"All about IBS &amp; bowel problems\",\"publisher\":{\"@id\":\"https:\\\/\\\/allaboutibs.com\\\/sk\\\/#organization\"},\"potentialAction\":[{\"@type\":\"SearchAction\",\"target\":{\"@type\":\"EntryPoint\",\"urlTemplate\":\"https:\\\/\\\/allaboutibs.com\\\/sk\\\/?s={search_term_string}\"},\"query-input\":{\"@type\":\"PropertyValueSpecification\",\"valueRequired\":true,\"valueName\":\"search_term_string\"}}],\"inLanguage\":\"sk-SK\"},{\"@type\":\"Organization\",\"@id\":\"https:\\\/\\\/allaboutibs.com\\\/sk\\\/#organization\",\"name\":\"all about IBS\",\"url\":\"https:\\\/\\\/allaboutibs.com\\\/sk\\\/\",\"logo\":{\"@type\":\"ImageObject\",\"inLanguage\":\"sk-SK\",\"@id\":\"https:\\\/\\\/allaboutibs.com\\\/sk\\\/#\\\/schema\\\/logo\\\/image\\\/\",\"url\":\"https:\\\/\\\/allaboutibs.com\\\/wp-content\\\/uploads\\\/2021\\\/02\\\/allaboutibs-favicon-en.png\",\"contentUrl\":\"https:\\\/\\\/allaboutibs.com\\\/wp-content\\\/uploads\\\/2021\\\/02\\\/allaboutibs-favicon-en.png\",\"width\":512,\"height\":512,\"caption\":\"all about IBS\"},\"image\":{\"@id\":\"https:\\\/\\\/allaboutibs.com\\\/sk\\\/#\\\/schema\\\/logo\\\/image\\\/\"}}]}<\/script>\n<!-- \/ Yoast SEO plugin. -->","yoast_head_json":{"title":"Reklama - all about IBS","description":"Oslovte \u013eud\u00ed postihnut\u00fdch syndr\u00f3mom dr\u00e1\u017ediv\u00e9ho \u010dreva (IBS) alebo in\u00fdmi \u017eal\u00fado\u010dn\u00fdmi probl\u00e9mami, pr\u00edbuzn\u00fdch a zamestnancov v zdravotn\u00edctve v objekt\u00edvnom, odbornom a relevantnom r\u00e1mci.","robots":{"index":"index","follow":"follow","max-snippet":"max-snippet:-1","max-image-preview":"max-image-preview:large","max-video-preview":"max-video-preview:-1"},"canonical":"https:\/\/allaboutibs.com\/sk\/reklama\/","og_locale":"sk_SK","og_type":"article","og_title":"Reklama - all about IBS","og_description":"Oslovte \u013eud\u00ed postihnut\u00fdch syndr\u00f3mom dr\u00e1\u017ediv\u00e9ho \u010dreva (IBS) alebo in\u00fdmi \u017eal\u00fado\u010dn\u00fdmi probl\u00e9mami, pr\u00edbuzn\u00fdch a zamestnancov v zdravotn\u00edctve v objekt\u00edvnom, odbornom a relevantnom r\u00e1mci.","og_url":"https:\/\/allaboutibs.com\/sk\/reklama\/","og_site_name":"all about IBS","article_modified_time":"2024-03-23T13:23:42+00:00","twitter_card":"summary_large_image","twitter_misc":{"Predpokladan\u00fd \u010das \u010d\u00edtania":"3 min\u00faty"},"schema":{"@context":"https:\/\/schema.org","@graph":[{"@type":"WebPage","@id":"https:\/\/allaboutibs.com\/sk\/reklama\/","url":"https:\/\/allaboutibs.com\/sk\/reklama\/","name":"Reklama - all about IBS","isPartOf":{"@id":"https:\/\/allaboutibs.com\/sk\/#website"},"datePublished":"2021-01-17T16:39:42+00:00","dateModified":"2024-03-23T13:23:42+00:00","description":"Oslovte \u013eud\u00ed postihnut\u00fdch syndr\u00f3mom dr\u00e1\u017ediv\u00e9ho \u010dreva (IBS) alebo in\u00fdmi \u017eal\u00fado\u010dn\u00fdmi probl\u00e9mami, pr\u00edbuzn\u00fdch a zamestnancov v zdravotn\u00edctve v objekt\u00edvnom, odbornom a relevantnom r\u00e1mci.","breadcrumb":{"@id":"https:\/\/allaboutibs.com\/sk\/reklama\/#breadcrumb"},"inLanguage":"sk-SK","potentialAction":[{"@type":"ReadAction","target":["https:\/\/allaboutibs.com\/sk\/reklama\/"]}]},{"@type":"BreadcrumbList","@id":"https:\/\/allaboutibs.com\/sk\/reklama\/#breadcrumb","itemListElement":[{"@type":"ListItem","position":1,"name":"Home","item":"https:\/\/allaboutibs.com\/sk\/"},{"@type":"ListItem","position":2,"name":"Reklama"}]},{"@type":"WebSite","@id":"https:\/\/allaboutibs.com\/sk\/#website","url":"https:\/\/allaboutibs.com\/sk\/","name":"all about IBS","description":"All about IBS &amp; bowel problems","publisher":{"@id":"https:\/\/allaboutibs.com\/sk\/#organization"},"potentialAction":[{"@type":"SearchAction","target":{"@type":"EntryPoint","urlTemplate":"https:\/\/allaboutibs.com\/sk\/?s={search_term_string}"},"query-input":{"@type":"PropertyValueSpecification","valueRequired":true,"valueName":"search_term_string"}}],"inLanguage":"sk-SK"},{"@type":"Organization","@id":"https:\/\/allaboutibs.com\/sk\/#organization","name":"all about IBS","url":"https:\/\/allaboutibs.com\/sk\/","logo":{"@type":"ImageObject","inLanguage":"sk-SK","@id":"https:\/\/allaboutibs.com\/sk\/#\/schema\/logo\/image\/","url":"https:\/\/allaboutibs.com\/wp-content\/uploads\/2021\/02\/allaboutibs-favicon-en.png","contentUrl":"https:\/\/allaboutibs.com\/wp-content\/uploads\/2021\/02\/allaboutibs-favicon-en.png","width":512,"height":512,"caption":"all about IBS"},"image":{"@id":"https:\/\/allaboutibs.com\/sk\/#\/schema\/logo\/image\/"}}]}},"_links":{"self":[{"href":"https:\/\/allaboutibs.com\/sk\/wp-json\/wp\/v2\/pages\/38076","targetHints":{"allow":["GET"]}}],"collection":[{"href":"https:\/\/allaboutibs.com\/sk\/wp-json\/wp\/v2\/pages"}],"about":[{"href":"https:\/\/allaboutibs.com\/sk\/wp-json\/wp\/v2\/types\/page"}],"author":[{"embeddable":true,"href":"https:\/\/allaboutibs.com\/sk\/wp-json\/wp\/v2\/users\/10"}],"replies":[{"embeddable":true,"href":"https:\/\/allaboutibs.com\/sk\/wp-json\/wp\/v2\/comments?post=38076"}],"version-history":[{"count":1,"href":"https:\/\/allaboutibs.com\/sk\/wp-json\/wp\/v2\/pages\/38076\/revisions"}],"predecessor-version":[{"id":38516,"href":"https:\/\/allaboutibs.com\/sk\/wp-json\/wp\/v2\/pages\/38076\/revisions\/38516"}],"wp:attachment":[{"href":"https:\/\/allaboutibs.com\/sk\/wp-json\/wp\/v2\/media?parent=38076"}],"curies":[{"name":"wp","href":"https:\/\/api.w.org\/{rel}","templated":true}]}}