{"id":38058,"date":"2021-02-10T17:58:23","date_gmt":"2021-02-10T17:58:23","guid":{"rendered":"https:\/\/allaboutibs.com\/zoznam-fodmapov\/"},"modified":"2024-04-30T08:04:48","modified_gmt":"2024-04-30T08:04:48","slug":"zoznam-fodmapov","status":"publish","type":"page","link":"https:\/\/allaboutibs.com\/sk\/zoznam-fodmapov\/","title":{"rendered":"Zoznam FODMAPov"},"content":{"rendered":"<p>[et_pb_section fb_built=&#8220;1&#8243; _builder_version=&#8220;4.16&#8243; global_colors_info=&#8220;{}&#8220; theme_builder_area=&#8220;post_content&#8220; custom_padding=&#8220;26px|||||&#8220;][et_pb_row _builder_version=&#8220;4.24.2&#8243; _module_preset=&#8220;default&#8220; theme_builder_area=&#8220;post_content&#8220; width=&#8220;auto&#8220; max_width=&#8220;1280px&#8220; hover_enabled=&#8220;0&#8243; sticky_enabled=&#8220;0&#8243; custom_margin=&#8220;-8px|auto||auto||&#8220;][et_pb_column _builder_version=&#8220;4.24.2&#8243; _module_preset=&#8220;default&#8220; type=&#8220;4_4&#8243; theme_builder_area=&#8220;post_content&#8220;][et_pb_text _builder_version=&#8220;4.24.2&#8243; background_size=&#8220;initial&#8220; background_position=&#8220;top_left&#8220; background_repeat=&#8220;repeat&#8220; hover_enabled=&#8220;0&#8243; global_colors_info=&#8220;{}&#8220; theme_builder_area=&#8220;post_content&#8220; sticky_enabled=&#8220;0&#8243;]<\/p>\n<h1><strong>FODMAP: stiahnite si n\u00e1\u0161 zoznam FODMAPov<\/strong><\/h1>\n<p>[\/et_pb_text][et_pb_text _builder_version=&#8220;4.24.2&#8243; background_size=&#8220;initial&#8220; background_position=&#8220;top_left&#8220; background_repeat=&#8220;repeat&#8220; hover_enabled=&#8220;0&#8243; global_colors_info=&#8220;{}&#8220; theme_builder_area=&#8220;post_content&#8220; sticky_enabled=&#8220;0&#8243;]<\/p>\n<p>Po nap\u00edsan\u00ed \u010dl\u00e1nkov o FODMAPoch* sme na str\u00e1nke vsetkooibs.sk dostali nieko\u013eko ot\u00e1zok o tom, ako zisti\u0165, \u010di konzumujete potraviny, ktor\u00e9 obsahuj\u00fa ve\u013ea FODMAPov.<\/p>\n<p>[\/et_pb_text][\/et_pb_column][\/et_pb_row][et_pb_row _builder_version=&#8220;4.24.2&#8243; _module_preset=&#8220;default&#8220; theme_builder_area=&#8220;post_content&#8220; column_structure=&#8220;2_5,3_5&#8243; width=&#8220;auto&#8220; max_width=&#8220;1280px&#8220; hover_enabled=&#8220;0&#8243; sticky_enabled=&#8220;0&#8243;][et_pb_column _builder_version=&#8220;4.24.2&#8243; _module_preset=&#8220;default&#8220; type=&#8220;2_5&#8243; theme_builder_area=&#8220;post_content&#8220;][et_pb_image src=&#8220;https:\/\/allaboutibs.com\/wp-content\/uploads\/2023\/06\/edbe2b-scaled.jpg&#8220; _builder_version=&#8220;4.24.2&#8243; _module_preset=&#8220;default&#8220; theme_builder_area=&#8220;post_content&#8220; title_text=&#8220;edbe2b&#8220; alt=&#8220;Zemiak v tvare srdca.&#8220; hover_enabled=&#8220;0&#8243; sticky_enabled=&#8220;0&#8243;][\/et_pb_image][\/et_pb_column][et_pb_column _builder_version=&#8220;4.24.2&#8243; _module_preset=&#8220;default&#8220; type=&#8220;3_5&#8243; theme_builder_area=&#8220;post_content&#8220;][et_pb_text _builder_version=&#8220;4.24.2&#8243; background_size=&#8220;initial&#8220; background_position=&#8220;top_left&#8220; background_repeat=&#8220;repeat&#8220; hover_enabled=&#8220;0&#8243; global_colors_info=&#8220;{}&#8220; theme_builder_area=&#8220;post_content&#8220; sticky_enabled=&#8220;0&#8243;]<\/p>\n<p>Ka\u017ed\u00fd z n\u00e1s m\u00e1 in\u00e9 stravovacie n\u00e1vyky a m\u00f4\u017ee by\u0165 \u0165a\u017ek\u00e9 zisti\u0165, \u010di jedlo, ktor\u00e9 kozumujete, obsahuje ve\u013ea FODMAPov, alebo nie. Preto sme zostavili zoznam potrav\u00edn, kde sa dozviete, ak\u00fd je ich obsah FODMAPov. Tento zoznam v\u00e1m pom\u00f4\u017ee zisti\u0165, \u010di va\u0161a strava obsahuje pr\u00edli\u0161 ve\u013ek\u00e9 mno\u017estvo FODMAPov. Nepou\u017e\u00edvajte tento zoznam na vyl\u00fa\u010denie potrav\u00edn z jed\u00e1lni\u010dka a v\u017edy sa uistite, \u017ee m\u00e1te spr\u00e1vnu diagn\u00f3zu, ako aj odborn\u00e9 poradenstvo od lek\u00e1ra alebo dietol\u00f3ga.<\/p>\n<p>[\/et_pb_text][\/et_pb_column][\/et_pb_row][et_pb_row _builder_version=&#8220;4.24.2&#8243; _module_preset=&#8220;default&#8220; theme_builder_area=&#8220;post_content&#8220; width=&#8220;auto&#8220; max_width=&#8220;1280px&#8220; hover_enabled=&#8220;0&#8243; sticky_enabled=&#8220;0&#8243;][et_pb_column _builder_version=&#8220;4.24.2&#8243; _module_preset=&#8220;default&#8220; type=&#8220;4_4&#8243; theme_builder_area=&#8220;post_content&#8220;][et_pb_text _builder_version=&#8220;4.24.2&#8243; background_size=&#8220;initial&#8220; background_position=&#8220;top_left&#8220; background_repeat=&#8220;repeat&#8220; hover_enabled=&#8220;0&#8243; global_colors_info=&#8220;{}&#8220; theme_builder_area=&#8220;post_content&#8220; sticky_enabled=&#8220;0&#8243;]<\/p>\n<p>Zoznam je zadarmo, m\u00e1 dev\u00e4\u0165 str\u00e1n a je rozdelen\u00fd pod\u013ea r\u00f4znych kateg\u00f3ri\u00ed potrav\u00edn (ovocie, zelenina, mlie\u010dne v\u00fdrobky at\u010f.). Tu sa uv\u00e1dza, \u010di m\u00e1 potravina relat\u00edvne vysok\u00fd, stredn\u00fd alebo n\u00edzky obsah FODMAPov.<\/p>\n<p>Zoznam zatia\u013e neobsahuje \u00faplne v\u0161etky m\u00e4sov\u00e9 v\u00fdrobky, ale je priebe\u017ene aktualizovan\u00fd. M\u00e4sov\u00e9 v\u00fdrobky v\u0161ak be\u017ene neobsahuj\u00fa vysok\u00e9 mno\u017estvo FODMAPov v nespracovanej forme. Je to in\u00e9, ak s\u00fa obalen\u00e9 v str\u00fahanke, vypr\u00e1\u017ean\u00e9 alebo pripraven\u00e9 in\u00fdm sp\u00f4sobom. Potom mus\u00edte presk\u00fama\u0165, ktor\u00e9 ingrediencie boli pou\u017eit\u00e9 na ich pr\u00edpravu. Tieto inform\u00e1cie prid\u00e1me do zoznamu pri jeho aktualiz\u00e1cii.<br \/>Zoznam FODMAPov je vo form\u00e1te pdf a m\u00f4\u017eete si ho stiahnu\u0165 zadan\u00edm svojej e-mailovej adresy do po\u013ea ni\u017e\u0161ie. S\u00fabor vo form\u00e1te pdf sa potom odo\u0161le na v\u00e1\u0161 e-mail.<\/p>\n<p>Nedostali ste zoznam? Skontrolujte si prie\u010dinok so spamom, \u010di sa tam e-mail nedostal, inak n\u00e1s m\u00f4\u017eete kontaktova\u0165 a my v\u00e1m pom\u00f4\u017eeme.<\/p>\n<p>[\/et_pb_text][\/et_pb_column][\/et_pb_row][et_pb_row _builder_version=&#8220;4.24.2&#8243; background_size=&#8220;initial&#8220; background_position=&#8220;top_left&#8220; background_repeat=&#8220;repeat&#8220; hover_enabled=&#8220;0&#8243; global_colors_info=&#8220;{}&#8220; theme_builder_area=&#8220;post_content&#8220; width=&#8220;auto&#8220; max_width=&#8220;1280px&#8220; sticky_enabled=&#8220;0&#8243;][et_pb_column type=&#8220;4_4&#8243; _builder_version=&#8220;4.16&#8243; custom_padding=&#8220;|||&#8220; global_colors_info=&#8220;{}&#8220; custom_padding__hover=&#8220;|||&#8220; theme_builder_area=&#8220;post_content&#8220;][et_pb_heading title=&#8220;Enter your e-mail address to get the list for free&#8220; _builder_version=&#8220;4.24.2&#8243; _module_preset=&#8220;default&#8220; theme_builder_area=&#8220;post_content&#8220; hover_enabled=&#8220;0&#8243; sticky_enabled=&#8220;0&#8243;][\/et_pb_heading][et_pb_divider _builder_version=&#8220;4.16&#8243; _module_preset=&#8220;default&#8220; global_colors_info=&#8220;{}&#8220; theme_builder_area=&#8220;post_content&#8220;][\/et_pb_divider][wpforms_selector form_id=&#8220;38312&#8243; _builder_version=&#8220;4.24.2&#8243; _module_preset=&#8220;default&#8220; hover_enabled=&#8220;0&#8243; global_colors_info=&#8220;{}&#8220; theme_builder_area=&#8220;post_content&#8220; sticky_enabled=&#8220;0&#8243;][\/wpforms_selector][et_pb_text _builder_version=&#8220;4.24.2&#8243; _module_preset=&#8220;default&#8220; custom_padding=&#8220;0px|||||&#8220; hover_enabled=&#8220;0&#8243; global_colors_info=&#8220;{}&#8220; theme_builder_area=&#8220;post_content&#8220; sticky_enabled=&#8220;0&#8243;]<\/p>\n<p><strong> * \u010co s\u00fa to &#8222;FODMAPy&#8220;?<\/strong><\/p>\n<p>FODMAPy s\u00fa sacharidy s kr\u00e1tkymi cukrov\u00fdmi re\u0165azcami, ktor\u00e9 sa v \u010drev\u00e1ch absorbuj\u00fa \u0165a\u017e\u0161ie. Preto m\u00f4\u017eu bakt\u00e9rie vyu\u017ei\u0165 tieto sacharidy ako zdroj energie prostredn\u00edctvom ferment\u00e1cie (kvasn\u00e9ho procesu). V Austr\u00e1lii je pr\u00edjem takzvan\u00fdch FODMAPov (fermentovate\u013en\u00e9 oligosacharidy, di-sacharidy, monosacharidy a polyoly) ve\u013emi vysok\u00fd a tamoj\u0161\u00ed v\u00fdskum ned\u00e1vno uk\u00e1zal, \u017ee probl\u00e9my s IBS (syndr\u00f3m dr\u00e1\u017ediv\u00e9ho \u010dreva) mo\u017eno zmierni\u0165, ak sa zn\u00ed\u017ei mno\u017estvo FODMAPov v strave.<\/p>\n<p>[\/et_pb_text][\/et_pb_column][\/et_pb_row][\/et_pb_section]<\/p>\n","protected":false},"excerpt":{"rendered":"<p>FODMAP: stiahnite si n\u00e1\u0161 zoznam FODMAPovPo nap\u00edsan\u00ed \u010dl\u00e1nkov o FODMAPoch* sme na str\u00e1nke vsetkooibs.sk dostali nieko\u013eko ot\u00e1zok o tom, ako zisti\u0165, \u010di konzumujete potraviny, ktor\u00e9 obsahuj\u00fa ve\u013ea FODMAPov.Ka\u017ed\u00fd z n\u00e1s m\u00e1 in\u00e9 stravovacie n\u00e1vyky a m\u00f4\u017ee by\u0165 \u0165a\u017ek\u00e9 zisti\u0165, \u010di jedlo, ktor\u00e9 kozumujete, obsahuje ve\u013ea FODMAPov, alebo nie. Preto sme zostavili zoznam potrav\u00edn, kde sa [&hellip;]<\/p>\n","protected":false},"author":10,"featured_media":0,"parent":0,"menu_order":0,"comment_status":"closed","ping_status":"closed","template":"","meta":{"_et_pb_use_builder":"on","_et_pb_old_content":"","_et_gb_content_width":"","footnotes":""},"class_list":["post-38058","page","type-page","status-publish","hentry"],"yoast_head":"<!-- This site is optimized with the Yoast SEO plugin v27.5 - https:\/\/yoast.com\/product\/yoast-seo-wordpress\/ -->\n<title>Zoznam FODMAPov - all about IBS<\/title>\n<meta name=\"description\" content=\"N\u00e1\u0161 zoznam FODMAPov pon\u00fakame v\u00fdhradne na\u0161im registrovan\u00fdm pou\u017e\u00edvate\u013eom. Ako registrovan\u00fd pou\u017e\u00edvate\u013e dost\u00e1vate priebe\u017ene novinky, bulet\u00edny, in\u0161pir\u00e1cie, tipy a ponuky od vsetkooibs.sk priamo na v\u00e1\u0161 e-mail.\" \/>\n<meta name=\"robots\" content=\"index, follow, max-snippet:-1, max-image-preview:large, max-video-preview:-1\" \/>\n<link rel=\"canonical\" href=\"https:\/\/allaboutibs.com\/sk\/zoznam-fodmapov\/\" \/>\n<meta property=\"og:locale\" content=\"sk_SK\" \/>\n<meta property=\"og:type\" content=\"article\" \/>\n<meta property=\"og:title\" content=\"Zoznam FODMAPov - all about IBS\" \/>\n<meta property=\"og:description\" content=\"N\u00e1\u0161 zoznam FODMAPov pon\u00fakame v\u00fdhradne na\u0161im registrovan\u00fdm pou\u017e\u00edvate\u013eom. Ako registrovan\u00fd pou\u017e\u00edvate\u013e dost\u00e1vate priebe\u017ene novinky, bulet\u00edny, in\u0161pir\u00e1cie, tipy a ponuky od vsetkooibs.sk priamo na v\u00e1\u0161 e-mail.\" \/>\n<meta property=\"og:url\" content=\"https:\/\/allaboutibs.com\/sk\/zoznam-fodmapov\/\" \/>\n<meta property=\"og:site_name\" content=\"all about IBS\" \/>\n<meta property=\"article:modified_time\" content=\"2024-04-30T08:04:48+00:00\" \/>\n<meta name=\"twitter:card\" content=\"summary_large_image\" \/>\n<meta name=\"twitter:label1\" content=\"Predpokladan\u00fd \u010das \u010d\u00edtania\" \/>\n\t<meta name=\"twitter:data1\" content=\"4 min\u00faty\" \/>\n<script type=\"application\/ld+json\" class=\"yoast-schema-graph\">{\"@context\":\"https:\\\/\\\/schema.org\",\"@graph\":[{\"@type\":\"WebPage\",\"@id\":\"https:\\\/\\\/allaboutibs.com\\\/sk\\\/zoznam-fodmapov\\\/\",\"url\":\"https:\\\/\\\/allaboutibs.com\\\/sk\\\/zoznam-fodmapov\\\/\",\"name\":\"Zoznam FODMAPov - all about IBS\",\"isPartOf\":{\"@id\":\"https:\\\/\\\/allaboutibs.com\\\/sk\\\/#website\"},\"datePublished\":\"2021-02-10T17:58:23+00:00\",\"dateModified\":\"2024-04-30T08:04:48+00:00\",\"description\":\"N\u00e1\u0161 zoznam FODMAPov pon\u00fakame v\u00fdhradne na\u0161im registrovan\u00fdm pou\u017e\u00edvate\u013eom. Ako registrovan\u00fd pou\u017e\u00edvate\u013e dost\u00e1vate priebe\u017ene novinky, bulet\u00edny, in\u0161pir\u00e1cie, tipy a ponuky od vsetkooibs.sk priamo na v\u00e1\u0161 e-mail.\",\"breadcrumb\":{\"@id\":\"https:\\\/\\\/allaboutibs.com\\\/sk\\\/zoznam-fodmapov\\\/#breadcrumb\"},\"inLanguage\":\"sk-SK\",\"potentialAction\":[{\"@type\":\"ReadAction\",\"target\":[\"https:\\\/\\\/allaboutibs.com\\\/sk\\\/zoznam-fodmapov\\\/\"]}]},{\"@type\":\"BreadcrumbList\",\"@id\":\"https:\\\/\\\/allaboutibs.com\\\/sk\\\/zoznam-fodmapov\\\/#breadcrumb\",\"itemListElement\":[{\"@type\":\"ListItem\",\"position\":1,\"name\":\"Home\",\"item\":\"https:\\\/\\\/allaboutibs.com\\\/sk\\\/\"},{\"@type\":\"ListItem\",\"position\":2,\"name\":\"Zoznam FODMAPov\"}]},{\"@type\":\"WebSite\",\"@id\":\"https:\\\/\\\/allaboutibs.com\\\/sk\\\/#website\",\"url\":\"https:\\\/\\\/allaboutibs.com\\\/sk\\\/\",\"name\":\"all about IBS\",\"description\":\"All about IBS &amp; bowel problems\",\"publisher\":{\"@id\":\"https:\\\/\\\/allaboutibs.com\\\/sk\\\/#organization\"},\"potentialAction\":[{\"@type\":\"SearchAction\",\"target\":{\"@type\":\"EntryPoint\",\"urlTemplate\":\"https:\\\/\\\/allaboutibs.com\\\/sk\\\/?s={search_term_string}\"},\"query-input\":{\"@type\":\"PropertyValueSpecification\",\"valueRequired\":true,\"valueName\":\"search_term_string\"}}],\"inLanguage\":\"sk-SK\"},{\"@type\":\"Organization\",\"@id\":\"https:\\\/\\\/allaboutibs.com\\\/sk\\\/#organization\",\"name\":\"all about IBS\",\"url\":\"https:\\\/\\\/allaboutibs.com\\\/sk\\\/\",\"logo\":{\"@type\":\"ImageObject\",\"inLanguage\":\"sk-SK\",\"@id\":\"https:\\\/\\\/allaboutibs.com\\\/sk\\\/#\\\/schema\\\/logo\\\/image\\\/\",\"url\":\"https:\\\/\\\/allaboutibs.com\\\/wp-content\\\/uploads\\\/2021\\\/02\\\/allaboutibs-favicon-en.png\",\"contentUrl\":\"https:\\\/\\\/allaboutibs.com\\\/wp-content\\\/uploads\\\/2021\\\/02\\\/allaboutibs-favicon-en.png\",\"width\":512,\"height\":512,\"caption\":\"all about IBS\"},\"image\":{\"@id\":\"https:\\\/\\\/allaboutibs.com\\\/sk\\\/#\\\/schema\\\/logo\\\/image\\\/\"}}]}<\/script>\n<!-- \/ Yoast SEO plugin. -->","yoast_head_json":{"title":"Zoznam FODMAPov - all about IBS","description":"N\u00e1\u0161 zoznam FODMAPov pon\u00fakame v\u00fdhradne na\u0161im registrovan\u00fdm pou\u017e\u00edvate\u013eom. Ako registrovan\u00fd pou\u017e\u00edvate\u013e dost\u00e1vate priebe\u017ene novinky, bulet\u00edny, in\u0161pir\u00e1cie, tipy a ponuky od vsetkooibs.sk priamo na v\u00e1\u0161 e-mail.","robots":{"index":"index","follow":"follow","max-snippet":"max-snippet:-1","max-image-preview":"max-image-preview:large","max-video-preview":"max-video-preview:-1"},"canonical":"https:\/\/allaboutibs.com\/sk\/zoznam-fodmapov\/","og_locale":"sk_SK","og_type":"article","og_title":"Zoznam FODMAPov - all about IBS","og_description":"N\u00e1\u0161 zoznam FODMAPov pon\u00fakame v\u00fdhradne na\u0161im registrovan\u00fdm pou\u017e\u00edvate\u013eom. Ako registrovan\u00fd pou\u017e\u00edvate\u013e dost\u00e1vate priebe\u017ene novinky, bulet\u00edny, in\u0161pir\u00e1cie, tipy a ponuky od vsetkooibs.sk priamo na v\u00e1\u0161 e-mail.","og_url":"https:\/\/allaboutibs.com\/sk\/zoznam-fodmapov\/","og_site_name":"all about IBS","article_modified_time":"2024-04-30T08:04:48+00:00","twitter_card":"summary_large_image","twitter_misc":{"Predpokladan\u00fd \u010das \u010d\u00edtania":"4 min\u00faty"},"schema":{"@context":"https:\/\/schema.org","@graph":[{"@type":"WebPage","@id":"https:\/\/allaboutibs.com\/sk\/zoznam-fodmapov\/","url":"https:\/\/allaboutibs.com\/sk\/zoznam-fodmapov\/","name":"Zoznam FODMAPov - all about IBS","isPartOf":{"@id":"https:\/\/allaboutibs.com\/sk\/#website"},"datePublished":"2021-02-10T17:58:23+00:00","dateModified":"2024-04-30T08:04:48+00:00","description":"N\u00e1\u0161 zoznam FODMAPov pon\u00fakame v\u00fdhradne na\u0161im registrovan\u00fdm pou\u017e\u00edvate\u013eom. Ako registrovan\u00fd pou\u017e\u00edvate\u013e dost\u00e1vate priebe\u017ene novinky, bulet\u00edny, in\u0161pir\u00e1cie, tipy a ponuky od vsetkooibs.sk priamo na v\u00e1\u0161 e-mail.","breadcrumb":{"@id":"https:\/\/allaboutibs.com\/sk\/zoznam-fodmapov\/#breadcrumb"},"inLanguage":"sk-SK","potentialAction":[{"@type":"ReadAction","target":["https:\/\/allaboutibs.com\/sk\/zoznam-fodmapov\/"]}]},{"@type":"BreadcrumbList","@id":"https:\/\/allaboutibs.com\/sk\/zoznam-fodmapov\/#breadcrumb","itemListElement":[{"@type":"ListItem","position":1,"name":"Home","item":"https:\/\/allaboutibs.com\/sk\/"},{"@type":"ListItem","position":2,"name":"Zoznam FODMAPov"}]},{"@type":"WebSite","@id":"https:\/\/allaboutibs.com\/sk\/#website","url":"https:\/\/allaboutibs.com\/sk\/","name":"all about IBS","description":"All about IBS &amp; bowel problems","publisher":{"@id":"https:\/\/allaboutibs.com\/sk\/#organization"},"potentialAction":[{"@type":"SearchAction","target":{"@type":"EntryPoint","urlTemplate":"https:\/\/allaboutibs.com\/sk\/?s={search_term_string}"},"query-input":{"@type":"PropertyValueSpecification","valueRequired":true,"valueName":"search_term_string"}}],"inLanguage":"sk-SK"},{"@type":"Organization","@id":"https:\/\/allaboutibs.com\/sk\/#organization","name":"all about IBS","url":"https:\/\/allaboutibs.com\/sk\/","logo":{"@type":"ImageObject","inLanguage":"sk-SK","@id":"https:\/\/allaboutibs.com\/sk\/#\/schema\/logo\/image\/","url":"https:\/\/allaboutibs.com\/wp-content\/uploads\/2021\/02\/allaboutibs-favicon-en.png","contentUrl":"https:\/\/allaboutibs.com\/wp-content\/uploads\/2021\/02\/allaboutibs-favicon-en.png","width":512,"height":512,"caption":"all about IBS"},"image":{"@id":"https:\/\/allaboutibs.com\/sk\/#\/schema\/logo\/image\/"}}]}},"_links":{"self":[{"href":"https:\/\/allaboutibs.com\/sk\/wp-json\/wp\/v2\/pages\/38058","targetHints":{"allow":["GET"]}}],"collection":[{"href":"https:\/\/allaboutibs.com\/sk\/wp-json\/wp\/v2\/pages"}],"about":[{"href":"https:\/\/allaboutibs.com\/sk\/wp-json\/wp\/v2\/types\/page"}],"author":[{"embeddable":true,"href":"https:\/\/allaboutibs.com\/sk\/wp-json\/wp\/v2\/users\/10"}],"replies":[{"embeddable":true,"href":"https:\/\/allaboutibs.com\/sk\/wp-json\/wp\/v2\/comments?post=38058"}],"version-history":[{"count":15,"href":"https:\/\/allaboutibs.com\/sk\/wp-json\/wp\/v2\/pages\/38058\/revisions"}],"predecessor-version":[{"id":38853,"href":"https:\/\/allaboutibs.com\/sk\/wp-json\/wp\/v2\/pages\/38058\/revisions\/38853"}],"wp:attachment":[{"href":"https:\/\/allaboutibs.com\/sk\/wp-json\/wp\/v2\/media?parent=38058"}],"curies":[{"name":"wp","href":"https:\/\/api.w.org\/{rel}","templated":true}]}}