{"id":37989,"date":"2023-12-05T13:06:18","date_gmt":"2023-12-05T13:06:18","guid":{"rendered":"https:\/\/allaboutibs.com\/liecba\/"},"modified":"2024-03-07T12:43:10","modified_gmt":"2024-03-07T12:43:10","slug":"liecba","status":"publish","type":"page","link":"https:\/\/allaboutibs.com\/sk\/liecba\/","title":{"rendered":"LIE\u010cBA"},"content":{"rendered":"<p>[et_pb_section fb_built=&#8220;1&#8243; _builder_version=&#8220;4.23.1&#8243; _module_preset=&#8220;default&#8220; background_color=&#8220;#efefef&#8220; z_index=&#8220;1&#8243; custom_padding=&#8220;17px|||||&#8220; locked=&#8220;off&#8220; global_colors_info=&#8220;{}&#8220;][et_pb_row column_structure=&#8220;2_3,1_3&#8243; use_custom_gutter=&#8220;on&#8220; _builder_version=&#8220;4.23.1&#8243; _module_preset=&#8220;default&#8220; width=&#8220;100%&#8220; max_width=&#8220;1280px&#8220; custom_padding=&#8220;12px|10px||10px|false|false&#8220; global_colors_info=&#8220;{}&#8220;][et_pb_column type=&#8220;2_3&#8243; _builder_version=&#8220;4.23.1&#8243; _module_preset=&#8220;default&#8220; global_colors_info=&#8220;{}&#8220;][et_pb_text _builder_version=&#8220;4.23.1&#8243; _module_preset=&#8220;default&#8220; header_text_align=&#8220;center&#8220; header_text_color=&#8220;#000000&#8243; header_font_size=&#8220;40px&#8220; custom_margin=&#8220;||0px|||&#8220; global_colors_info=&#8220;{}&#8220;]<\/p>\n<h1>LIE\u010cBA<\/h1>\n<p>[\/et_pb_text][et_pb_divider color=&#8220;#000000&#8243; divider_position=&#8220;center&#8220; divider_weight=&#8220;2px&#8220; _builder_version=&#8220;4.23.1&#8243; _module_preset=&#8220;default&#8220; global_colors_info=&#8220;{}&#8220;][\/et_pb_divider][et_pb_text ul_item_indent=&#8220;42px&#8220; _builder_version=&#8220;4.23.1&#8243; _module_preset=&#8220;default&#8220; text_font=&#8220;||||||||&#8220; text_text_color=&#8220;#3e5062&#8243; text_font_size=&#8220;20px&#8220; background_color=&#8220;#ffffff&#8220; custom_padding=&#8220;20px|20px|20px|20px|true|true&#8220; border_radii=&#8220;on|15px|15px|15px|15px&#8220; box_shadow_style=&#8220;preset1&#8243; box_shadow_vertical=&#8220;0px&#8220; box_shadow_blur=&#8220;10px&#8220; box_shadow_color=&#8220;rgba(0,0,0,0.1)&#8220; global_colors_info=&#8220;{}&#8220;]<\/p>\n<p>IBS je chronick\u00e9 ochorenie, ktor\u00e9 sa opakuje, a v s\u00fa\u010dasnosti na\u0148 neexistuje \u00fa\u010dinn\u00fd liek. Preto sa r\u00f4znymi sp\u00f4sobmi pok\u00fa\u0161ame zmierni\u0165 \u0161pecifick\u00e9 pr\u00edznaky, ako je nad\u00favanie, plynatos\u0165, hna\u010dka alebo z\u00e1pcha. Pacienti sa \u010dasto m\u00f4\u017eu pok\u00fasi\u0165 upravi\u0165 aj svoj jed\u00e1lni\u010dek, aby zistili, \u010di niektor\u00e9 potraviny nezhor\u0161uj\u00fa pr\u00edznaky. Tu n\u00e1jdete nieko\u013eko tipov, ako zmierni\u0165 pr\u00edznaky.<\/p>\n<p>[\/et_pb_text][et_pb_post_slider posts_number=&#8220;0&#8243; include_categories=&#8220;5&#8243; show_arrows=&#8220;off&#8220; show_pagination=&#8220;off&#8220; use_manual_excerpt=&#8220;off&#8220; show_meta=&#8220;off&#8220; use_text_overlay=&#8220;on&#8220; admin_label=&#8220;Post Slider&#8220; _builder_version=&#8220;4.23.1&#8243; custom_button=&#8220;on&#8220; button_text_color=&#8220;#ff8373&#8243; button_bg_color=&#8220;rgba(0,0,0,0.21)&#8220; button_alignment=&#8220;center&#8220; border_radii=&#8220;on|15px|15px|15px|15px&#8220; box_shadow_style=&#8220;preset1&#8243; box_shadow_vertical=&#8220;0px&#8220; box_shadow_blur=&#8220;10px&#8220; box_shadow_color=&#8220;rgba(0,0,0,0.1)&#8220; locked=&#8220;off&#8220; global_colors_info=&#8220;{}&#8220;][\/et_pb_post_slider][et_pb_code _builder_version=&#8220;4.23.1&#8243; text_orientation=&#8220;center&#8220; width=&#8220;100%&#8220; max_width=&#8220;100%&#8220; module_alignment=&#8220;center&#8220; custom_padding=&#8220;|10px||||&#8220; locked=&#8220;off&#8220; global_colors_info=&#8220;{}&#8220; height__hover_enabled=&#8220;off|desktop&#8220;]<div class=\"g g-2\"><div class=\"g-single a-5\"><a data-track=\"NSwyLDYw\" id=\"annons\" class=\"annons gofollow\" href=\"https:\/\/allaboutibs.com\/training-and-ibs\/\" \" target=\"_blank\" rel=\"nofollow\">\r\n<span class=\"annonstext\"><font style=\"vertical-align: inherit;\"><font style=\"vertical-align: inherit;\">LINK TO ARTICLE<\/font><\/font><\/span>\r\n<img decoding=\"async\" data-src=\"https:\/\/allaboutibs.com\/wp-content\/uploads\/2023\/03\/728x90-Training_How-to-avoid.jpg\" src=\"data:image\/svg+xml;base64,PHN2ZyB3aWR0aD0iMSIgaGVpZ2h0PSIxIiB4bWxucz0iaHR0cDovL3d3dy53My5vcmcvMjAwMC9zdmciPjwvc3ZnPg==\" class=\"lazyload\" style=\"--smush-placeholder-width: 728px; --smush-placeholder-aspect-ratio: 728\/90;\" \/>\r\n<\/a><\/div><\/div>[\/et_pb_code][et_pb_blog fullwidth=&#8220;off&#8220; include_categories=&#8220;5&#8243; excerpt_length=&#8220;200&#8243; show_more=&#8220;on&#8220; show_author=&#8220;off&#8220; show_date=&#8220;off&#8220; show_categories=&#8220;off&#8220; _builder_version=&#8220;4.23.1&#8243; body_text_color=&#8220;#&#8220; read_more_font=&#8220;|800||on|||||&#8220; read_more_text_color=&#8220;#ff8873&#8243; read_more_font_size=&#8220;16px&#8220; read_more_letter_spacing=&#8220;1px&#8220; read_more_line_height=&#8220;2em&#8220; border_radii=&#8220;on|15px|15px|15px|15px&#8220; box_shadow_style=&#8220;preset1&#8243; box_shadow_vertical=&#8220;0px&#8220; box_shadow_blur=&#8220;10px&#8220; box_shadow_color=&#8220;rgba(0,0,0,0.1)&#8220; locked=&#8220;off&#8220; global_colors_info=&#8220;{}&#8220;][\/et_pb_blog][\/et_pb_column][et_pb_column type=&#8220;1_3&#8243; _builder_version=&#8220;4.23.1&#8243; _module_preset=&#8220;default&#8220; global_colors_info=&#8220;{}&#8220;][et_pb_image src=&#8220;https:\/\/allaboutibs.com\/wp-content\/uploads\/2024\/02\/Want-to-know-more-about-IBS-2.png&#8220; alt=&#8220;Op\u00fdtajte sa ot\u00e1zku&#8220; title_text=&#8220;Chcete sa dozvedie\u0165 viac o IBS&#8220; _builder_version=&#8220;4.24.2&#8243; _module_preset=&#8220;default&#8220; max_width=&#8220;90%&#8220; module_alignment=&#8220;center&#8220; hover_enabled=&#8220;0&#8243; border_radii=&#8220;on|10px|10px|10px|10px&#8220; global_colors_info=&#8220;{}&#8220; url=&#8220;https:\/\/allaboutibs.com\/sk\/polozit-otazku\/&#8220; sticky_enabled=&#8220;0&#8243;][\/et_pb_image][et_pb_code _builder_version=&#8220;4.23.1&#8243; _module_preset=&#8220;default&#8220; text_orientation=&#8220;center&#8220; global_colors_info=&#8220;{}&#8220;]<!-- Either there are no banners, they are disabled or none qualified for this location! -->[\/et_pb_code][et_pb_sidebar _builder_version=&#8220;4.23.1&#8243; _module_preset=&#8220;default&#8220; max_width=&#8220;100%&#8220; module_alignment=&#8220;center&#8220; custom_padding=&#8220;|15px||15px|false|false&#8220; border_color_all=&#8220;RGBA(255,255,255,0)&#8220; global_colors_info=&#8220;{}&#8220;][\/et_pb_sidebar][et_pb_code _builder_version=&#8220;4.23.1&#8243; _module_preset=&#8220;default&#8220; text_orientation=&#8220;center&#8220; global_colors_info=&#8220;{}&#8220;]<!-- Either there are no banners, they are disabled or none qualified for this location! -->[\/et_pb_code][\/et_pb_column][\/et_pb_row][\/et_pb_section]<\/p>\n","protected":false},"excerpt":{"rendered":"<p>LIE\u010cBAIBS je chronick\u00e9 ochorenie, ktor\u00e9 sa opakuje, a v s\u00fa\u010dasnosti na\u0148 neexistuje \u00fa\u010dinn\u00fd liek. Preto sa r\u00f4znymi sp\u00f4sobmi pok\u00fa\u0161ame zmierni\u0165 \u0161pecifick\u00e9 pr\u00edznaky, ako je nad\u00favanie, plynatos\u0165, hna\u010dka alebo z\u00e1pcha. Pacienti sa \u010dasto m\u00f4\u017eu pok\u00fasi\u0165 upravi\u0165 aj svoj jed\u00e1lni\u010dek, aby zistili, \u010di niektor\u00e9 potraviny nezhor\u0161uj\u00fa pr\u00edznaky. Tu n\u00e1jdete nieko\u013eko tipov, ako zmierni\u0165 pr\u00edznaky.<div class=\"g g-2\"><div class=\"g-single a-5\"><a data-track=\"NSwyLDYw\" id=\"annons\" class=\"annons gofollow\" href=\"https:\/\/allaboutibs.com\/training-and-ibs\/\" \" target=\"_blank\" rel=\"nofollow\">\r\n<span class=\"annonstext\"><font style=\"vertical-align: inherit;\"><font style=\"vertical-align: inherit;\">LINK TO ARTICLE<\/font><\/font><\/span>\r\n<img decoding=\"async\" data-src=\"https:\/\/allaboutibs.com\/wp-content\/uploads\/2023\/03\/728x90-Training_How-to-avoid.jpg\" src=\"data:image\/svg+xml;base64,PHN2ZyB3aWR0aD0iMSIgaGVpZ2h0PSIxIiB4bWxucz0iaHR0cDovL3d3dy53My5vcmcvMjAwMC9zdmciPjwvc3ZnPg==\" class=\"lazyload\" style=\"--smush-placeholder-width: 728px; --smush-placeholder-aspect-ratio: 728\/90;\" \/>\r\n<\/a><\/div><\/div><!-- Either there are no banners, they are disabled or none qualified for this location! --><!-- Either there are no banners, they are disabled or none qualified for this location! --><\/p>\n","protected":false},"author":2,"featured_media":0,"parent":0,"menu_order":0,"comment_status":"closed","ping_status":"closed","template":"","meta":{"_et_pb_use_builder":"on","_et_pb_old_content":"","_et_gb_content_width":"","footnotes":""},"class_list":["post-37989","page","type-page","status-publish","hentry"],"yoast_head":"<!-- This site is optimized with the Yoast SEO plugin v27.4 - https:\/\/yoast.com\/product\/yoast-seo-wordpress\/ -->\n<title>LIE\u010cBA - all about IBS<\/title>\n<meta name=\"description\" content=\"IBS je chronick\u00e9 ochorenie, ktor\u00e9 sa opakuje, a v s\u00fa\u010dasnosti na\u0148 neexistuje \u00fa\u010dinn\u00fd liek. Cie\u013eom lie\u010dby IBS je zmierni\u0165 \u0161pecifick\u00e9 pr\u00edznaky.\" \/>\n<meta name=\"robots\" content=\"index, follow, max-snippet:-1, max-image-preview:large, max-video-preview:-1\" \/>\n<link rel=\"canonical\" href=\"https:\/\/allaboutibs.com\/sk\/liecba\/\" \/>\n<meta property=\"og:locale\" content=\"sk_SK\" \/>\n<meta property=\"og:type\" content=\"article\" \/>\n<meta property=\"og:title\" content=\"LIE\u010cBA - all about IBS\" \/>\n<meta property=\"og:description\" content=\"IBS je chronick\u00e9 ochorenie, ktor\u00e9 sa opakuje, a v s\u00fa\u010dasnosti na\u0148 neexistuje \u00fa\u010dinn\u00fd liek. Cie\u013eom lie\u010dby IBS je zmierni\u0165 \u0161pecifick\u00e9 pr\u00edznaky.\" \/>\n<meta property=\"og:url\" content=\"https:\/\/allaboutibs.com\/sk\/liecba\/\" \/>\n<meta property=\"og:site_name\" content=\"all about IBS\" \/>\n<meta property=\"article:modified_time\" content=\"2024-03-07T12:43:10+00:00\" \/>\n<meta name=\"twitter:card\" content=\"summary_large_image\" \/>\n<meta name=\"twitter:label1\" content=\"Predpokladan\u00fd \u010das \u010d\u00edtania\" \/>\n\t<meta name=\"twitter:data1\" content=\"3 min\u00faty\" \/>\n<script type=\"application\/ld+json\" class=\"yoast-schema-graph\">{\"@context\":\"https:\\\/\\\/schema.org\",\"@graph\":[{\"@type\":\"WebPage\",\"@id\":\"https:\\\/\\\/allaboutibs.com\\\/sk\\\/liecba\\\/\",\"url\":\"https:\\\/\\\/allaboutibs.com\\\/sk\\\/liecba\\\/\",\"name\":\"LIE\u010cBA - all about IBS\",\"isPartOf\":{\"@id\":\"https:\\\/\\\/allaboutibs.com\\\/sk\\\/#website\"},\"datePublished\":\"2023-12-05T13:06:18+00:00\",\"dateModified\":\"2024-03-07T12:43:10+00:00\",\"description\":\"IBS je chronick\u00e9 ochorenie, ktor\u00e9 sa opakuje, a v s\u00fa\u010dasnosti na\u0148 neexistuje \u00fa\u010dinn\u00fd liek. Cie\u013eom lie\u010dby IBS je zmierni\u0165 \u0161pecifick\u00e9 pr\u00edznaky.\",\"breadcrumb\":{\"@id\":\"https:\\\/\\\/allaboutibs.com\\\/sk\\\/liecba\\\/#breadcrumb\"},\"inLanguage\":\"sk-SK\",\"potentialAction\":[{\"@type\":\"ReadAction\",\"target\":[\"https:\\\/\\\/allaboutibs.com\\\/sk\\\/liecba\\\/\"]}]},{\"@type\":\"BreadcrumbList\",\"@id\":\"https:\\\/\\\/allaboutibs.com\\\/sk\\\/liecba\\\/#breadcrumb\",\"itemListElement\":[{\"@type\":\"ListItem\",\"position\":1,\"name\":\"Home\",\"item\":\"https:\\\/\\\/allaboutibs.com\\\/sk\\\/\"},{\"@type\":\"ListItem\",\"position\":2,\"name\":\"LIE\u010cBA\"}]},{\"@type\":\"WebSite\",\"@id\":\"https:\\\/\\\/allaboutibs.com\\\/sk\\\/#website\",\"url\":\"https:\\\/\\\/allaboutibs.com\\\/sk\\\/\",\"name\":\"all about IBS\",\"description\":\"All about IBS &amp; bowel problems\",\"publisher\":{\"@id\":\"https:\\\/\\\/allaboutibs.com\\\/sk\\\/#organization\"},\"potentialAction\":[{\"@type\":\"SearchAction\",\"target\":{\"@type\":\"EntryPoint\",\"urlTemplate\":\"https:\\\/\\\/allaboutibs.com\\\/sk\\\/?s={search_term_string}\"},\"query-input\":{\"@type\":\"PropertyValueSpecification\",\"valueRequired\":true,\"valueName\":\"search_term_string\"}}],\"inLanguage\":\"sk-SK\"},{\"@type\":\"Organization\",\"@id\":\"https:\\\/\\\/allaboutibs.com\\\/sk\\\/#organization\",\"name\":\"all about IBS\",\"url\":\"https:\\\/\\\/allaboutibs.com\\\/sk\\\/\",\"logo\":{\"@type\":\"ImageObject\",\"inLanguage\":\"sk-SK\",\"@id\":\"https:\\\/\\\/allaboutibs.com\\\/sk\\\/#\\\/schema\\\/logo\\\/image\\\/\",\"url\":\"https:\\\/\\\/allaboutibs.com\\\/wp-content\\\/uploads\\\/2021\\\/02\\\/allaboutibs-favicon-en.png\",\"contentUrl\":\"https:\\\/\\\/allaboutibs.com\\\/wp-content\\\/uploads\\\/2021\\\/02\\\/allaboutibs-favicon-en.png\",\"width\":512,\"height\":512,\"caption\":\"all about IBS\"},\"image\":{\"@id\":\"https:\\\/\\\/allaboutibs.com\\\/sk\\\/#\\\/schema\\\/logo\\\/image\\\/\"}}]}<\/script>\n<!-- \/ Yoast SEO plugin. -->","yoast_head_json":{"title":"LIE\u010cBA - all about IBS","description":"IBS je chronick\u00e9 ochorenie, ktor\u00e9 sa opakuje, a v s\u00fa\u010dasnosti na\u0148 neexistuje \u00fa\u010dinn\u00fd liek. Cie\u013eom lie\u010dby IBS je zmierni\u0165 \u0161pecifick\u00e9 pr\u00edznaky.","robots":{"index":"index","follow":"follow","max-snippet":"max-snippet:-1","max-image-preview":"max-image-preview:large","max-video-preview":"max-video-preview:-1"},"canonical":"https:\/\/allaboutibs.com\/sk\/liecba\/","og_locale":"sk_SK","og_type":"article","og_title":"LIE\u010cBA - all about IBS","og_description":"IBS je chronick\u00e9 ochorenie, ktor\u00e9 sa opakuje, a v s\u00fa\u010dasnosti na\u0148 neexistuje \u00fa\u010dinn\u00fd liek. Cie\u013eom lie\u010dby IBS je zmierni\u0165 \u0161pecifick\u00e9 pr\u00edznaky.","og_url":"https:\/\/allaboutibs.com\/sk\/liecba\/","og_site_name":"all about IBS","article_modified_time":"2024-03-07T12:43:10+00:00","twitter_card":"summary_large_image","twitter_misc":{"Predpokladan\u00fd \u010das \u010d\u00edtania":"3 min\u00faty"},"schema":{"@context":"https:\/\/schema.org","@graph":[{"@type":"WebPage","@id":"https:\/\/allaboutibs.com\/sk\/liecba\/","url":"https:\/\/allaboutibs.com\/sk\/liecba\/","name":"LIE\u010cBA - all about IBS","isPartOf":{"@id":"https:\/\/allaboutibs.com\/sk\/#website"},"datePublished":"2023-12-05T13:06:18+00:00","dateModified":"2024-03-07T12:43:10+00:00","description":"IBS je chronick\u00e9 ochorenie, ktor\u00e9 sa opakuje, a v s\u00fa\u010dasnosti na\u0148 neexistuje \u00fa\u010dinn\u00fd liek. Cie\u013eom lie\u010dby IBS je zmierni\u0165 \u0161pecifick\u00e9 pr\u00edznaky.","breadcrumb":{"@id":"https:\/\/allaboutibs.com\/sk\/liecba\/#breadcrumb"},"inLanguage":"sk-SK","potentialAction":[{"@type":"ReadAction","target":["https:\/\/allaboutibs.com\/sk\/liecba\/"]}]},{"@type":"BreadcrumbList","@id":"https:\/\/allaboutibs.com\/sk\/liecba\/#breadcrumb","itemListElement":[{"@type":"ListItem","position":1,"name":"Home","item":"https:\/\/allaboutibs.com\/sk\/"},{"@type":"ListItem","position":2,"name":"LIE\u010cBA"}]},{"@type":"WebSite","@id":"https:\/\/allaboutibs.com\/sk\/#website","url":"https:\/\/allaboutibs.com\/sk\/","name":"all about IBS","description":"All about IBS &amp; bowel problems","publisher":{"@id":"https:\/\/allaboutibs.com\/sk\/#organization"},"potentialAction":[{"@type":"SearchAction","target":{"@type":"EntryPoint","urlTemplate":"https:\/\/allaboutibs.com\/sk\/?s={search_term_string}"},"query-input":{"@type":"PropertyValueSpecification","valueRequired":true,"valueName":"search_term_string"}}],"inLanguage":"sk-SK"},{"@type":"Organization","@id":"https:\/\/allaboutibs.com\/sk\/#organization","name":"all about IBS","url":"https:\/\/allaboutibs.com\/sk\/","logo":{"@type":"ImageObject","inLanguage":"sk-SK","@id":"https:\/\/allaboutibs.com\/sk\/#\/schema\/logo\/image\/","url":"https:\/\/allaboutibs.com\/wp-content\/uploads\/2021\/02\/allaboutibs-favicon-en.png","contentUrl":"https:\/\/allaboutibs.com\/wp-content\/uploads\/2021\/02\/allaboutibs-favicon-en.png","width":512,"height":512,"caption":"all about IBS"},"image":{"@id":"https:\/\/allaboutibs.com\/sk\/#\/schema\/logo\/image\/"}}]}},"_links":{"self":[{"href":"https:\/\/allaboutibs.com\/sk\/wp-json\/wp\/v2\/pages\/37989","targetHints":{"allow":["GET"]}}],"collection":[{"href":"https:\/\/allaboutibs.com\/sk\/wp-json\/wp\/v2\/pages"}],"about":[{"href":"https:\/\/allaboutibs.com\/sk\/wp-json\/wp\/v2\/types\/page"}],"author":[{"embeddable":true,"href":"https:\/\/allaboutibs.com\/sk\/wp-json\/wp\/v2\/users\/2"}],"replies":[{"embeddable":true,"href":"https:\/\/allaboutibs.com\/sk\/wp-json\/wp\/v2\/comments?post=37989"}],"version-history":[{"count":16,"href":"https:\/\/allaboutibs.com\/sk\/wp-json\/wp\/v2\/pages\/37989\/revisions"}],"predecessor-version":[{"id":38339,"href":"https:\/\/allaboutibs.com\/sk\/wp-json\/wp\/v2\/pages\/37989\/revisions\/38339"}],"wp:attachment":[{"href":"https:\/\/allaboutibs.com\/sk\/wp-json\/wp\/v2\/media?parent=37989"}],"curies":[{"name":"wp","href":"https:\/\/api.w.org\/{rel}","templated":true}]}}