{"id":37957,"date":"2023-12-05T13:32:17","date_gmt":"2023-12-05T13:32:17","guid":{"rendered":"https:\/\/allaboutibs.com\/vsetko-o-ibs\/"},"modified":"2024-07-09T20:23:54","modified_gmt":"2024-07-09T20:23:54","slug":"vsetko-o-ibs","status":"publish","type":"page","link":"https:\/\/allaboutibs.com\/sk\/","title":{"rendered":"V\u0160ETKO O IBS"},"content":{"rendered":"<p>[et_pb_section fb_built=&#8220;1&#8243; admin_label=&#8220;Sekcia&#8220; _builder_version=&#8220;4.23.1&#8243; _module_preset=&#8220;default&#8220; background_color=&#8220;#efefef&#8220; z_index=&#8220;1&#8243; custom_padding=&#8220;17px|||||&#8220; locked=&#8220;off&#8220; global_colors_info=&#8220;{}&#8220;][et_pb_row column_structure=&#8220;3_5,2_5&#8243; use_custom_gutter=&#8220;on&#8220; _builder_version=&#8220;4.23.1&#8243; _module_preset=&#8220;default&#8220; width=&#8220;100%&#8220; max_width=&#8220;1280px&#8220; custom_padding=&#8220;12px|10px||10px|false|false&#8220; global_colors_info=&#8220;{}&#8220;][et_pb_column type=&#8220;3_5&#8243; _builder_version=&#8220;4.23.1&#8243; _module_preset=&#8220;default&#8220; global_colors_info=&#8220;{}&#8220;][et_pb_text ul_item_indent=&#8220;42px&#8220; _builder_version=&#8220;4.25.1&#8243; _module_preset=&#8220;default&#8220; text_font=&#8220;||||||||&#8220; text_text_color=&#8220;#3e5062&#8243; text_font_size=&#8220;20px&#8220; header_font=&#8220;|800|||||||&#8220; header_text_align=&#8220;center&#8220; header_text_color=&#8220;#3e5062&#8243; header_font_size=&#8220;41px&#8220; background_color=&#8220;#ffffff&#8220; custom_padding=&#8220;20px|20px|20px|20px|true|true&#8220; hover_enabled=&#8220;0&#8243; border_radii=&#8220;on|15px|15px|15px|15px&#8220; border_width_all=&#8220;1px&#8220; box_shadow_style=&#8220;preset1&#8243; box_shadow_vertical=&#8220;0px&#8220; box_shadow_blur=&#8220;10px&#8220; box_shadow_color=&#8220;rgba(0,0,0,0.1)&#8220; global_colors_info=&#8220;{}&#8220; sticky_enabled=&#8220;0&#8243;]<\/p>\n<h1>\u010co je to IBS?<\/h1>\n<p><strong>IBS<\/strong> alebo <strong>syndr\u00f3m dr\u00e1\u017ediv\u00e9ho \u010dreva je jedn\u00fdm<\/strong> z naj\u010dastej\u0161ie sa vyskytuj\u00facich ochoren\u00ed na svete.<\/p>\n<p>Odhaduje sa, \u017ee pribli\u017ene 1 z 10 \u013eud\u00ed m\u00e1 opakuj\u00face sa probl\u00e9my spojen\u00e9 so syndr\u00f3mom dr\u00e1\u017ediv\u00e9ho \u010dreva. IBS je s\u00fahrnn\u00fd term\u00edn pre v\u00e4\u010d\u0161iu skupinu ochoren\u00ed tr\u00e1viaceho traktu naz\u00fdvan\u00fdch <span style=\"text-decoration: underline;\">funk\u010dn\u00e9 gastrointestin\u00e1lne poruchy<\/span>. O nie\u010do \u010dastej\u0161ie sa vyskytuje u \u017eien a postihuje aj mlad\u00fdch a akt\u00edvnych \u013eud\u00ed. Napriek tomu, \u017ee IBS je ve\u013emi roz\u0161\u00edren\u00fd syndr\u00f3m, o pr\u00ed\u010din\u00e1ch, pre\u010do n\u00edm niektor\u00ed \u013eudia trpia, sa vie len ve\u013emi m\u00e1lo.<\/p>\n<p>Na str\u00e1nke V\u0161etko o IBS si m\u00f4\u017eete pre\u010d\u00edta\u0165 viac o typick\u00fdch pr\u00edznakoch a pr\u00ed\u010din\u00e1ch IBS, ako aj o s\u00fa\u010dasn\u00fdch mo\u017enostiach lie\u010dby. <a href=\"https:\/\/allaboutibs.com\/sk\/co-je-to-ibs-syndrom-drazdiveho-creva\/\">\u010eal\u0161ie inform\u00e1cie o IBS.<\/a><\/p>\n<p>[\/et_pb_text][et_pb_code _builder_version=&#8220;4.25.1&#8243; text_orientation=&#8220;center&#8220; width=&#8220;100%&#8220; max_width=&#8220;100%&#8220; module_alignment=&#8220;center&#8220; custom_padding=&#8220;|10px||||&#8220; hover_enabled=&#8220;0&#8243; locked=&#8220;off&#8220; global_colors_info=&#8220;{}&#8220; height__hover_enabled=&#8220;off|desktop&#8220; sticky_enabled=&#8220;0&#8243;]<div class=\"a-single a-10\"><a data-track=\"MTAsMCw2MA==\" id=\"annons\" class=\"annons gofollow\" href=\"https:\/\/www.drmax.sk\/proibs\" target=\"_blank\" rel=\"nofollow\">\r\n<span class=\"annonstext\"><font style=\"vertical-align: inherit;\"><font style=\"vertical-align: inherit;\">REKLAMA<\/font><\/font><\/span>\r\n<img decoding=\"async\" data-src=\"https:\/\/allaboutibs.com\/wp-content\/uploads\/2024\/03\/Ad-728-x-90-PROIBS-SK.gif\" src=\"data:image\/svg+xml;base64,PHN2ZyB3aWR0aD0iMSIgaGVpZ2h0PSIxIiB4bWxucz0iaHR0cDovL3d3dy53My5vcmcvMjAwMC9zdmciPjwvc3ZnPg==\" class=\"lazyload\" style=\"--smush-placeholder-width: 728px; --smush-placeholder-aspect-ratio: 728\/90;\" \/>\r\n<\/a><\/div>[\/et_pb_code][\/et_pb_column][et_pb_column type=&#8220;2_5&#8243; _builder_version=&#8220;4.23.1&#8243; _module_preset=&#8220;default&#8220; global_colors_info=&#8220;{}&#8220;][et_pb_post_slider posts_number=&#8220;1&#8243; include_categories=&#8220;all&#8220; show_arrows=&#8220;off&#8220; show_pagination=&#8220;off&#8220; excerpt_length=&#8220;150&#8243; show_meta=&#8220;off&#8220; use_bg_overlay=&#8220;off&#8220; use_text_overlay=&#8220;on&#8220; text_overlay_color=&#8220;rgba(0,0,0,0.54)&#8220; _builder_version=&#8220;4.23.1&#8243; _module_preset=&#8220;default&#8220; header_font=&#8220;|700||on|||||&#8220; body_font_size=&#8220;17px&#8220; custom_button=&#8220;on&#8220; button_border_width=&#8220;0px&#8220; width=&#8220;100%&#8220; min_height=&#8220;100%&#8220; height=&#8220;566px&#8220; max_height=&#8220;100%&#8220; custom_padding=&#8220;|0px||0px|false|false&#8220; header_text_shadow_style=&#8220;preset1&#8243; border_radii=&#8220;on|15px|15px|15px|15px&#8220; global_colors_info=&#8220;{}&#8220;][\/et_pb_post_slider][\/et_pb_column][\/et_pb_row][et_pb_row column_structure=&#8220;3_4,1_4&#8243; use_custom_gutter=&#8220;on&#8220; _builder_version=&#8220;4.23.1&#8243; _module_preset=&#8220;default&#8220; width=&#8220;100%&#8220; max_width=&#8220;1280px&#8220; custom_padding=&#8220;12px|10px||10px|false|false&#8220; global_colors_info=&#8220;{}&#8220;][et_pb_column type=&#8220;3_4&#8243; _builder_version=&#8220;4.23.1&#8243; _module_preset=&#8220;default&#8220; global_colors_info=&#8220;{}&#8220;][et_pb_blog fullwidth=&#8220;off&#8220; include_categories=&#8220;all&#8220; excerpt_length=&#8220;150&#8243; show_more=&#8220;on&#8220; show_author=&#8220;off&#8220; show_date=&#8220;off&#8220; show_categories=&#8220;off&#8220; _builder_version=&#8220;4.24.2&#8243; header_level=&#8220;h1&#8243; header_font=&#8220;|600|||||||&#8220; header_text_color=&#8220;#3e5062&#8243; header_font_size=&#8220;8px&#8220; body_text_color=&#8220;#&#8220; read_more_font=&#8220;|600||on|||||&#8220; read_more_text_color=&#8220;#ff8873&#8243; read_more_font_size=&#8220;16px&#8220; read_more_letter_spacing=&#8220;1px&#8220; read_more_line_height=&#8220;2em&#8220; background_color=&#8220;RGBA(255,255,255,0)&#8220; custom_css_main_element=&#8220;||||&#8220; border_radii=&#8220;on|10px|10px|10px|10px&#8220; border_color_all_fullwidth=&#8220;RGBA(255,255,255,0)&#8220; locked=&#8220;off&#8220; global_colors_info=&#8220;{}&#8220; custom_css_main_element_last_edited=&#8220;off|phone&#8220; custom_css_main_element_tablet=&#8220;column-count: 3;||column-gap: 20px;||||&#8220;][\/et_pb_blog][\/et_pb_column][et_pb_column type=&#8220;1_4&#8243; _builder_version=&#8220;4.23.1&#8243; _module_preset=&#8220;default&#8220; global_colors_info=&#8220;{}&#8220;][et_pb_code _builder_version=&#8220;4.25.1&#8243; _module_preset=&#8220;default&#8220; text_orientation=&#8220;center&#8220; global_colors_info=&#8220;{}&#8220;]<div class=\"a-single a-8\"><a data-track=\"OCwwLDYw\" id=\"annons\" class=\"annons gofollow\" href=\"https:\/\/www.drmax.sk\/proibs\" target=\"_blank\" rel=\"nofollow\">\r\n<span class=\"annonstext\"><font style=\"vertical-align: inherit;\"><font style=\"vertical-align: inherit;\">reklama<\/font><\/font><\/span>\r\n<img decoding=\"async\" data-src=\"https:\/\/allaboutibs.com\/wp-content\/uploads\/2024\/03\/PROIBS-SK-300x2502403211-1.gif\" src=\"data:image\/svg+xml;base64,PHN2ZyB3aWR0aD0iMSIgaGVpZ2h0PSIxIiB4bWxucz0iaHR0cDovL3d3dy53My5vcmcvMjAwMC9zdmciPjwvc3ZnPg==\" class=\"lazyload\" style=\"--smush-placeholder-width: 300px; --smush-placeholder-aspect-ratio: 300\/250;\" \/>\r\n<\/a><\/div>[\/et_pb_code][et_pb_image src=&#8220;https:\/\/allaboutibs.com\/wp-content\/uploads\/2024\/02\/Want-to-know-more-about-IBS-2.png&#8220; alt=&#8220;Op\u00fdtajte sa ot\u00e1zku&#8220; title_text=&#8220;Chcete sa dozvedie\u0165 viac o IBS&#8220; url=&#8220;https:\/\/allaboutibs.com\/sk\/polozit-otazku\/&#8220; _builder_version=&#8220;4.23.1&#8243; _module_preset=&#8220;default&#8220; max_width=&#8220;90%&#8220; module_alignment=&#8220;center&#8220; border_radii=&#8220;on|10px|10px|10px|10px&#8220; global_colors_info=&#8220;{}&#8220;][\/et_pb_image][et_pb_sidebar _builder_version=&#8220;4.23.1&#8243; _module_preset=&#8220;default&#8220; max_width=&#8220;100%&#8220; module_alignment=&#8220;center&#8220; custom_padding=&#8220;|15px||15px|false|false&#8220; border_color_all=&#8220;RGBA(255,255,255,0)&#8220; global_colors_info=&#8220;{}&#8220;][\/et_pb_sidebar][et_pb_code admin_label=&#8220;K\u00f3d&#8220; _builder_version=&#8220;4.25.1&#8243; _module_preset=&#8220;default&#8220; text_orientation=&#8220;center&#8220; global_colors_info=&#8220;{}&#8220;]<div class=\"a-single a-8\"><a data-track=\"OCwwLDYw\" id=\"annons\" class=\"annons gofollow\" href=\"https:\/\/www.drmax.sk\/proibs\" target=\"_blank\" rel=\"nofollow\">\r\n<span class=\"annonstext\"><font style=\"vertical-align: inherit;\"><font style=\"vertical-align: inherit;\">reklama<\/font><\/font><\/span>\r\n<img decoding=\"async\" data-src=\"https:\/\/allaboutibs.com\/wp-content\/uploads\/2024\/03\/PROIBS-SK-300x2502403211-1.gif\" src=\"data:image\/svg+xml;base64,PHN2ZyB3aWR0aD0iMSIgaGVpZ2h0PSIxIiB4bWxucz0iaHR0cDovL3d3dy53My5vcmcvMjAwMC9zdmciPjwvc3ZnPg==\" class=\"lazyload\" style=\"--smush-placeholder-width: 300px; --smush-placeholder-aspect-ratio: 300\/250;\" \/>\r\n<\/a><\/div>[\/et_pb_code][\/et_pb_column][\/et_pb_row][\/et_pb_section]<\/p>\n","protected":false},"excerpt":{"rendered":"<p>\u010co je to IBS? IBS alebo syndr\u00f3m dr\u00e1\u017ediv\u00e9ho \u010dreva je jedn\u00fdm z naj\u010dastej\u0161ie sa vyskytuj\u00facich ochoren\u00ed na svete. Odhaduje sa, \u017ee pribli\u017ene 1 z 10 \u013eud\u00ed m\u00e1 opakuj\u00face sa probl\u00e9my spojen\u00e9 so syndr\u00f3mom dr\u00e1\u017ediv\u00e9ho \u010dreva. IBS je s\u00fahrnn\u00fd term\u00edn pre v\u00e4\u010d\u0161iu skupinu ochoren\u00ed tr\u00e1viaceho traktu naz\u00fdvan\u00fdch funk\u010dn\u00e9 gastrointestin\u00e1lne poruchy. O nie\u010do \u010dastej\u0161ie sa vyskytuje u [&hellip;]<\/p>\n","protected":false},"author":10,"featured_media":0,"parent":0,"menu_order":0,"comment_status":"closed","ping_status":"closed","template":"","meta":{"_et_pb_use_builder":"on","_et_pb_old_content":"","_et_gb_content_width":"","footnotes":""},"class_list":["post-37957","page","type-page","status-publish","hentry"],"yoast_head":"<!-- This site is optimized with the Yoast SEO plugin v27.6 - https:\/\/yoast.com\/product\/yoast-seo-wordpress\/ -->\n<title>V\u0160ETKO O IBS - all about IBS<\/title>\n<meta name=\"description\" content=\"Na str\u00e1nke all about IBS (allaboutibs.com) si m\u00f4\u017eete pre\u010d\u00edta\u0165 o pr\u00edznakoch, diagnostike a lie\u010dbe IBS a mnoh\u00fdch \u010fal\u0161\u00edch \u010drevn\u00fdch probl\u00e9moch.\" \/>\n<meta name=\"robots\" content=\"index, follow, max-snippet:-1, max-image-preview:large, max-video-preview:-1\" \/>\n<link rel=\"canonical\" href=\"https:\/\/allaboutibs.com\/sk\/\" \/>\n<meta property=\"og:locale\" content=\"sk_SK\" \/>\n<meta property=\"og:type\" content=\"article\" \/>\n<meta property=\"og:title\" content=\"V\u0160ETKO O IBS - all about IBS\" \/>\n<meta property=\"og:description\" content=\"Na str\u00e1nke all about IBS (allaboutibs.com) si m\u00f4\u017eete pre\u010d\u00edta\u0165 o pr\u00edznakoch, diagnostike a lie\u010dbe IBS a mnoh\u00fdch \u010fal\u0161\u00edch \u010drevn\u00fdch probl\u00e9moch.\" \/>\n<meta property=\"og:url\" content=\"https:\/\/allaboutibs.com\/sk\/\" \/>\n<meta property=\"og:site_name\" content=\"all about IBS\" \/>\n<meta property=\"article:modified_time\" content=\"2024-07-09T20:23:54+00:00\" \/>\n<meta name=\"twitter:card\" content=\"summary_large_image\" \/>\n<meta name=\"twitter:label1\" content=\"Predpokladan\u00fd \u010das \u010d\u00edtania\" \/>\n\t<meta name=\"twitter:data1\" content=\"6 min\u00fat\" \/>\n<script type=\"application\/ld+json\" class=\"yoast-schema-graph\">{\"@context\":\"https:\\\/\\\/schema.org\",\"@graph\":[{\"@type\":\"WebPage\",\"@id\":\"https:\\\/\\\/allaboutibs.com\\\/sk\\\/\",\"url\":\"https:\\\/\\\/allaboutibs.com\\\/sk\\\/\",\"name\":\"V\u0160ETKO O IBS - all about IBS\",\"isPartOf\":{\"@id\":\"https:\\\/\\\/allaboutibs.com\\\/sk\\\/#website\"},\"datePublished\":\"2023-12-05T13:32:17+00:00\",\"dateModified\":\"2024-07-09T20:23:54+00:00\",\"description\":\"Na str\u00e1nke all about IBS (allaboutibs.com) si m\u00f4\u017eete pre\u010d\u00edta\u0165 o pr\u00edznakoch, diagnostike a lie\u010dbe IBS a mnoh\u00fdch \u010fal\u0161\u00edch \u010drevn\u00fdch probl\u00e9moch.\",\"breadcrumb\":{\"@id\":\"https:\\\/\\\/allaboutibs.com\\\/sk\\\/#breadcrumb\"},\"inLanguage\":\"sk-SK\",\"potentialAction\":[{\"@type\":\"ReadAction\",\"target\":[\"https:\\\/\\\/allaboutibs.com\\\/sk\\\/\"]}]},{\"@type\":\"BreadcrumbList\",\"@id\":\"https:\\\/\\\/allaboutibs.com\\\/sk\\\/#breadcrumb\",\"itemListElement\":[{\"@type\":\"ListItem\",\"position\":1,\"name\":\"Home\",\"item\":\"https:\\\/\\\/allaboutibs.com\\\/sk\\\/\"},{\"@type\":\"ListItem\",\"position\":2,\"name\":\"V\u0160ETKO O IBS\"}]},{\"@type\":\"WebSite\",\"@id\":\"https:\\\/\\\/allaboutibs.com\\\/sk\\\/#website\",\"url\":\"https:\\\/\\\/allaboutibs.com\\\/sk\\\/\",\"name\":\"all about IBS\",\"description\":\"All about IBS &amp; bowel problems\",\"publisher\":{\"@id\":\"https:\\\/\\\/allaboutibs.com\\\/sk\\\/#organization\"},\"potentialAction\":[{\"@type\":\"SearchAction\",\"target\":{\"@type\":\"EntryPoint\",\"urlTemplate\":\"https:\\\/\\\/allaboutibs.com\\\/sk\\\/?s={search_term_string}\"},\"query-input\":{\"@type\":\"PropertyValueSpecification\",\"valueRequired\":true,\"valueName\":\"search_term_string\"}}],\"inLanguage\":\"sk-SK\"},{\"@type\":\"Organization\",\"@id\":\"https:\\\/\\\/allaboutibs.com\\\/sk\\\/#organization\",\"name\":\"all about IBS\",\"url\":\"https:\\\/\\\/allaboutibs.com\\\/sk\\\/\",\"logo\":{\"@type\":\"ImageObject\",\"inLanguage\":\"sk-SK\",\"@id\":\"https:\\\/\\\/allaboutibs.com\\\/sk\\\/#\\\/schema\\\/logo\\\/image\\\/\",\"url\":\"https:\\\/\\\/allaboutibs.com\\\/wp-content\\\/uploads\\\/2021\\\/02\\\/allaboutibs-favicon-en.png\",\"contentUrl\":\"https:\\\/\\\/allaboutibs.com\\\/wp-content\\\/uploads\\\/2021\\\/02\\\/allaboutibs-favicon-en.png\",\"width\":512,\"height\":512,\"caption\":\"all about IBS\"},\"image\":{\"@id\":\"https:\\\/\\\/allaboutibs.com\\\/sk\\\/#\\\/schema\\\/logo\\\/image\\\/\"}}]}<\/script>\n<!-- \/ Yoast SEO plugin. -->","yoast_head_json":{"title":"V\u0160ETKO O IBS - all about IBS","description":"Na str\u00e1nke all about IBS (allaboutibs.com) si m\u00f4\u017eete pre\u010d\u00edta\u0165 o pr\u00edznakoch, diagnostike a lie\u010dbe IBS a mnoh\u00fdch \u010fal\u0161\u00edch \u010drevn\u00fdch probl\u00e9moch.","robots":{"index":"index","follow":"follow","max-snippet":"max-snippet:-1","max-image-preview":"max-image-preview:large","max-video-preview":"max-video-preview:-1"},"canonical":"https:\/\/allaboutibs.com\/sk\/","og_locale":"sk_SK","og_type":"article","og_title":"V\u0160ETKO O IBS - all about IBS","og_description":"Na str\u00e1nke all about IBS (allaboutibs.com) si m\u00f4\u017eete pre\u010d\u00edta\u0165 o pr\u00edznakoch, diagnostike a lie\u010dbe IBS a mnoh\u00fdch \u010fal\u0161\u00edch \u010drevn\u00fdch probl\u00e9moch.","og_url":"https:\/\/allaboutibs.com\/sk\/","og_site_name":"all about IBS","article_modified_time":"2024-07-09T20:23:54+00:00","twitter_card":"summary_large_image","twitter_misc":{"Predpokladan\u00fd \u010das \u010d\u00edtania":"6 min\u00fat"},"schema":{"@context":"https:\/\/schema.org","@graph":[{"@type":"WebPage","@id":"https:\/\/allaboutibs.com\/sk\/","url":"https:\/\/allaboutibs.com\/sk\/","name":"V\u0160ETKO O IBS - all about IBS","isPartOf":{"@id":"https:\/\/allaboutibs.com\/sk\/#website"},"datePublished":"2023-12-05T13:32:17+00:00","dateModified":"2024-07-09T20:23:54+00:00","description":"Na str\u00e1nke all about IBS (allaboutibs.com) si m\u00f4\u017eete pre\u010d\u00edta\u0165 o pr\u00edznakoch, diagnostike a lie\u010dbe IBS a mnoh\u00fdch \u010fal\u0161\u00edch \u010drevn\u00fdch probl\u00e9moch.","breadcrumb":{"@id":"https:\/\/allaboutibs.com\/sk\/#breadcrumb"},"inLanguage":"sk-SK","potentialAction":[{"@type":"ReadAction","target":["https:\/\/allaboutibs.com\/sk\/"]}]},{"@type":"BreadcrumbList","@id":"https:\/\/allaboutibs.com\/sk\/#breadcrumb","itemListElement":[{"@type":"ListItem","position":1,"name":"Home","item":"https:\/\/allaboutibs.com\/sk\/"},{"@type":"ListItem","position":2,"name":"V\u0160ETKO O IBS"}]},{"@type":"WebSite","@id":"https:\/\/allaboutibs.com\/sk\/#website","url":"https:\/\/allaboutibs.com\/sk\/","name":"all about IBS","description":"All about IBS &amp; bowel problems","publisher":{"@id":"https:\/\/allaboutibs.com\/sk\/#organization"},"potentialAction":[{"@type":"SearchAction","target":{"@type":"EntryPoint","urlTemplate":"https:\/\/allaboutibs.com\/sk\/?s={search_term_string}"},"query-input":{"@type":"PropertyValueSpecification","valueRequired":true,"valueName":"search_term_string"}}],"inLanguage":"sk-SK"},{"@type":"Organization","@id":"https:\/\/allaboutibs.com\/sk\/#organization","name":"all about IBS","url":"https:\/\/allaboutibs.com\/sk\/","logo":{"@type":"ImageObject","inLanguage":"sk-SK","@id":"https:\/\/allaboutibs.com\/sk\/#\/schema\/logo\/image\/","url":"https:\/\/allaboutibs.com\/wp-content\/uploads\/2021\/02\/allaboutibs-favicon-en.png","contentUrl":"https:\/\/allaboutibs.com\/wp-content\/uploads\/2021\/02\/allaboutibs-favicon-en.png","width":512,"height":512,"caption":"all about IBS"},"image":{"@id":"https:\/\/allaboutibs.com\/sk\/#\/schema\/logo\/image\/"}}]}},"_links":{"self":[{"href":"https:\/\/allaboutibs.com\/sk\/wp-json\/wp\/v2\/pages\/37957","targetHints":{"allow":["GET"]}}],"collection":[{"href":"https:\/\/allaboutibs.com\/sk\/wp-json\/wp\/v2\/pages"}],"about":[{"href":"https:\/\/allaboutibs.com\/sk\/wp-json\/wp\/v2\/types\/page"}],"author":[{"embeddable":true,"href":"https:\/\/allaboutibs.com\/sk\/wp-json\/wp\/v2\/users\/10"}],"replies":[{"embeddable":true,"href":"https:\/\/allaboutibs.com\/sk\/wp-json\/wp\/v2\/comments?post=37957"}],"version-history":[{"count":53,"href":"https:\/\/allaboutibs.com\/sk\/wp-json\/wp\/v2\/pages\/37957\/revisions"}],"predecessor-version":[{"id":39272,"href":"https:\/\/allaboutibs.com\/sk\/wp-json\/wp\/v2\/pages\/37957\/revisions\/39272"}],"wp:attachment":[{"href":"https:\/\/allaboutibs.com\/sk\/wp-json\/wp\/v2\/media?parent=37957"}],"curies":[{"name":"wp","href":"https:\/\/api.w.org\/{rel}","templated":true}]}}