{"id":37542,"date":"2021-02-08T20:31:17","date_gmt":"2021-02-08T20:31:17","guid":{"rendered":"https:\/\/allaboutibs.com\/tipy-pre-ibs\/"},"modified":"2024-04-30T08:03:00","modified_gmt":"2024-04-30T08:03:00","slug":"tipy-pre-ibs","status":"publish","type":"page","link":"https:\/\/allaboutibs.com\/sk\/tipy-pre-ibs\/","title":{"rendered":"Tipy pre IBS"},"content":{"rendered":"<p>[et_pb_section fb_built=&#8220;1&#8243; admin_label=&#8220;Section&#8220; _builder_version=&#8220;4.24.3&#8243; global_colors_info=&#8220;{}&#8220;][et_pb_row admin_label=&#8220;Row&#8220; _builder_version=&#8220;4.16&#8243; background_size=&#8220;initial&#8220; background_position=&#8220;top_left&#8220; background_repeat=&#8220;repeat&#8220; global_colors_info=&#8220;{}&#8220;][et_pb_column type=&#8220;4_4&#8243; _builder_version=&#8220;4.16&#8243; custom_padding=&#8220;|||&#8220; global_colors_info=&#8220;{}&#8220; custom_padding__hover=&#8220;|||&#8220;][et_pb_text _builder_version=&#8220;4.24.3&#8243; background_size=&#8220;initial&#8220; background_position=&#8220;top_left&#8220; background_repeat=&#8220;repeat&#8220; hover_enabled=&#8220;0&#8243; global_colors_info=&#8220;{}&#8220; sticky_enabled=&#8220;0&#8243;]<\/p>\n<h2>Tipy pre IBS<\/h2>\n<p>Pon\u00fakame v\u00e1m najlep\u0161ie tipy na lie\u010dbu IBS, ktor\u00e9 poskytli lek\u00e1ri, dietol\u00f3govia a \u010fal\u0161\u00ed odborn\u00edci v tejto oblasti. V\u0161etky potrebn\u00e9 inform\u00e1cie n\u00e1jdete na jednom mieste.<\/p>\n<p>[\/et_pb_text][wpforms_selector form_id=&#8220;38310&#8243; show_title=&#8220;off&#8220; admin_label=&#8220;WPForms&#8220; _builder_version=&#8220;4.24.3&#8243; _module_preset=&#8220;default&#8220; global_colors_info=&#8220;{}&#8220;][\/wpforms_selector][\/et_pb_column][\/et_pb_row][\/et_pb_section]<\/p>\n","protected":false},"excerpt":{"rendered":"<p>Tipy pre IBS Pon\u00fakame v\u00e1m najlep\u0161ie tipy na lie\u010dbu IBS, ktor\u00e9 poskytli lek\u00e1ri, dietol\u00f3govia a \u010fal\u0161\u00ed odborn\u00edci v tejto oblasti. V\u0161etky potrebn\u00e9 inform\u00e1cie n\u00e1jdete na jednom mieste.<div class=\"et_pb_module wpforms_selector wpforms_selector_0\">\n\t\t\t\t\n\t\t\t\t\n\t\t\t\t\n\t\t\t\t\n\t\t\t\t\n\t\t\t\t\n\t\t\t\t<div class=\"et_pb_module_inner\">\n\t\t\t\t\t<style id=\"wpforms-css-vars-38310\">\n\t\t\t\t#wpforms-38310 {\n\t\t\t\t\n\t\t\t}\n\t\t\t<\/style><div class=\"wpforms-container wpforms-container-full wpforms-render-modern\" id=\"wpforms-38310\"><form id=\"wpforms-form-38310\" class=\"wpforms-validate wpforms-form\" data-formid=\"38310\" method=\"post\" enctype=\"multipart\/form-data\" action=\"\/sk\/wp-json\/wp\/v2\/pages\/37542\" data-token=\"cb182b8e2ed060faf11f32af4dac3a50\" data-token-time=\"1776271523\"><noscript class=\"wpforms-error-noscript\">Please enable JavaScript in your browser to complete this form.<\/noscript><div id=\"wpforms-error-noscript\" style=\"display: none;\">Please enable JavaScript in your browser to complete this form.<\/div><div class=\"wpforms-field-container\"><div id=\"wpforms-38310-field_1-container\" class=\"wpforms-field wpforms-field-html\" data-field-id=\"1\"><div id=\"wpforms-38310-field_1\" aria-errormessage=\"wpforms-38310-field_1-error\">Tu m\u00f4\u017eete z\u00edska\u0165 tipy od n\u00e1s!<\/div><\/div><div id=\"wpforms-38310-field_2-container\" class=\"wpforms-field wpforms-field-html\" data-field-id=\"2\"><div id=\"wpforms-38310-field_2\" aria-errormessage=\"wpforms-38310-field_2-error\">Zadajte svoj e-mail a my v\u00e1m budeme posiela\u0165 tipy o IBS priamo do va\u0161ej schr\u00e1nky.<\/div><\/div><div id=\"wpforms-38310-field_3-container\" class=\"wpforms-field wpforms-field-email\" data-field-id=\"3\"><label class=\"wpforms-field-label\" for=\"wpforms-38310-field_3\">E-mailov\u00e1 adresa <span class=\"wpforms-required-label\" aria-hidden=\"true\">*<\/span><\/label><input type=\"email\" id=\"wpforms-38310-field_3\" class=\"wpforms-field-medium wpforms-field-required\" name=\"wpforms[fields][3]\" placeholder=\"E-mailov\u00e1 adresa\" spellcheck=\"false\" aria-errormessage=\"wpforms-38310-field_3-error\" required><\/div><div id=\"wpforms-38310-field_4-container\" class=\"wpforms-field wpforms-field-html\" data-field-id=\"4\"><div id=\"wpforms-38310-field_4\" aria-errormessage=\"wpforms-38310-field_4-error\"><p><br \/><\/p><\/div><\/div><div id=\"wpforms-38310-field_5-container\" class=\"wpforms-field wpforms-field-checkbox\" data-field-id=\"5\"><fieldset><legend class=\"wpforms-field-label wpforms-label-hide\" aria-hidden=\"false\">Single Checkbox Field <span class=\"wpforms-required-label\" aria-hidden=\"true\">*<\/span><\/legend><ul id=\"wpforms-38310-field_5\" class=\"wpforms-field-required\"><li class=\"choice-1 depth-1\"><input type=\"checkbox\" id=\"wpforms-38310-field_5_1\" name=\"wpforms[fields][5][]\" value=\"\u00c1no! Chcem sa sta\u0165 registrovan\u00fdm pou\u017e\u00edvate\u013eom vsetkooibs.sk\" aria-errormessage=\"wpforms-38310-field_5_1-error\" required ><label class=\"wpforms-field-label-inline\" for=\"wpforms-38310-field_5_1\">\u00c1no! Chcem sa sta\u0165 registrovan\u00fdm pou\u017e\u00edvate\u013eom vsetkooibs.sk<\/label><\/li><\/ul><\/fieldset><\/div><div id=\"wpforms-38310-field_6-container\" class=\"wpforms-field wpforms-field-html\" data-field-id=\"6\"><div id=\"wpforms-38310-field_6\" aria-errormessage=\"wpforms-38310-field_6-error\"><p>Na\u0161e tipy o IBS pon\u00fakame v\u00fdhradne na\u0161im registrovan\u00fdm pou\u017e\u00edvate\u013eom. Ako registrovan\u00fd pou\u017e\u00edvate\u013e dost\u00e1vate priebe\u017ene inform\u00e1cie, bulletiny, in\u0161pir\u00e1cie, tipy a ponuky od vsetkooibs.sk priamo na v\u00e1\u0161 e-mail. Na\u0161e slu\u017eby s\u00fa bezplatn\u00e9 a ich odber m\u00f4\u017eete kedyko\u013evek zru\u0161i\u0165. \u00dapln\u00e9 podmienky a na\u0161e z\u00e1sady ochrany osobn\u00fdch \u00fadajov n\u00e1jdete tu.<br \/><\/p><\/div><\/div><\/div><!-- .wpforms-field-container --><div class=\"wpforms-submit-container\" ><input type=\"hidden\" name=\"wpforms[id]\" value=\"38310\"><input type=\"hidden\" name=\"page_title\" value=\"\"><input type=\"hidden\" name=\"page_url\" value=\"https:\/\/allaboutibs.com\/sk\/wp-json\/wp\/v2\/pages\/37542\"><input type=\"hidden\" name=\"url_referer\" value=\"\"><button type=\"submit\" name=\"wpforms[submit]\" id=\"wpforms-submit-38310\" class=\"wpforms-submit\" data-alt-text=\"Odosielanie\" data-submit-text=\"Posla\u0165\" aria-live=\"assertive\" value=\"wpforms-submit\">Posla\u0165<\/button><\/div><\/form><\/div>  <!-- .wpforms-container -->\n\t\t\t\t<\/div>\n\t\t\t<\/div><\/p>\n","protected":false},"author":10,"featured_media":0,"parent":0,"menu_order":0,"comment_status":"closed","ping_status":"closed","template":"","meta":{"_et_pb_use_builder":"on","_et_pb_old_content":"","_et_gb_content_width":"","footnotes":""},"class_list":["post-37542","page","type-page","status-publish","hentry"],"yoast_head":"<!-- This site is optimized with the Yoast SEO plugin v27.4 - https:\/\/yoast.com\/product\/yoast-seo-wordpress\/ -->\n<title>Najlep\u0161ie tipy pre IBS<\/title>\n<meta name=\"description\" content=\"Pon\u00fakame v\u00e1m najlep\u0161ie tipy na lie\u010dbu IBS, ktor\u00e9 poskytli lek\u00e1ri, dietol\u00f3govia a \u010fal\u0161\u00ed odborn\u00edci v tejto oblasti. Tu m\u00f4\u017eete z\u00edska\u0165 tipy od n\u00e1s!\" \/>\n<meta name=\"robots\" content=\"index, follow, max-snippet:-1, max-image-preview:large, max-video-preview:-1\" \/>\n<link rel=\"canonical\" href=\"https:\/\/allaboutibs.com\/sk\/tipy-pre-ibs\/\" \/>\n<meta property=\"og:locale\" content=\"sk_SK\" \/>\n<meta property=\"og:type\" content=\"article\" \/>\n<meta property=\"og:title\" content=\"Najlep\u0161ie tipy pre IBS\" \/>\n<meta property=\"og:description\" content=\"Pon\u00fakame v\u00e1m najlep\u0161ie tipy na lie\u010dbu IBS, ktor\u00e9 poskytli lek\u00e1ri, dietol\u00f3govia a \u010fal\u0161\u00ed odborn\u00edci v tejto oblasti. Tu m\u00f4\u017eete z\u00edska\u0165 tipy od n\u00e1s!\" \/>\n<meta property=\"og:url\" content=\"https:\/\/allaboutibs.com\/sk\/tipy-pre-ibs\/\" \/>\n<meta property=\"og:site_name\" content=\"all about IBS\" \/>\n<meta property=\"article:modified_time\" content=\"2024-04-30T08:03:00+00:00\" \/>\n<meta name=\"twitter:card\" content=\"summary_large_image\" \/>\n<meta name=\"twitter:label1\" content=\"Predpokladan\u00fd \u010das \u010d\u00edtania\" \/>\n\t<meta name=\"twitter:data1\" content=\"1 min\u00fata\" \/>\n<script type=\"application\/ld+json\" class=\"yoast-schema-graph\">{\"@context\":\"https:\\\/\\\/schema.org\",\"@graph\":[{\"@type\":\"WebPage\",\"@id\":\"https:\\\/\\\/allaboutibs.com\\\/sk\\\/tipy-pre-ibs\\\/\",\"url\":\"https:\\\/\\\/allaboutibs.com\\\/sk\\\/tipy-pre-ibs\\\/\",\"name\":\"Najlep\u0161ie tipy pre IBS\",\"isPartOf\":{\"@id\":\"https:\\\/\\\/allaboutibs.com\\\/sk\\\/#website\"},\"datePublished\":\"2021-02-08T20:31:17+00:00\",\"dateModified\":\"2024-04-30T08:03:00+00:00\",\"description\":\"Pon\u00fakame v\u00e1m najlep\u0161ie tipy na lie\u010dbu IBS, ktor\u00e9 poskytli lek\u00e1ri, dietol\u00f3govia a \u010fal\u0161\u00ed odborn\u00edci v tejto oblasti. Tu m\u00f4\u017eete z\u00edska\u0165 tipy od n\u00e1s!\",\"breadcrumb\":{\"@id\":\"https:\\\/\\\/allaboutibs.com\\\/sk\\\/tipy-pre-ibs\\\/#breadcrumb\"},\"inLanguage\":\"sk-SK\",\"potentialAction\":[{\"@type\":\"ReadAction\",\"target\":[\"https:\\\/\\\/allaboutibs.com\\\/sk\\\/tipy-pre-ibs\\\/\"]}]},{\"@type\":\"BreadcrumbList\",\"@id\":\"https:\\\/\\\/allaboutibs.com\\\/sk\\\/tipy-pre-ibs\\\/#breadcrumb\",\"itemListElement\":[{\"@type\":\"ListItem\",\"position\":1,\"name\":\"Home\",\"item\":\"https:\\\/\\\/allaboutibs.com\\\/sk\\\/\"},{\"@type\":\"ListItem\",\"position\":2,\"name\":\"Tipy pre IBS\"}]},{\"@type\":\"WebSite\",\"@id\":\"https:\\\/\\\/allaboutibs.com\\\/sk\\\/#website\",\"url\":\"https:\\\/\\\/allaboutibs.com\\\/sk\\\/\",\"name\":\"all about IBS\",\"description\":\"All about IBS &amp; bowel problems\",\"publisher\":{\"@id\":\"https:\\\/\\\/allaboutibs.com\\\/sk\\\/#organization\"},\"potentialAction\":[{\"@type\":\"SearchAction\",\"target\":{\"@type\":\"EntryPoint\",\"urlTemplate\":\"https:\\\/\\\/allaboutibs.com\\\/sk\\\/?s={search_term_string}\"},\"query-input\":{\"@type\":\"PropertyValueSpecification\",\"valueRequired\":true,\"valueName\":\"search_term_string\"}}],\"inLanguage\":\"sk-SK\"},{\"@type\":\"Organization\",\"@id\":\"https:\\\/\\\/allaboutibs.com\\\/sk\\\/#organization\",\"name\":\"all about IBS\",\"url\":\"https:\\\/\\\/allaboutibs.com\\\/sk\\\/\",\"logo\":{\"@type\":\"ImageObject\",\"inLanguage\":\"sk-SK\",\"@id\":\"https:\\\/\\\/allaboutibs.com\\\/sk\\\/#\\\/schema\\\/logo\\\/image\\\/\",\"url\":\"https:\\\/\\\/allaboutibs.com\\\/wp-content\\\/uploads\\\/2021\\\/02\\\/allaboutibs-favicon-en.png\",\"contentUrl\":\"https:\\\/\\\/allaboutibs.com\\\/wp-content\\\/uploads\\\/2021\\\/02\\\/allaboutibs-favicon-en.png\",\"width\":512,\"height\":512,\"caption\":\"all about IBS\"},\"image\":{\"@id\":\"https:\\\/\\\/allaboutibs.com\\\/sk\\\/#\\\/schema\\\/logo\\\/image\\\/\"}}]}<\/script>\n<!-- \/ Yoast SEO plugin. -->","yoast_head_json":{"title":"Najlep\u0161ie tipy pre IBS","description":"Pon\u00fakame v\u00e1m najlep\u0161ie tipy na lie\u010dbu IBS, ktor\u00e9 poskytli lek\u00e1ri, dietol\u00f3govia a \u010fal\u0161\u00ed odborn\u00edci v tejto oblasti. Tu m\u00f4\u017eete z\u00edska\u0165 tipy od n\u00e1s!","robots":{"index":"index","follow":"follow","max-snippet":"max-snippet:-1","max-image-preview":"max-image-preview:large","max-video-preview":"max-video-preview:-1"},"canonical":"https:\/\/allaboutibs.com\/sk\/tipy-pre-ibs\/","og_locale":"sk_SK","og_type":"article","og_title":"Najlep\u0161ie tipy pre IBS","og_description":"Pon\u00fakame v\u00e1m najlep\u0161ie tipy na lie\u010dbu IBS, ktor\u00e9 poskytli lek\u00e1ri, dietol\u00f3govia a \u010fal\u0161\u00ed odborn\u00edci v tejto oblasti. Tu m\u00f4\u017eete z\u00edska\u0165 tipy od n\u00e1s!","og_url":"https:\/\/allaboutibs.com\/sk\/tipy-pre-ibs\/","og_site_name":"all about IBS","article_modified_time":"2024-04-30T08:03:00+00:00","twitter_card":"summary_large_image","twitter_misc":{"Predpokladan\u00fd \u010das \u010d\u00edtania":"1 min\u00fata"},"schema":{"@context":"https:\/\/schema.org","@graph":[{"@type":"WebPage","@id":"https:\/\/allaboutibs.com\/sk\/tipy-pre-ibs\/","url":"https:\/\/allaboutibs.com\/sk\/tipy-pre-ibs\/","name":"Najlep\u0161ie tipy pre IBS","isPartOf":{"@id":"https:\/\/allaboutibs.com\/sk\/#website"},"datePublished":"2021-02-08T20:31:17+00:00","dateModified":"2024-04-30T08:03:00+00:00","description":"Pon\u00fakame v\u00e1m najlep\u0161ie tipy na lie\u010dbu IBS, ktor\u00e9 poskytli lek\u00e1ri, dietol\u00f3govia a \u010fal\u0161\u00ed odborn\u00edci v tejto oblasti. Tu m\u00f4\u017eete z\u00edska\u0165 tipy od n\u00e1s!","breadcrumb":{"@id":"https:\/\/allaboutibs.com\/sk\/tipy-pre-ibs\/#breadcrumb"},"inLanguage":"sk-SK","potentialAction":[{"@type":"ReadAction","target":["https:\/\/allaboutibs.com\/sk\/tipy-pre-ibs\/"]}]},{"@type":"BreadcrumbList","@id":"https:\/\/allaboutibs.com\/sk\/tipy-pre-ibs\/#breadcrumb","itemListElement":[{"@type":"ListItem","position":1,"name":"Home","item":"https:\/\/allaboutibs.com\/sk\/"},{"@type":"ListItem","position":2,"name":"Tipy pre IBS"}]},{"@type":"WebSite","@id":"https:\/\/allaboutibs.com\/sk\/#website","url":"https:\/\/allaboutibs.com\/sk\/","name":"all about IBS","description":"All about IBS &amp; bowel problems","publisher":{"@id":"https:\/\/allaboutibs.com\/sk\/#organization"},"potentialAction":[{"@type":"SearchAction","target":{"@type":"EntryPoint","urlTemplate":"https:\/\/allaboutibs.com\/sk\/?s={search_term_string}"},"query-input":{"@type":"PropertyValueSpecification","valueRequired":true,"valueName":"search_term_string"}}],"inLanguage":"sk-SK"},{"@type":"Organization","@id":"https:\/\/allaboutibs.com\/sk\/#organization","name":"all about IBS","url":"https:\/\/allaboutibs.com\/sk\/","logo":{"@type":"ImageObject","inLanguage":"sk-SK","@id":"https:\/\/allaboutibs.com\/sk\/#\/schema\/logo\/image\/","url":"https:\/\/allaboutibs.com\/wp-content\/uploads\/2021\/02\/allaboutibs-favicon-en.png","contentUrl":"https:\/\/allaboutibs.com\/wp-content\/uploads\/2021\/02\/allaboutibs-favicon-en.png","width":512,"height":512,"caption":"all about IBS"},"image":{"@id":"https:\/\/allaboutibs.com\/sk\/#\/schema\/logo\/image\/"}}]}},"_links":{"self":[{"href":"https:\/\/allaboutibs.com\/sk\/wp-json\/wp\/v2\/pages\/37542","targetHints":{"allow":["GET"]}}],"collection":[{"href":"https:\/\/allaboutibs.com\/sk\/wp-json\/wp\/v2\/pages"}],"about":[{"href":"https:\/\/allaboutibs.com\/sk\/wp-json\/wp\/v2\/types\/page"}],"author":[{"embeddable":true,"href":"https:\/\/allaboutibs.com\/sk\/wp-json\/wp\/v2\/users\/10"}],"replies":[{"embeddable":true,"href":"https:\/\/allaboutibs.com\/sk\/wp-json\/wp\/v2\/comments?post=37542"}],"version-history":[{"count":16,"href":"https:\/\/allaboutibs.com\/sk\/wp-json\/wp\/v2\/pages\/37542\/revisions"}],"predecessor-version":[{"id":38850,"href":"https:\/\/allaboutibs.com\/sk\/wp-json\/wp\/v2\/pages\/37542\/revisions\/38850"}],"wp:attachment":[{"href":"https:\/\/allaboutibs.com\/sk\/wp-json\/wp\/v2\/media?parent=37542"}],"curies":[{"name":"wp","href":"https:\/\/api.w.org\/{rel}","templated":true}]}}