{"id":37540,"date":"2021-01-12T21:05:49","date_gmt":"2021-01-12T21:05:49","guid":{"rendered":"https:\/\/allaboutibs.com\/o-nas\/"},"modified":"2024-09-09T12:58:59","modified_gmt":"2024-09-09T12:58:59","slug":"o-nas","status":"publish","type":"page","link":"https:\/\/allaboutibs.com\/sk\/o-nas\/","title":{"rendered":"O n\u00e1s"},"content":{"rendered":"\r\n<div id=\"attachment_39364\" style=\"width: 310px\" class=\"wp-caption aligncenter\"><img decoding=\"async\" aria-describedby=\"caption-attachment-39364\" class=\"size-medium wp-image-39364 lazyload\" data-src=\"https:\/\/allaboutibs.com\/wp-content\/uploads\/2024\/09\/image001-1-300x300.jpg\" alt=\"Cartoon scientists\" width=\"300\" height=\"300\" data-srcset=\"https:\/\/allaboutibs.com\/wp-content\/uploads\/2024\/09\/image001-1-300x300.jpg 300w, https:\/\/allaboutibs.com\/wp-content\/uploads\/2024\/09\/image001-1-150x150.jpg 150w, https:\/\/allaboutibs.com\/wp-content\/uploads\/2024\/09\/image001-1-768x768.jpg 768w, https:\/\/allaboutibs.com\/wp-content\/uploads\/2024\/09\/image001-1-440x440.jpg 440w, https:\/\/allaboutibs.com\/wp-content\/uploads\/2024\/09\/image001-1.jpg 1024w\" data-sizes=\"(max-width: 300px) 100vw, 300px\" src=\"data:image\/svg+xml;base64,PHN2ZyB3aWR0aD0iMSIgaGVpZ2h0PSIxIiB4bWxucz0iaHR0cDovL3d3dy53My5vcmcvMjAwMC9zdmciPjwvc3ZnPg==\" style=\"--smush-placeholder-width: 300px; --smush-placeholder-aspect-ratio: 300\/300;\" \/><p id=\"caption-attachment-39364\" class=\"wp-caption-text\">Cartoon images of the editorial staff.<\/p><\/div>\r\n<h2>\u013dudia za str\u00e1nkou<\/h2>\r\n<h3><strong>Vitajte na v\u0161etkooibs.sk<\/strong><\/h3>\r\n<p>Webov\u00fa str\u00e1nku vytvorila skupina vedcov a jej cie\u013eom je zv\u00fd\u0161i\u0165 povedomie o syndr\u00f3me dr\u00e1\u017ediv\u00e9ho \u010dreva (IBS) poskytovan\u00edm inform\u00e1ci\u00ed zalo\u017een\u00fdch na v\u00fdskume komunit\u00e1m, kde tieto inform\u00e1cie ch\u00fdbaj\u00fa .<\/p>\r\n<p>S podporou spolo\u010dnosti Calmino Group a v spolupr\u00e1ci s G\u00f6teborskou univerzitou sme spojili na\u0161e odborn\u00e9 znalosti z r\u00f4znych oblast\u00ed a vytvorili t\u00fato platformu &#8211; zdroj inform\u00e1ci\u00ed pre ka\u017ed\u00e9ho, kto sa sna\u017e\u00ed porozumie\u0165 IBS.<\/p>\r\n<h3>Pre\u010do sme vytvorili t\u00fato str\u00e1nku?<\/h3>\r\n<p>Ch\u00e1peme, \u017ee v mnoh\u00fdch \u010dastiach sveta je IBS bu\u010f nepochopen\u00fd, alebo nedostato\u010dne zast\u00fapen\u00fd v diskusi\u00e1ch o zdrav\u00ed. \u013dudia bojuj\u00fa so svojimi pr\u00edznakmi, ale spo\u013eahliv\u00e9 inform\u00e1cie sa z\u00edskavaj\u00fa \u0165a\u017eko. A preto c\u00edtime povinnos\u0165 kona\u0165.<\/p>\r\n<p>Prostredn\u00edctvom tejto webovej str\u00e1nky odpoved\u00e1me na \u010dast\u00e9 ot\u00e1zky s\u00favisiace s IBS. Na\u0161\u00edm cie\u013eom je vyu\u017ei\u0165 najnov\u0161ie vedeck\u00e9 poznatky a prezentova\u0165 ich sp\u00f4sobom zrozumite\u013en\u00fdm pre \u0161irok\u00fa verejnos\u0165. Ver\u00edme, \u017ee ka\u017ed\u00fd si zasl\u00fa\u017ei pr\u00edstup k jasn\u00fdm a presn\u00fdm inform\u00e1ci\u00e1m o svojom zdrav\u00ed.<\/p>\r\n<p>No nielen zdie\u013eame vedomosti &#8211; aj k nim prispievame. Ako akt\u00edvni vedci pokra\u010dujeme v sk\u00faman\u00ed IBS a sna\u017e\u00edme sa n\u00e1js\u0165 nov\u00e9 poznatky, ktor\u00e9 m\u00f4\u017eu u\u013eah\u010di\u0165 \u017eivot \u013eud\u00ed postihnut\u00fdch t\u00fdmto ochoren\u00edm.<\/p>\r\n<p>Na\u0161\u00edm cie\u013eom je poskytn\u00fa\u0165 inform\u00e1cie, ktor\u00e9 s\u00fa potrebn\u00e9 na lep\u0161ie pochopenie a zvl\u00e1dnutie IBS, a z\u00e1rove\u0148 prispie\u0165 k celosvetovej diskusii o tomto d\u00f4le\u017eitom, no zanedbanom ochoren\u00ed.<\/p>\r\n<h3>Kontaktujte n\u00e1s<\/h3>\r\n<p>Nev\u00e1hajte n\u00e1s kontaktova\u0165, ak chcete navrhn\u00fa\u0165 t\u00e9mu, ktorej by sme sa mohli v \u010dl\u00e1nku venova\u0165, alebo ak n\u00e1jdete nie\u010do in\u00e9, \u010do by sme mali na str\u00e1nke zmeni\u0165. Majte v\u0161ak na pam\u00e4ti, \u017ee na to, aby sa inform\u00e1cie na webovej str\u00e1nke upravili, mus\u00edte ma\u0165 dobre podlo\u017een\u00e9 a vecn\u00e9 argumenty.<\/p>\r\n<p>Inform\u00e1cie na str\u00e1nke allaboutIBS.com nepokr\u00fdvaj\u00fa v\u0161etko o IBS a to, \u010do si m\u00f4\u017eete pre\u010d\u00edta\u0165 na tejto str\u00e1nke, nikdy nem\u00f4\u017ee nahradi\u0165 rady alebo diagn\u00f3zu lek\u00e1ra. Ak m\u00e1te ak\u00e9ko\u013evek ot\u00e1zky alebo obavy t\u00fdkaj\u00face sa v\u00e1\u0161ho zdravia, obr\u00e1\u0165te sa priamo na najbli\u017e\u0161ieho poskytovate\u013ea zdravotnej starostlivosti.<\/p>\r\n<p>Ak chcete kontaktova\u0165 redakciu vsetkooibs.sk, pou\u017eite ni\u017e\u0161ie uveden\u00e9 kontaktn\u00e9 inform\u00e1cie.<\/p>\r\n<p>vsetkooibs.sk<\/p>\r\n<p>\u2014\u2014\u2014\u2014\u2014\u2014\u2014\u2014\u2013<\/p>\r\n<p>C \/ O Calmino group AB<\/p>\r\n<p>\u010c\u00edslo organiz\u00e1cie: 556638-9820<\/p>\r\n<p>Adresa s\u00eddla spolo\u010dnosti: Sahlgrenska Science Park, Medicinaregatan 8A 413 46 G\u00f6teborg \u0160v\u00e9dsko<\/p>\r\n<p>info@vsetkooIBS.sk<\/p>\r\n<p>\u2014\u2014\u2014\u2014\u2014\u2014\u2014\u2014<\/p>\r\n<p>V\u0161etky materi\u00e1ly na webovej str\u00e1nke s\u00fa chr\u00e1nen\u00e9 autorsk\u00fdmi pr\u00e1vami<\/p>\r\n<p>Copyright \u00a9 2011-2020 Calmino group AB &#8211; Ak chcete z\u00edska\u0165 povolenie na reprodukciu ak\u00e9hoko\u013evek materi\u00e1lu na str\u00e1nke, nev\u00e1hajte n\u00e1s kontaktova\u0165.<\/p>\r\n<p><a href=\"https:\/\/allaboutibs.com\/sk\/zasady-ochrany-osobnych-udajov\/\">Viac inform\u00e1ci\u00ed o z\u00e1sad\u00e1ch ochrany osobn\u00fdch \u00fadajov a podmienkach pou\u017e\u00edvania<\/a>.<\/p>\r\n","protected":false},"excerpt":{"rendered":"<p>\u013dudia za str\u00e1nkou Vitajte na v\u0161etkooibs.sk Webov\u00fa str\u00e1nku vytvorila skupina vedcov a jej cie\u013eom je zv\u00fd\u0161i\u0165 povedomie o syndr\u00f3me dr\u00e1\u017ediv\u00e9ho \u010dreva (IBS) poskytovan\u00edm inform\u00e1ci\u00ed zalo\u017een\u00fdch na v\u00fdskume komunit\u00e1m, kde tieto inform\u00e1cie ch\u00fdbaj\u00fa . S podporou spolo\u010dnosti Calmino Group a v spolupr\u00e1ci s G\u00f6teborskou univerzitou sme spojili na\u0161e odborn\u00e9 znalosti z r\u00f4znych oblast\u00ed a vytvorili t\u00fato [&hellip;]<\/p>\n","protected":false},"author":10,"featured_media":39366,"parent":0,"menu_order":0,"comment_status":"closed","ping_status":"closed","template":"","meta":{"_et_pb_use_builder":"off","_et_pb_old_content":"","_et_gb_content_width":"","footnotes":""},"class_list":["post-37540","page","type-page","status-publish","has-post-thumbnail","hentry"],"yoast_head":"<!-- This site is optimized with the Yoast SEO plugin v27.4 - https:\/\/yoast.com\/product\/yoast-seo-wordpress\/ -->\n<title>O n\u00e1s - all about IBS<\/title>\n<meta name=\"description\" content=\"T\u00fato webov\u00fa str\u00e1nku vytvorila skupina vedcov a jej cie\u013eom je zv\u00fd\u0161i\u0165 povedomie o IBS poskytovan\u00edm inform\u00e1ci\u00ed zalo\u017een\u00fdch na v\u00fdskume.\" \/>\n<meta name=\"robots\" content=\"index, follow, max-snippet:-1, max-image-preview:large, max-video-preview:-1\" \/>\n<link rel=\"canonical\" href=\"https:\/\/allaboutibs.com\/sk\/o-nas\/\" \/>\n<meta property=\"og:locale\" content=\"sk_SK\" \/>\n<meta property=\"og:type\" content=\"article\" \/>\n<meta property=\"og:title\" content=\"O n\u00e1s - all about IBS\" \/>\n<meta property=\"og:description\" content=\"T\u00fato webov\u00fa str\u00e1nku vytvorila skupina vedcov a jej cie\u013eom je zv\u00fd\u0161i\u0165 povedomie o IBS poskytovan\u00edm inform\u00e1ci\u00ed zalo\u017een\u00fdch na v\u00fdskume.\" \/>\n<meta property=\"og:url\" content=\"https:\/\/allaboutibs.com\/sk\/o-nas\/\" \/>\n<meta property=\"og:site_name\" content=\"all about IBS\" \/>\n<meta property=\"article:modified_time\" content=\"2024-09-09T12:58:59+00:00\" \/>\n<meta property=\"og:image\" content=\"https:\/\/allaboutibs.com\/wp-content\/uploads\/2024\/09\/image001-1.jpg\" \/>\n\t<meta property=\"og:image:width\" content=\"1024\" \/>\n\t<meta property=\"og:image:height\" content=\"1024\" \/>\n\t<meta property=\"og:image:type\" content=\"image\/jpeg\" \/>\n<meta name=\"twitter:card\" content=\"summary_large_image\" \/>\n<meta name=\"twitter:label1\" content=\"Predpokladan\u00fd \u010das \u010d\u00edtania\" \/>\n\t<meta name=\"twitter:data1\" content=\"3 min\u00faty\" \/>\n<script type=\"application\/ld+json\" class=\"yoast-schema-graph\">{\"@context\":\"https:\\\/\\\/schema.org\",\"@graph\":[{\"@type\":\"WebPage\",\"@id\":\"https:\\\/\\\/allaboutibs.com\\\/sk\\\/o-nas\\\/\",\"url\":\"https:\\\/\\\/allaboutibs.com\\\/sk\\\/o-nas\\\/\",\"name\":\"O n\u00e1s - all about IBS\",\"isPartOf\":{\"@id\":\"https:\\\/\\\/allaboutibs.com\\\/sk\\\/#website\"},\"primaryImageOfPage\":{\"@id\":\"https:\\\/\\\/allaboutibs.com\\\/sk\\\/o-nas\\\/#primaryimage\"},\"image\":{\"@id\":\"https:\\\/\\\/allaboutibs.com\\\/sk\\\/o-nas\\\/#primaryimage\"},\"thumbnailUrl\":\"https:\\\/\\\/allaboutibs.com\\\/wp-content\\\/uploads\\\/2024\\\/09\\\/image001-1.jpg\",\"datePublished\":\"2021-01-12T21:05:49+00:00\",\"dateModified\":\"2024-09-09T12:58:59+00:00\",\"description\":\"T\u00fato webov\u00fa str\u00e1nku vytvorila skupina vedcov a jej cie\u013eom je zv\u00fd\u0161i\u0165 povedomie o IBS poskytovan\u00edm inform\u00e1ci\u00ed zalo\u017een\u00fdch na v\u00fdskume.\",\"breadcrumb\":{\"@id\":\"https:\\\/\\\/allaboutibs.com\\\/sk\\\/o-nas\\\/#breadcrumb\"},\"inLanguage\":\"sk-SK\",\"potentialAction\":[{\"@type\":\"ReadAction\",\"target\":[\"https:\\\/\\\/allaboutibs.com\\\/sk\\\/o-nas\\\/\"]}]},{\"@type\":\"ImageObject\",\"inLanguage\":\"sk-SK\",\"@id\":\"https:\\\/\\\/allaboutibs.com\\\/sk\\\/o-nas\\\/#primaryimage\",\"url\":\"https:\\\/\\\/allaboutibs.com\\\/wp-content\\\/uploads\\\/2024\\\/09\\\/image001-1.jpg\",\"contentUrl\":\"https:\\\/\\\/allaboutibs.com\\\/wp-content\\\/uploads\\\/2024\\\/09\\\/image001-1.jpg\",\"width\":1024,\"height\":1024,\"caption\":\"Cartoon images of the editorial staff.\"},{\"@type\":\"BreadcrumbList\",\"@id\":\"https:\\\/\\\/allaboutibs.com\\\/sk\\\/o-nas\\\/#breadcrumb\",\"itemListElement\":[{\"@type\":\"ListItem\",\"position\":1,\"name\":\"Home\",\"item\":\"https:\\\/\\\/allaboutibs.com\\\/sk\\\/\"},{\"@type\":\"ListItem\",\"position\":2,\"name\":\"O n\u00e1s\"}]},{\"@type\":\"WebSite\",\"@id\":\"https:\\\/\\\/allaboutibs.com\\\/sk\\\/#website\",\"url\":\"https:\\\/\\\/allaboutibs.com\\\/sk\\\/\",\"name\":\"all about IBS\",\"description\":\"All about IBS &amp; bowel problems\",\"publisher\":{\"@id\":\"https:\\\/\\\/allaboutibs.com\\\/sk\\\/#organization\"},\"potentialAction\":[{\"@type\":\"SearchAction\",\"target\":{\"@type\":\"EntryPoint\",\"urlTemplate\":\"https:\\\/\\\/allaboutibs.com\\\/sk\\\/?s={search_term_string}\"},\"query-input\":{\"@type\":\"PropertyValueSpecification\",\"valueRequired\":true,\"valueName\":\"search_term_string\"}}],\"inLanguage\":\"sk-SK\"},{\"@type\":\"Organization\",\"@id\":\"https:\\\/\\\/allaboutibs.com\\\/sk\\\/#organization\",\"name\":\"all about IBS\",\"url\":\"https:\\\/\\\/allaboutibs.com\\\/sk\\\/\",\"logo\":{\"@type\":\"ImageObject\",\"inLanguage\":\"sk-SK\",\"@id\":\"https:\\\/\\\/allaboutibs.com\\\/sk\\\/#\\\/schema\\\/logo\\\/image\\\/\",\"url\":\"https:\\\/\\\/allaboutibs.com\\\/wp-content\\\/uploads\\\/2021\\\/02\\\/allaboutibs-favicon-en.png\",\"contentUrl\":\"https:\\\/\\\/allaboutibs.com\\\/wp-content\\\/uploads\\\/2021\\\/02\\\/allaboutibs-favicon-en.png\",\"width\":512,\"height\":512,\"caption\":\"all about IBS\"},\"image\":{\"@id\":\"https:\\\/\\\/allaboutibs.com\\\/sk\\\/#\\\/schema\\\/logo\\\/image\\\/\"}}]}<\/script>\n<!-- \/ Yoast SEO plugin. -->","yoast_head_json":{"title":"O n\u00e1s - all about IBS","description":"T\u00fato webov\u00fa str\u00e1nku vytvorila skupina vedcov a jej cie\u013eom je zv\u00fd\u0161i\u0165 povedomie o IBS poskytovan\u00edm inform\u00e1ci\u00ed zalo\u017een\u00fdch na v\u00fdskume.","robots":{"index":"index","follow":"follow","max-snippet":"max-snippet:-1","max-image-preview":"max-image-preview:large","max-video-preview":"max-video-preview:-1"},"canonical":"https:\/\/allaboutibs.com\/sk\/o-nas\/","og_locale":"sk_SK","og_type":"article","og_title":"O n\u00e1s - all about IBS","og_description":"T\u00fato webov\u00fa str\u00e1nku vytvorila skupina vedcov a jej cie\u013eom je zv\u00fd\u0161i\u0165 povedomie o IBS poskytovan\u00edm inform\u00e1ci\u00ed zalo\u017een\u00fdch na v\u00fdskume.","og_url":"https:\/\/allaboutibs.com\/sk\/o-nas\/","og_site_name":"all about IBS","article_modified_time":"2024-09-09T12:58:59+00:00","og_image":[{"width":1024,"height":1024,"url":"https:\/\/allaboutibs.com\/wp-content\/uploads\/2024\/09\/image001-1.jpg","type":"image\/jpeg"}],"twitter_card":"summary_large_image","twitter_misc":{"Predpokladan\u00fd \u010das \u010d\u00edtania":"3 min\u00faty"},"schema":{"@context":"https:\/\/schema.org","@graph":[{"@type":"WebPage","@id":"https:\/\/allaboutibs.com\/sk\/o-nas\/","url":"https:\/\/allaboutibs.com\/sk\/o-nas\/","name":"O n\u00e1s - all about IBS","isPartOf":{"@id":"https:\/\/allaboutibs.com\/sk\/#website"},"primaryImageOfPage":{"@id":"https:\/\/allaboutibs.com\/sk\/o-nas\/#primaryimage"},"image":{"@id":"https:\/\/allaboutibs.com\/sk\/o-nas\/#primaryimage"},"thumbnailUrl":"https:\/\/allaboutibs.com\/wp-content\/uploads\/2024\/09\/image001-1.jpg","datePublished":"2021-01-12T21:05:49+00:00","dateModified":"2024-09-09T12:58:59+00:00","description":"T\u00fato webov\u00fa str\u00e1nku vytvorila skupina vedcov a jej cie\u013eom je zv\u00fd\u0161i\u0165 povedomie o IBS poskytovan\u00edm inform\u00e1ci\u00ed zalo\u017een\u00fdch na v\u00fdskume.","breadcrumb":{"@id":"https:\/\/allaboutibs.com\/sk\/o-nas\/#breadcrumb"},"inLanguage":"sk-SK","potentialAction":[{"@type":"ReadAction","target":["https:\/\/allaboutibs.com\/sk\/o-nas\/"]}]},{"@type":"ImageObject","inLanguage":"sk-SK","@id":"https:\/\/allaboutibs.com\/sk\/o-nas\/#primaryimage","url":"https:\/\/allaboutibs.com\/wp-content\/uploads\/2024\/09\/image001-1.jpg","contentUrl":"https:\/\/allaboutibs.com\/wp-content\/uploads\/2024\/09\/image001-1.jpg","width":1024,"height":1024,"caption":"Cartoon images of the editorial staff."},{"@type":"BreadcrumbList","@id":"https:\/\/allaboutibs.com\/sk\/o-nas\/#breadcrumb","itemListElement":[{"@type":"ListItem","position":1,"name":"Home","item":"https:\/\/allaboutibs.com\/sk\/"},{"@type":"ListItem","position":2,"name":"O n\u00e1s"}]},{"@type":"WebSite","@id":"https:\/\/allaboutibs.com\/sk\/#website","url":"https:\/\/allaboutibs.com\/sk\/","name":"all about IBS","description":"All about IBS &amp; bowel problems","publisher":{"@id":"https:\/\/allaboutibs.com\/sk\/#organization"},"potentialAction":[{"@type":"SearchAction","target":{"@type":"EntryPoint","urlTemplate":"https:\/\/allaboutibs.com\/sk\/?s={search_term_string}"},"query-input":{"@type":"PropertyValueSpecification","valueRequired":true,"valueName":"search_term_string"}}],"inLanguage":"sk-SK"},{"@type":"Organization","@id":"https:\/\/allaboutibs.com\/sk\/#organization","name":"all about IBS","url":"https:\/\/allaboutibs.com\/sk\/","logo":{"@type":"ImageObject","inLanguage":"sk-SK","@id":"https:\/\/allaboutibs.com\/sk\/#\/schema\/logo\/image\/","url":"https:\/\/allaboutibs.com\/wp-content\/uploads\/2021\/02\/allaboutibs-favicon-en.png","contentUrl":"https:\/\/allaboutibs.com\/wp-content\/uploads\/2021\/02\/allaboutibs-favicon-en.png","width":512,"height":512,"caption":"all about IBS"},"image":{"@id":"https:\/\/allaboutibs.com\/sk\/#\/schema\/logo\/image\/"}}]}},"_links":{"self":[{"href":"https:\/\/allaboutibs.com\/sk\/wp-json\/wp\/v2\/pages\/37540","targetHints":{"allow":["GET"]}}],"collection":[{"href":"https:\/\/allaboutibs.com\/sk\/wp-json\/wp\/v2\/pages"}],"about":[{"href":"https:\/\/allaboutibs.com\/sk\/wp-json\/wp\/v2\/types\/page"}],"author":[{"embeddable":true,"href":"https:\/\/allaboutibs.com\/sk\/wp-json\/wp\/v2\/users\/10"}],"replies":[{"embeddable":true,"href":"https:\/\/allaboutibs.com\/sk\/wp-json\/wp\/v2\/comments?post=37540"}],"version-history":[{"count":9,"href":"https:\/\/allaboutibs.com\/sk\/wp-json\/wp\/v2\/pages\/37540\/revisions"}],"predecessor-version":[{"id":39481,"href":"https:\/\/allaboutibs.com\/sk\/wp-json\/wp\/v2\/pages\/37540\/revisions\/39481"}],"wp:featuredmedia":[{"embeddable":true,"href":"https:\/\/allaboutibs.com\/sk\/wp-json\/wp\/v2\/media\/39366"}],"wp:attachment":[{"href":"https:\/\/allaboutibs.com\/sk\/wp-json\/wp\/v2\/media?parent=37540"}],"curies":[{"name":"wp","href":"https:\/\/api.w.org\/{rel}","templated":true}]}}