{"id":37518,"date":"2021-02-08T20:29:26","date_gmt":"2021-02-08T20:29:26","guid":{"rendered":"https:\/\/allaboutibs.com\/polozit-otazku\/"},"modified":"2024-04-30T08:38:26","modified_gmt":"2024-04-30T08:38:26","slug":"polozit-otazku","status":"publish","type":"page","link":"https:\/\/allaboutibs.com\/sk\/polozit-otazku\/","title":{"rendered":"Op\u00fdtajte sa ot\u00e1zku"},"content":{"rendered":"<p>[et_pb_section fb_built=&#8220;1&#8243; _builder_version=&#8220;4.16&#8243; _module_preset=&#8220;default&#8220; global_colors_info=&#8220;{}&#8220;][et_pb_row _builder_version=&#8220;4.24.3&#8243; _module_preset=&#8220;default&#8220; hover_enabled=&#8220;0&#8243; global_colors_info=&#8220;{}&#8220; admin_label=&#8220;Riadok&#8220; sticky_enabled=&#8220;0&#8243;][et_pb_column type=&#8220;4_4&#8243; _builder_version=&#8220;4.16&#8243; _module_preset=&#8220;default&#8220; global_colors_info=&#8220;{}&#8220;][et_pb_image _builder_version=&#8220;4.24.3&#8243; _module_preset=&#8220;default&#8220; alt=&#8220;Text na obr\u00e1zku&#8220; title_text=&#8220;Want to know more about IBS (3)&#8220; src=&#8220;https:\/\/allaboutibs.com\/wp-content\/uploads\/2024\/04\/Want-to-know-more-about-IBS-3.png&#8220; hover_enabled=&#8220;0&#8243; sticky_enabled=&#8220;0&#8243;][\/et_pb_image][et_pb_text _builder_version=&#8220;4.16&#8243; _module_preset=&#8220;default&#8220; global_colors_info=&#8220;{}&#8220;]<\/p>\n<p>Zauj\u00edma v\u00e1s nie\u010do o IBS alebo o in\u00fdch gastrointestin\u00e1lnych ochoreniach? Polo\u017ete n\u00e1\u0161mu dietol\u00f3govi ot\u00e1zku prostredn\u00edctvom formul\u00e1ra ni\u017e\u0161ie. Budeme zhroma\u017e\u010fova\u0165 ot\u00e1zky a vytv\u00e1ra\u0165 nov\u00e9 \u010dl\u00e1nky na z\u00e1klade naj\u010dastej\u0161\u00edch ot\u00e1zok na\u0161ich \u010ditate\u013eov.<\/p>\n<p>[\/et_pb_text][wpforms_selector form_id=&#8220;38304&#8243; _builder_version=&#8220;4.24.3&#8243; _module_preset=&#8220;default&#8220; global_colors_info=&#8220;{}&#8220;][\/wpforms_selector][\/et_pb_column][\/et_pb_row][\/et_pb_section]<\/p>\n","protected":false},"excerpt":{"rendered":"<p>Zauj\u00edma v\u00e1s nie\u010do o IBS alebo o in\u00fdch gastrointestin\u00e1lnych ochoreniach? Polo\u017ete n\u00e1\u0161mu dietol\u00f3govi ot\u00e1zku prostredn\u00edctvom formul\u00e1ra ni\u017e\u0161ie. Budeme zhroma\u017e\u010fova\u0165 ot\u00e1zky a vytv\u00e1ra\u0165 nov\u00e9 \u010dl\u00e1nky na z\u00e1klade naj\u010dastej\u0161\u00edch ot\u00e1zok na\u0161ich \u010ditate\u013eov.<div class=\"et_pb_module wpforms_selector wpforms_selector_0\">\n\t\t\t\t\n\t\t\t\t\n\t\t\t\t\n\t\t\t\t\n\t\t\t\t\n\t\t\t\t\n\t\t\t\t<div class=\"et_pb_module_inner\">\n\t\t\t\t\t<style id=\"wpforms-css-vars-38304\">\n\t\t\t\t#wpforms-38304 {\n\t\t\t\t\n\t\t\t}\n\t\t\t<\/style><div class=\"wpforms-container wpforms-container-full wpforms-render-modern\" id=\"wpforms-38304\"><form id=\"wpforms-form-38304\" class=\"wpforms-validate wpforms-form\" data-formid=\"38304\" method=\"post\" enctype=\"multipart\/form-data\" action=\"\/sk\/wp-json\/wp\/v2\/pages\/37518\" data-token=\"0a2ba382c3bdae27f4a416c6eb855d55\" data-token-time=\"1779020051\"><noscript class=\"wpforms-error-noscript\">Please enable JavaScript in your browser to complete this form.<\/noscript><div id=\"wpforms-error-noscript\" style=\"display: none;\">Please enable JavaScript in your browser to complete this form.<\/div><div class=\"wpforms-field-container\"><div id=\"wpforms-38304-field_1-container\" class=\"wpforms-field wpforms-field-email\" data-field-id=\"1\"><label class=\"wpforms-field-label\" for=\"wpforms-38304-field_1\">Va\u0161a e-mailov\u00e1 adresa <span class=\"wpforms-required-label\" aria-hidden=\"true\">*<\/span><\/label><input type=\"email\" id=\"wpforms-38304-field_1\" class=\"wpforms-field-medium wpforms-field-required\" name=\"wpforms[fields][1]\" placeholder=\"E-mailov\u00e1 adresa\" spellcheck=\"false\" aria-errormessage=\"wpforms-38304-field_1-error\" required><\/div><div id=\"wpforms-38304-field_2-container\" class=\"wpforms-field wpforms-field-textarea\" data-field-id=\"2\"><label class=\"wpforms-field-label\" for=\"wpforms-38304-field_2\">Svoje ot\u00e1zky m\u00f4\u017eete kl\u00e1s\u0165 tu: <span class=\"wpforms-required-label\" aria-hidden=\"true\">*<\/span><\/label><textarea id=\"wpforms-38304-field_2\" class=\"wpforms-field-medium wpforms-field-required\" name=\"wpforms[fields][2]\" placeholder=\"Zadajte sem..\" aria-errormessage=\"wpforms-38304-field_2-error\" required><\/textarea><\/div><div id=\"wpforms-38304-field_3-container\" class=\"wpforms-field wpforms-field-checkbox\" data-field-id=\"3\"><fieldset><legend class=\"wpforms-field-label wpforms-label-hide\" aria-hidden=\"false\">Single Checkbox Field <span class=\"wpforms-required-label\" aria-hidden=\"true\">*<\/span><\/legend><ul id=\"wpforms-38304-field_3\" class=\"wpforms-field-required\"><li class=\"choice-1 depth-1\"><input type=\"checkbox\" id=\"wpforms-38304-field_3_1\" name=\"wpforms[fields][3][]\" value=\"S\u00fahlas\u00edm s ni\u017e\u0161ie uveden\u00fdmi inform\u00e1ciami\" aria-errormessage=\"wpforms-38304-field_3_1-error\" required ><label class=\"wpforms-field-label-inline\" for=\"wpforms-38304-field_3_1\">S\u00fahlas\u00edm s ni\u017e\u0161ie uveden\u00fdmi inform\u00e1ciami<\/label><\/li><\/ul><\/fieldset><\/div><div id=\"wpforms-38304-field_6-container\" class=\"wpforms-field wpforms-field-html\" data-field-id=\"6\"><div id=\"wpforms-38304-field_6\" aria-errormessage=\"wpforms-38304-field_6-error\"><p style=\"font-size:11px\">V\u00fdhradne na\u0161im registrovan\u00fdm u\u017e\u00edvate\u013eom pon\u00fakame \u201eSp\u00fdtajte sa n\u00e1\u0161ho dietol\u00f3ga\u201c. Ako registrovan\u00fd u\u017e\u00edvate\u013e budete dost\u00e1va\u0165 pravideln\u00e9 inform\u00e1cie, newslettre, in\u0161pir\u00e1cie, tipy a ponuky z vsetkooibs.sk priamo na v\u00e1\u0161 e-mail. Na\u0161e slu\u017eby s\u00fa bezplatn\u00e9 a z odberu sa m\u00f4\u017eete kedyko\u013evek odhl\u00e1si\u0165. \u00dapln\u00e9 znenie podmienok a na\u0161ich z\u00e1sad ochrany osobn\u00fdch \u00fadajov n\u00e1jdete <a href=\"https:\/\/allaboutibs.com\/sk\/zasady-ochrany-osobnych-udajov\/\" target=\"_blank\">tu.<\/a>.<\/p><p><\/p><\/div><\/div><div id=\"wpforms-38304-field_5-container\" class=\"wpforms-field wpforms-field-checkbox\" data-field-id=\"5\"><fieldset><legend class=\"wpforms-field-label wpforms-label-hide\" aria-hidden=\"false\">Single Checkbox Field <span class=\"wpforms-required-label\" aria-hidden=\"true\">*<\/span><\/legend><ul id=\"wpforms-38304-field_5\" class=\"wpforms-field-required\"><li class=\"choice-1 depth-1\"><input type=\"checkbox\" id=\"wpforms-38304-field_5_1\" name=\"wpforms[fields][5][]\" value=\"\u00c1no, pros\u00edm! Chcem by\u0165 registrovan\u00fdm pou\u017e\u00edvate\u013eom vsetkooibs.sk.\" aria-errormessage=\"wpforms-38304-field_5_1-error\" required ><label class=\"wpforms-field-label-inline\" for=\"wpforms-38304-field_5_1\">\u00c1no, pros\u00edm! Chcem by\u0165 registrovan\u00fdm pou\u017e\u00edvate\u013eom vsetkooibs.sk.<\/label><\/li><\/ul><\/fieldset><\/div><div id=\"wpforms-38304-field_13-container\" class=\"wpforms-field wpforms-field-html\" data-field-id=\"13\"><div id=\"wpforms-38304-field_13\" aria-errormessage=\"wpforms-38304-field_13-error\"><p style=\"font-size:11px\">V\u00fdhradne na\u0161im registrovan\u00fdm u\u017e\u00edvate\u013eom pon\u00fakame \u201eSp\u00fdtajte sa n\u00e1\u0161ho dietol\u00f3ga\u201c. Ako registrovan\u00fd u\u017e\u00edvate\u013e budete dost\u00e1va\u0165 pravideln\u00e9 inform\u00e1cie, newslettre, in\u0161pir\u00e1cie, tipy a ponuky z vsetkooibs.sk priamo na v\u00e1\u0161 e-mail. Na\u0161e slu\u017eby s\u00fa bezplatn\u00e9 a z odberu sa m\u00f4\u017eete kedyko\u013evek odhl\u00e1si\u0165. \u00dapln\u00e9 znenie podmienok a na\u0161ich z\u00e1sad ochrany osobn\u00fdch \u00fadajov n\u00e1jdete <a href=\"https:\/\/allaboutibs.com\/sk\/zasady-ochrany-osobnych-udajov\/\" target=\"_blank\">tu.<\/a>.<\/p><p><\/p><\/div><\/div><\/div><!-- .wpforms-field-container --><div class=\"wpforms-recaptcha-container wpforms-is-recaptcha wpforms-is-recaptcha-type-v3\" ><input type=\"hidden\" name=\"wpforms[recaptcha]\" value=\"\"><\/div><div class=\"wpforms-submit-container\" ><input type=\"hidden\" name=\"wpforms[id]\" value=\"38304\"><input type=\"hidden\" name=\"page_title\" value=\"\"><input type=\"hidden\" name=\"page_url\" value=\"https:\/\/allaboutibs.com\/sk\/wp-json\/wp\/v2\/pages\/37518\"><input type=\"hidden\" name=\"url_referer\" value=\"\"><button type=\"submit\" name=\"wpforms[submit]\" id=\"wpforms-submit-38304\" class=\"wpforms-submit\" data-alt-text=\"Odosielanie\" data-submit-text=\"Posla\u0165\" aria-live=\"assertive\" value=\"wpforms-submit\">Posla\u0165<\/button><\/div><\/form><\/div>  <!-- .wpforms-container -->\n\t\t\t\t<\/div>\n\t\t\t<\/div><\/p>\n","protected":false},"author":10,"featured_media":0,"parent":0,"menu_order":0,"comment_status":"closed","ping_status":"closed","template":"","meta":{"_et_pb_use_builder":"on","_et_pb_old_content":"","_et_gb_content_width":"","footnotes":""},"class_list":["post-37518","page","type-page","status-publish","hentry"],"yoast_head":"<!-- This site is optimized with the Yoast SEO plugin v27.6 - https:\/\/yoast.com\/product\/yoast-seo-wordpress\/ -->\n<title>Op\u00fdtajte sa ot\u00e1zku - all about IBS<\/title>\n<meta name=\"description\" content=\"Sp\u00fdtajte sa n\u00e1\u0161ho dietol\u00f3ga na \u010doko\u013evek o IBS. Budeme vytv\u00e1ra\u0165 nov\u00e9 \u010dl\u00e1nky na z\u00e1klade naj\u010dastej\u0161\u00edch ot\u00e1zok na\u0161ich \u010ditate\u013eov.\" \/>\n<meta name=\"robots\" content=\"index, follow, max-snippet:-1, max-image-preview:large, max-video-preview:-1\" \/>\n<link rel=\"canonical\" href=\"https:\/\/allaboutibs.com\/sk\/polozit-otazku\/\" \/>\n<meta property=\"og:locale\" content=\"sk_SK\" \/>\n<meta property=\"og:type\" content=\"article\" \/>\n<meta property=\"og:title\" content=\"Op\u00fdtajte sa ot\u00e1zku - all about IBS\" \/>\n<meta property=\"og:description\" content=\"Sp\u00fdtajte sa n\u00e1\u0161ho dietol\u00f3ga na \u010doko\u013evek o IBS. Budeme vytv\u00e1ra\u0165 nov\u00e9 \u010dl\u00e1nky na z\u00e1klade naj\u010dastej\u0161\u00edch ot\u00e1zok na\u0161ich \u010ditate\u013eov.\" \/>\n<meta property=\"og:url\" content=\"https:\/\/allaboutibs.com\/sk\/polozit-otazku\/\" \/>\n<meta property=\"og:site_name\" content=\"all about IBS\" \/>\n<meta property=\"article:modified_time\" content=\"2024-04-30T08:38:26+00:00\" \/>\n<meta name=\"twitter:card\" content=\"summary_large_image\" \/>\n<meta name=\"twitter:label1\" content=\"Predpokladan\u00fd \u010das \u010d\u00edtania\" \/>\n\t<meta name=\"twitter:data1\" content=\"2 min\u00faty\" \/>\n<script type=\"application\/ld+json\" class=\"yoast-schema-graph\">{\"@context\":\"https:\\\/\\\/schema.org\",\"@graph\":[{\"@type\":\"WebPage\",\"@id\":\"https:\\\/\\\/allaboutibs.com\\\/sk\\\/polozit-otazku\\\/\",\"url\":\"https:\\\/\\\/allaboutibs.com\\\/sk\\\/polozit-otazku\\\/\",\"name\":\"Op\u00fdtajte sa ot\u00e1zku - all about IBS\",\"isPartOf\":{\"@id\":\"https:\\\/\\\/allaboutibs.com\\\/sk\\\/#website\"},\"datePublished\":\"2021-02-08T20:29:26+00:00\",\"dateModified\":\"2024-04-30T08:38:26+00:00\",\"description\":\"Sp\u00fdtajte sa n\u00e1\u0161ho dietol\u00f3ga na \u010doko\u013evek o IBS. Budeme vytv\u00e1ra\u0165 nov\u00e9 \u010dl\u00e1nky na z\u00e1klade naj\u010dastej\u0161\u00edch ot\u00e1zok na\u0161ich \u010ditate\u013eov.\",\"breadcrumb\":{\"@id\":\"https:\\\/\\\/allaboutibs.com\\\/sk\\\/polozit-otazku\\\/#breadcrumb\"},\"inLanguage\":\"sk-SK\",\"potentialAction\":[{\"@type\":\"ReadAction\",\"target\":[\"https:\\\/\\\/allaboutibs.com\\\/sk\\\/polozit-otazku\\\/\"]}]},{\"@type\":\"BreadcrumbList\",\"@id\":\"https:\\\/\\\/allaboutibs.com\\\/sk\\\/polozit-otazku\\\/#breadcrumb\",\"itemListElement\":[{\"@type\":\"ListItem\",\"position\":1,\"name\":\"Home\",\"item\":\"https:\\\/\\\/allaboutibs.com\\\/sk\\\/\"},{\"@type\":\"ListItem\",\"position\":2,\"name\":\"Op\u00fdtajte sa ot\u00e1zku\"}]},{\"@type\":\"WebSite\",\"@id\":\"https:\\\/\\\/allaboutibs.com\\\/sk\\\/#website\",\"url\":\"https:\\\/\\\/allaboutibs.com\\\/sk\\\/\",\"name\":\"all about IBS\",\"description\":\"All about IBS &amp; bowel problems\",\"publisher\":{\"@id\":\"https:\\\/\\\/allaboutibs.com\\\/sk\\\/#organization\"},\"potentialAction\":[{\"@type\":\"SearchAction\",\"target\":{\"@type\":\"EntryPoint\",\"urlTemplate\":\"https:\\\/\\\/allaboutibs.com\\\/sk\\\/?s={search_term_string}\"},\"query-input\":{\"@type\":\"PropertyValueSpecification\",\"valueRequired\":true,\"valueName\":\"search_term_string\"}}],\"inLanguage\":\"sk-SK\"},{\"@type\":\"Organization\",\"@id\":\"https:\\\/\\\/allaboutibs.com\\\/sk\\\/#organization\",\"name\":\"all about IBS\",\"url\":\"https:\\\/\\\/allaboutibs.com\\\/sk\\\/\",\"logo\":{\"@type\":\"ImageObject\",\"inLanguage\":\"sk-SK\",\"@id\":\"https:\\\/\\\/allaboutibs.com\\\/sk\\\/#\\\/schema\\\/logo\\\/image\\\/\",\"url\":\"https:\\\/\\\/allaboutibs.com\\\/wp-content\\\/uploads\\\/2021\\\/02\\\/allaboutibs-favicon-en.png\",\"contentUrl\":\"https:\\\/\\\/allaboutibs.com\\\/wp-content\\\/uploads\\\/2021\\\/02\\\/allaboutibs-favicon-en.png\",\"width\":512,\"height\":512,\"caption\":\"all about IBS\"},\"image\":{\"@id\":\"https:\\\/\\\/allaboutibs.com\\\/sk\\\/#\\\/schema\\\/logo\\\/image\\\/\"}}]}<\/script>\n<!-- \/ Yoast SEO plugin. -->","yoast_head_json":{"title":"Op\u00fdtajte sa ot\u00e1zku - all about IBS","description":"Sp\u00fdtajte sa n\u00e1\u0161ho dietol\u00f3ga na \u010doko\u013evek o IBS. Budeme vytv\u00e1ra\u0165 nov\u00e9 \u010dl\u00e1nky na z\u00e1klade naj\u010dastej\u0161\u00edch ot\u00e1zok na\u0161ich \u010ditate\u013eov.","robots":{"index":"index","follow":"follow","max-snippet":"max-snippet:-1","max-image-preview":"max-image-preview:large","max-video-preview":"max-video-preview:-1"},"canonical":"https:\/\/allaboutibs.com\/sk\/polozit-otazku\/","og_locale":"sk_SK","og_type":"article","og_title":"Op\u00fdtajte sa ot\u00e1zku - all about IBS","og_description":"Sp\u00fdtajte sa n\u00e1\u0161ho dietol\u00f3ga na \u010doko\u013evek o IBS. Budeme vytv\u00e1ra\u0165 nov\u00e9 \u010dl\u00e1nky na z\u00e1klade naj\u010dastej\u0161\u00edch ot\u00e1zok na\u0161ich \u010ditate\u013eov.","og_url":"https:\/\/allaboutibs.com\/sk\/polozit-otazku\/","og_site_name":"all about IBS","article_modified_time":"2024-04-30T08:38:26+00:00","twitter_card":"summary_large_image","twitter_misc":{"Predpokladan\u00fd \u010das \u010d\u00edtania":"2 min\u00faty"},"schema":{"@context":"https:\/\/schema.org","@graph":[{"@type":"WebPage","@id":"https:\/\/allaboutibs.com\/sk\/polozit-otazku\/","url":"https:\/\/allaboutibs.com\/sk\/polozit-otazku\/","name":"Op\u00fdtajte sa ot\u00e1zku - all about IBS","isPartOf":{"@id":"https:\/\/allaboutibs.com\/sk\/#website"},"datePublished":"2021-02-08T20:29:26+00:00","dateModified":"2024-04-30T08:38:26+00:00","description":"Sp\u00fdtajte sa n\u00e1\u0161ho dietol\u00f3ga na \u010doko\u013evek o IBS. Budeme vytv\u00e1ra\u0165 nov\u00e9 \u010dl\u00e1nky na z\u00e1klade naj\u010dastej\u0161\u00edch ot\u00e1zok na\u0161ich \u010ditate\u013eov.","breadcrumb":{"@id":"https:\/\/allaboutibs.com\/sk\/polozit-otazku\/#breadcrumb"},"inLanguage":"sk-SK","potentialAction":[{"@type":"ReadAction","target":["https:\/\/allaboutibs.com\/sk\/polozit-otazku\/"]}]},{"@type":"BreadcrumbList","@id":"https:\/\/allaboutibs.com\/sk\/polozit-otazku\/#breadcrumb","itemListElement":[{"@type":"ListItem","position":1,"name":"Home","item":"https:\/\/allaboutibs.com\/sk\/"},{"@type":"ListItem","position":2,"name":"Op\u00fdtajte sa ot\u00e1zku"}]},{"@type":"WebSite","@id":"https:\/\/allaboutibs.com\/sk\/#website","url":"https:\/\/allaboutibs.com\/sk\/","name":"all about IBS","description":"All about IBS &amp; bowel problems","publisher":{"@id":"https:\/\/allaboutibs.com\/sk\/#organization"},"potentialAction":[{"@type":"SearchAction","target":{"@type":"EntryPoint","urlTemplate":"https:\/\/allaboutibs.com\/sk\/?s={search_term_string}"},"query-input":{"@type":"PropertyValueSpecification","valueRequired":true,"valueName":"search_term_string"}}],"inLanguage":"sk-SK"},{"@type":"Organization","@id":"https:\/\/allaboutibs.com\/sk\/#organization","name":"all about IBS","url":"https:\/\/allaboutibs.com\/sk\/","logo":{"@type":"ImageObject","inLanguage":"sk-SK","@id":"https:\/\/allaboutibs.com\/sk\/#\/schema\/logo\/image\/","url":"https:\/\/allaboutibs.com\/wp-content\/uploads\/2021\/02\/allaboutibs-favicon-en.png","contentUrl":"https:\/\/allaboutibs.com\/wp-content\/uploads\/2021\/02\/allaboutibs-favicon-en.png","width":512,"height":512,"caption":"all about IBS"},"image":{"@id":"https:\/\/allaboutibs.com\/sk\/#\/schema\/logo\/image\/"}}]}},"_links":{"self":[{"href":"https:\/\/allaboutibs.com\/sk\/wp-json\/wp\/v2\/pages\/37518","targetHints":{"allow":["GET"]}}],"collection":[{"href":"https:\/\/allaboutibs.com\/sk\/wp-json\/wp\/v2\/pages"}],"about":[{"href":"https:\/\/allaboutibs.com\/sk\/wp-json\/wp\/v2\/types\/page"}],"author":[{"embeddable":true,"href":"https:\/\/allaboutibs.com\/sk\/wp-json\/wp\/v2\/users\/10"}],"replies":[{"embeddable":true,"href":"https:\/\/allaboutibs.com\/sk\/wp-json\/wp\/v2\/comments?post=37518"}],"version-history":[{"count":11,"href":"https:\/\/allaboutibs.com\/sk\/wp-json\/wp\/v2\/pages\/37518\/revisions"}],"predecessor-version":[{"id":38876,"href":"https:\/\/allaboutibs.com\/sk\/wp-json\/wp\/v2\/pages\/37518\/revisions\/38876"}],"wp:attachment":[{"href":"https:\/\/allaboutibs.com\/sk\/wp-json\/wp\/v2\/media?parent=37518"}],"curies":[{"name":"wp","href":"https:\/\/api.w.org\/{rel}","templated":true}]}}