{"id":38583,"date":"2023-12-05T13:32:17","date_gmt":"2023-12-05T13:32:17","guid":{"rendered":"https:\/\/allaboutibs.com\/vse-o-ibs\/"},"modified":"2024-05-22T11:07:10","modified_gmt":"2024-05-22T11:07:10","slug":"vse-o-ibs","status":"publish","type":"page","link":"https:\/\/allaboutibs.com\/cs\/","title":{"rendered":"V\u0160E O IBS"},"content":{"rendered":"<p>[et_pb_section fb_built=&#8220;1&#8243; _builder_version=&#8220;4.23.1&#8243; _module_preset=&#8220;default&#8220; background_color=&#8220;#efefef&#8220; z_index=&#8220;1&#8243; custom_padding=&#8220;17px|||||&#8220; locked=&#8220;off&#8220; global_colors_info=&#8220;{}&#8220;][et_pb_row column_structure=&#8220;3_5,2_5&#8243; use_custom_gutter=&#8220;on&#8220; _builder_version=&#8220;4.23.1&#8243; _module_preset=&#8220;default&#8220; width=&#8220;100%&#8220; max_width=&#8220;1280px&#8220; custom_padding=&#8220;12px|10px||10px|false|false&#8220; global_colors_info=&#8220;{}&#8220;][et_pb_column type=&#8220;3_5&#8243; _builder_version=&#8220;4.23.1&#8243; _module_preset=&#8220;default&#8220; global_colors_info=&#8220;{}&#8220;][et_pb_text ul_item_indent=&#8220;42px&#8220; _builder_version=&#8220;4.24.2&#8243; _module_preset=&#8220;default&#8220; text_font=&#8220;||||||||&#8220; text_text_color=&#8220;#3e5062&#8243; text_font_size=&#8220;20px&#8220; header_font=&#8220;|800|||||||&#8220; header_text_align=&#8220;center&#8220; header_text_color=&#8220;#3e5062&#8243; header_font_size=&#8220;41px&#8220; background_color=&#8220;#ffffff&#8220; custom_padding=&#8220;20px|20px|20px|20px|true|true&#8220; border_radii=&#8220;on|15px|15px|15px|15px&#8220; box_shadow_style=&#8220;preset1&#8243; box_shadow_vertical=&#8220;0px&#8220; box_shadow_blur=&#8220;10px&#8220; box_shadow_color=&#8220;rgba(0,0,0,0.1)&#8220; global_colors_info=&#8220;{}&#8220;]<\/p>\n<h1>Co je to IBS?<\/h1>\n<p><strong>IBS<\/strong> neboli <strong>syndrom dr\u00e1\u017ediv\u00e9ho tra\u010dn\u00edku<\/strong> je jedn\u00edm z nej\u010dast\u011bj\u0161\u00edch onemocn\u011bn\u00ed na sv\u011bt\u011b.<\/p>\n<p>Odhaduje se, \u017ee p\u0159ibli\u017en\u011b 1 z 10 lid\u00ed m\u00e1 opakuj\u00edc\u00ed se probl\u00e9my spojen\u00e9 se syndromem dr\u00e1\u017ediv\u00e9ho tra\u010dn\u00edku. IBS je souhrnn\u00fd term\u00edn pro v\u011bt\u0161\u00ed skupinu onemocn\u011bn\u00ed tr\u00e1vic\u00edho traktu, kter\u00e1 se naz\u00fdv\u00e1 <span style=\"text-decoration: underline;\">funk\u010dn\u00ed gastrointestin\u00e1ln\u00ed poruchy<\/span>. O n\u011bco \u010dast\u011bji se vyskytuje u \u017een a \u010dasto postihuje mlad\u00e9, aktivn\u00ed lidi. P\u0159esto\u017ee je IBS velmi \u010dast\u00fd, v\u00ed se jen velmi m\u00e1lo o tom, pro\u010d j\u00edm n\u011bkte\u0159\u00ed lid\u00e9 trp\u00ed.<\/p>\n<p>Na str\u00e1nk\u00e1ch V\u0161e o IBS si m\u016f\u017eete p\u0159e\u010d\u00edst v\u00edce o nej\u010dast\u011bj\u0161\u00edch p\u0159\u00edznac\u00edch a p\u0159\u00ed\u010din\u00e1ch IBS a o sou\u010dasn\u00fdch mo\u017enostech l\u00e9\u010dby. <a href=\"https:\/\/allaboutibs.com\/cs\/co-je-to-ibs-syndrom-drazdiveho-tracniku\/\">Dal\u0161\u00ed informace o IBS.<\/a><\/p>\n<p>[\/et_pb_text][et_pb_code _builder_version=&#8220;4.23.1&#8243; text_orientation=&#8220;center&#8220; width=&#8220;100%&#8220; max_width=&#8220;100%&#8220; module_alignment=&#8220;center&#8220; custom_padding=&#8220;|10px||||&#8220; locked=&#8220;off&#8220; global_colors_info=&#8220;{}&#8220; height__hover_enabled=&#8220;off|desktop&#8220;]<div class=\"g g-2\"><div class=\"g-single a-5\"><a data-track=\"NSwyLDYw\" id=\"annons\" class=\"annons gofollow\" href=\"https:\/\/allaboutibs.com\/training-and-ibs\/\" \" target=\"_blank\" rel=\"nofollow\">\r\n<span class=\"annonstext\"><font style=\"vertical-align: inherit;\"><font style=\"vertical-align: inherit;\">LINK TO ARTICLE<\/font><\/font><\/span>\r\n<img decoding=\"async\" data-src=\"https:\/\/allaboutibs.com\/wp-content\/uploads\/2023\/03\/728x90-Training_How-to-avoid.jpg\" src=\"data:image\/svg+xml;base64,PHN2ZyB3aWR0aD0iMSIgaGVpZ2h0PSIxIiB4bWxucz0iaHR0cDovL3d3dy53My5vcmcvMjAwMC9zdmciPjwvc3ZnPg==\" class=\"lazyload\" style=\"--smush-placeholder-width: 728px; --smush-placeholder-aspect-ratio: 728\/90;\" \/>\r\n<\/a><\/div><\/div>[\/et_pb_code][\/et_pb_column][et_pb_column type=&#8220;2_5&#8243; _builder_version=&#8220;4.23.1&#8243; _module_preset=&#8220;default&#8220; global_colors_info=&#8220;{}&#8220;][et_pb_post_slider posts_number=&#8220;1&#8243; include_categories=&#8220;all&#8220; show_arrows=&#8220;off&#8220; show_pagination=&#8220;off&#8220; excerpt_length=&#8220;150&#8243; show_meta=&#8220;off&#8220; use_bg_overlay=&#8220;off&#8220; use_text_overlay=&#8220;on&#8220; text_overlay_color=&#8220;rgba(0,0,0,0.54)&#8220; _builder_version=&#8220;4.23.1&#8243; _module_preset=&#8220;default&#8220; header_font=&#8220;|700||on|||||&#8220; body_font_size=&#8220;17px&#8220; custom_button=&#8220;on&#8220; button_border_width=&#8220;0px&#8220; width=&#8220;100%&#8220; min_height=&#8220;100%&#8220; height=&#8220;566px&#8220; max_height=&#8220;100%&#8220; custom_padding=&#8220;|0px||0px|false|false&#8220; header_text_shadow_style=&#8220;preset1&#8243; border_radii=&#8220;on|15px|15px|15px|15px&#8220; global_colors_info=&#8220;{}&#8220;][\/et_pb_post_slider][\/et_pb_column][\/et_pb_row][et_pb_row column_structure=&#8220;3_4,1_4&#8243; use_custom_gutter=&#8220;on&#8220; _builder_version=&#8220;4.23.1&#8243; _module_preset=&#8220;default&#8220; width=&#8220;100%&#8220; max_width=&#8220;1280px&#8220; custom_padding=&#8220;12px|10px||10px|false|false&#8220; global_colors_info=&#8220;{}&#8220;][et_pb_column type=&#8220;3_4&#8243; _builder_version=&#8220;4.23.1&#8243; _module_preset=&#8220;default&#8220; global_colors_info=&#8220;{}&#8220;][et_pb_blog fullwidth=&#8220;off&#8220; include_categories=&#8220;all&#8220; excerpt_length=&#8220;150&#8243; show_more=&#8220;on&#8220; show_author=&#8220;off&#8220; show_date=&#8220;off&#8220; show_categories=&#8220;off&#8220; _builder_version=&#8220;4.24.2&#8243; header_level=&#8220;h1&#8243; header_font=&#8220;|600|||||||&#8220; header_text_color=&#8220;#3e5062&#8243; header_font_size=&#8220;8px&#8220; body_text_color=&#8220;#&#8220; read_more_font=&#8220;|600||on|||||&#8220; read_more_text_color=&#8220;#ff8873&#8243; read_more_font_size=&#8220;16px&#8220; read_more_letter_spacing=&#8220;1px&#8220; read_more_line_height=&#8220;2em&#8220; background_color=&#8220;RGBA(255,255,255,0)&#8220; custom_css_main_element=&#8220;||||&#8220; border_radii=&#8220;on|10px|10px|10px|10px&#8220; border_color_all_fullwidth=&#8220;RGBA(255,255,255,0)&#8220; locked=&#8220;off&#8220; global_colors_info=&#8220;{}&#8220; custom_css_main_element_last_edited=&#8220;off|phone&#8220; custom_css_main_element_tablet=&#8220;column-count: 3;||column-gap: 20px;||||&#8220;][\/et_pb_blog][\/et_pb_column][et_pb_column type=&#8220;1_4&#8243; _builder_version=&#8220;4.23.1&#8243; _module_preset=&#8220;default&#8220; global_colors_info=&#8220;{}&#8220;][et_pb_code _builder_version=&#8220;4.23.1&#8243; _module_preset=&#8220;default&#8220; text_orientation=&#8220;center&#8220; global_colors_info=&#8220;{}&#8220;]<!-- Either there are no banners, they are disabled or none qualified for this location! -->[\/et_pb_code][et_pb_image src=&#8220;https:\/\/allaboutibs.com\/wp-content\/uploads\/2024\/05\/Want-to-know-more-about-IBS-\u2013-kopia.png&#8220; alt=&#8220;Chcete v\u011bd\u011bt v\u00edc o IBS?&#8220; title_text=&#8220;Want to know more about IBS (3)&#8220; url=&#8220;https:\/\/allaboutibs.com\/cs\/polozit-otazku\/&#8220; _builder_version=&#8220;4.25.0&#8243; _module_preset=&#8220;default&#8220; max_width=&#8220;90%&#8220; module_alignment=&#8220;center&#8220; hover_enabled=&#8220;0&#8243; border_radii=&#8220;on|10px|10px|10px|10px&#8220; global_colors_info=&#8220;{}&#8220; admin_label=&#8220;Obr\u00e1zek&#8220; sticky_enabled=&#8220;0&#8243;][\/et_pb_image][et_pb_sidebar _builder_version=&#8220;4.23.1&#8243; _module_preset=&#8220;default&#8220; max_width=&#8220;100%&#8220; module_alignment=&#8220;center&#8220; custom_padding=&#8220;|15px||15px|false|false&#8220; border_color_all=&#8220;RGBA(255,255,255,0)&#8220; global_colors_info=&#8220;{}&#8220;][\/et_pb_sidebar][et_pb_code _builder_version=&#8220;4.23.1&#8243; _module_preset=&#8220;default&#8220; text_orientation=&#8220;center&#8220; global_colors_info=&#8220;{}&#8220;]<!-- Either there are no banners, they are disabled or none qualified for this location! -->[\/et_pb_code][\/et_pb_column][\/et_pb_row][\/et_pb_section]<\/p>\n","protected":false},"excerpt":{"rendered":"<p>Co je to IBS? IBS neboli syndrom dr\u00e1\u017ediv\u00e9ho tra\u010dn\u00edku je jedn\u00edm z nej\u010dast\u011bj\u0161\u00edch onemocn\u011bn\u00ed na sv\u011bt\u011b. Odhaduje se, \u017ee p\u0159ibli\u017en\u011b 1 z 10 lid\u00ed m\u00e1 opakuj\u00edc\u00ed se probl\u00e9my spojen\u00e9 se syndromem dr\u00e1\u017ediv\u00e9ho tra\u010dn\u00edku. IBS je souhrnn\u00fd term\u00edn pro v\u011bt\u0161\u00ed skupinu onemocn\u011bn\u00ed tr\u00e1vic\u00edho traktu, kter\u00e1 se naz\u00fdv\u00e1 funk\u010dn\u00ed gastrointestin\u00e1ln\u00ed poruchy. O n\u011bco \u010dast\u011bji se vyskytuje u [&hellip;]<\/p>\n","protected":false},"author":10,"featured_media":0,"parent":0,"menu_order":0,"comment_status":"closed","ping_status":"closed","template":"","meta":{"_et_pb_use_builder":"on","_et_pb_old_content":"","_et_gb_content_width":"","footnotes":""},"class_list":["post-38583","page","type-page","status-publish","hentry"],"yoast_head":"<!-- This site is optimized with the Yoast SEO plugin v27.5 - https:\/\/yoast.com\/product\/yoast-seo-wordpress\/ -->\n<title>V\u0160E O IBS - all about IBS<\/title>\n<meta name=\"description\" content=\"Na str\u00e1nk\u00e1ch vseoibs.cz si m\u016f\u017eete p\u0159e\u010d\u00edst o p\u0159\u00edznac\u00edch, diagnostice a l\u00e9\u010db\u011b IBS a mnoha dal\u0161\u00edch st\u0159evn\u00edch pot\u00ed\u017e\u00ed.\" \/>\n<meta name=\"robots\" content=\"index, follow, max-snippet:-1, max-image-preview:large, max-video-preview:-1\" \/>\n<link rel=\"canonical\" href=\"https:\/\/allaboutibs.com\/cs\/\" \/>\n<meta property=\"og:locale\" content=\"cs_CZ\" \/>\n<meta property=\"og:type\" content=\"article\" \/>\n<meta property=\"og:title\" content=\"V\u0160E O IBS - all about IBS\" \/>\n<meta property=\"og:description\" content=\"Na str\u00e1nk\u00e1ch vseoibs.cz si m\u016f\u017eete p\u0159e\u010d\u00edst o p\u0159\u00edznac\u00edch, diagnostice a l\u00e9\u010db\u011b IBS a mnoha dal\u0161\u00edch st\u0159evn\u00edch pot\u00ed\u017e\u00ed.\" \/>\n<meta property=\"og:url\" content=\"https:\/\/allaboutibs.com\/cs\/\" \/>\n<meta property=\"og:site_name\" content=\"all about IBS\" \/>\n<meta property=\"article:modified_time\" content=\"2024-05-22T11:07:10+00:00\" \/>\n<meta name=\"twitter:card\" content=\"summary_large_image\" \/>\n<meta name=\"twitter:label1\" content=\"Odhadovan\u00e1 doba \u010dten\u00ed\" \/>\n\t<meta name=\"twitter:data1\" content=\"6 minut\" \/>\n<script type=\"application\/ld+json\" class=\"yoast-schema-graph\">{\"@context\":\"https:\\\/\\\/schema.org\",\"@graph\":[{\"@type\":\"WebPage\",\"@id\":\"https:\\\/\\\/allaboutibs.com\\\/cs\\\/\",\"url\":\"https:\\\/\\\/allaboutibs.com\\\/cs\\\/\",\"name\":\"V\u0160E O IBS - all about IBS\",\"isPartOf\":{\"@id\":\"https:\\\/\\\/allaboutibs.com\\\/cs\\\/#website\"},\"datePublished\":\"2023-12-05T13:32:17+00:00\",\"dateModified\":\"2024-05-22T11:07:10+00:00\",\"description\":\"Na str\u00e1nk\u00e1ch vseoibs.cz si m\u016f\u017eete p\u0159e\u010d\u00edst o p\u0159\u00edznac\u00edch, diagnostice a l\u00e9\u010db\u011b IBS a mnoha dal\u0161\u00edch st\u0159evn\u00edch pot\u00ed\u017e\u00ed.\",\"breadcrumb\":{\"@id\":\"https:\\\/\\\/allaboutibs.com\\\/cs\\\/#breadcrumb\"},\"inLanguage\":\"cs\",\"potentialAction\":[{\"@type\":\"ReadAction\",\"target\":[\"https:\\\/\\\/allaboutibs.com\\\/cs\\\/\"]}]},{\"@type\":\"BreadcrumbList\",\"@id\":\"https:\\\/\\\/allaboutibs.com\\\/cs\\\/#breadcrumb\",\"itemListElement\":[{\"@type\":\"ListItem\",\"position\":1,\"name\":\"Home\",\"item\":\"https:\\\/\\\/allaboutibs.com\\\/cs\\\/\"},{\"@type\":\"ListItem\",\"position\":2,\"name\":\"V\u0160E O IBS\"}]},{\"@type\":\"WebSite\",\"@id\":\"https:\\\/\\\/allaboutibs.com\\\/cs\\\/#website\",\"url\":\"https:\\\/\\\/allaboutibs.com\\\/cs\\\/\",\"name\":\"all about IBS\",\"description\":\"All about IBS &amp; bowel problems\",\"publisher\":{\"@id\":\"https:\\\/\\\/allaboutibs.com\\\/cs\\\/#organization\"},\"potentialAction\":[{\"@type\":\"SearchAction\",\"target\":{\"@type\":\"EntryPoint\",\"urlTemplate\":\"https:\\\/\\\/allaboutibs.com\\\/cs\\\/?s={search_term_string}\"},\"query-input\":{\"@type\":\"PropertyValueSpecification\",\"valueRequired\":true,\"valueName\":\"search_term_string\"}}],\"inLanguage\":\"cs\"},{\"@type\":\"Organization\",\"@id\":\"https:\\\/\\\/allaboutibs.com\\\/cs\\\/#organization\",\"name\":\"all about IBS\",\"url\":\"https:\\\/\\\/allaboutibs.com\\\/cs\\\/\",\"logo\":{\"@type\":\"ImageObject\",\"inLanguage\":\"cs\",\"@id\":\"https:\\\/\\\/allaboutibs.com\\\/cs\\\/#\\\/schema\\\/logo\\\/image\\\/\",\"url\":\"https:\\\/\\\/allaboutibs.com\\\/wp-content\\\/uploads\\\/2021\\\/02\\\/allaboutibs-favicon-en.png\",\"contentUrl\":\"https:\\\/\\\/allaboutibs.com\\\/wp-content\\\/uploads\\\/2021\\\/02\\\/allaboutibs-favicon-en.png\",\"width\":512,\"height\":512,\"caption\":\"all about IBS\"},\"image\":{\"@id\":\"https:\\\/\\\/allaboutibs.com\\\/cs\\\/#\\\/schema\\\/logo\\\/image\\\/\"}}]}<\/script>\n<!-- \/ Yoast SEO plugin. -->","yoast_head_json":{"title":"V\u0160E O IBS - all about IBS","description":"Na str\u00e1nk\u00e1ch vseoibs.cz si m\u016f\u017eete p\u0159e\u010d\u00edst o p\u0159\u00edznac\u00edch, diagnostice a l\u00e9\u010db\u011b IBS a mnoha dal\u0161\u00edch st\u0159evn\u00edch pot\u00ed\u017e\u00ed.","robots":{"index":"index","follow":"follow","max-snippet":"max-snippet:-1","max-image-preview":"max-image-preview:large","max-video-preview":"max-video-preview:-1"},"canonical":"https:\/\/allaboutibs.com\/cs\/","og_locale":"cs_CZ","og_type":"article","og_title":"V\u0160E O IBS - all about IBS","og_description":"Na str\u00e1nk\u00e1ch vseoibs.cz si m\u016f\u017eete p\u0159e\u010d\u00edst o p\u0159\u00edznac\u00edch, diagnostice a l\u00e9\u010db\u011b IBS a mnoha dal\u0161\u00edch st\u0159evn\u00edch pot\u00ed\u017e\u00ed.","og_url":"https:\/\/allaboutibs.com\/cs\/","og_site_name":"all about IBS","article_modified_time":"2024-05-22T11:07:10+00:00","twitter_card":"summary_large_image","twitter_misc":{"Odhadovan\u00e1 doba \u010dten\u00ed":"6 minut"},"schema":{"@context":"https:\/\/schema.org","@graph":[{"@type":"WebPage","@id":"https:\/\/allaboutibs.com\/cs\/","url":"https:\/\/allaboutibs.com\/cs\/","name":"V\u0160E O IBS - all about IBS","isPartOf":{"@id":"https:\/\/allaboutibs.com\/cs\/#website"},"datePublished":"2023-12-05T13:32:17+00:00","dateModified":"2024-05-22T11:07:10+00:00","description":"Na str\u00e1nk\u00e1ch vseoibs.cz si m\u016f\u017eete p\u0159e\u010d\u00edst o p\u0159\u00edznac\u00edch, diagnostice a l\u00e9\u010db\u011b IBS a mnoha dal\u0161\u00edch st\u0159evn\u00edch pot\u00ed\u017e\u00ed.","breadcrumb":{"@id":"https:\/\/allaboutibs.com\/cs\/#breadcrumb"},"inLanguage":"cs","potentialAction":[{"@type":"ReadAction","target":["https:\/\/allaboutibs.com\/cs\/"]}]},{"@type":"BreadcrumbList","@id":"https:\/\/allaboutibs.com\/cs\/#breadcrumb","itemListElement":[{"@type":"ListItem","position":1,"name":"Home","item":"https:\/\/allaboutibs.com\/cs\/"},{"@type":"ListItem","position":2,"name":"V\u0160E O IBS"}]},{"@type":"WebSite","@id":"https:\/\/allaboutibs.com\/cs\/#website","url":"https:\/\/allaboutibs.com\/cs\/","name":"all about IBS","description":"All about IBS &amp; bowel problems","publisher":{"@id":"https:\/\/allaboutibs.com\/cs\/#organization"},"potentialAction":[{"@type":"SearchAction","target":{"@type":"EntryPoint","urlTemplate":"https:\/\/allaboutibs.com\/cs\/?s={search_term_string}"},"query-input":{"@type":"PropertyValueSpecification","valueRequired":true,"valueName":"search_term_string"}}],"inLanguage":"cs"},{"@type":"Organization","@id":"https:\/\/allaboutibs.com\/cs\/#organization","name":"all about IBS","url":"https:\/\/allaboutibs.com\/cs\/","logo":{"@type":"ImageObject","inLanguage":"cs","@id":"https:\/\/allaboutibs.com\/cs\/#\/schema\/logo\/image\/","url":"https:\/\/allaboutibs.com\/wp-content\/uploads\/2021\/02\/allaboutibs-favicon-en.png","contentUrl":"https:\/\/allaboutibs.com\/wp-content\/uploads\/2021\/02\/allaboutibs-favicon-en.png","width":512,"height":512,"caption":"all about IBS"},"image":{"@id":"https:\/\/allaboutibs.com\/cs\/#\/schema\/logo\/image\/"}}]}},"_links":{"self":[{"href":"https:\/\/allaboutibs.com\/cs\/wp-json\/wp\/v2\/pages\/38583","targetHints":{"allow":["GET"]}}],"collection":[{"href":"https:\/\/allaboutibs.com\/cs\/wp-json\/wp\/v2\/pages"}],"about":[{"href":"https:\/\/allaboutibs.com\/cs\/wp-json\/wp\/v2\/types\/page"}],"author":[{"embeddable":true,"href":"https:\/\/allaboutibs.com\/cs\/wp-json\/wp\/v2\/users\/10"}],"replies":[{"embeddable":true,"href":"https:\/\/allaboutibs.com\/cs\/wp-json\/wp\/v2\/comments?post=38583"}],"version-history":[{"count":13,"href":"https:\/\/allaboutibs.com\/cs\/wp-json\/wp\/v2\/pages\/38583\/revisions"}],"predecessor-version":[{"id":39230,"href":"https:\/\/allaboutibs.com\/cs\/wp-json\/wp\/v2\/pages\/38583\/revisions\/39230"}],"wp:attachment":[{"href":"https:\/\/allaboutibs.com\/cs\/wp-json\/wp\/v2\/media?parent=38583"}],"curies":[{"name":"wp","href":"https:\/\/api.w.org\/{rel}","templated":true}]}}