{"id":38559,"date":"2023-12-04T19:10:51","date_gmt":"2023-12-04T19:10:51","guid":{"rendered":"https:\/\/allaboutibs.com\/symptomy\/"},"modified":"2024-10-15T12:54:48","modified_gmt":"2024-10-15T12:54:48","slug":"symptomy","status":"publish","type":"page","link":"https:\/\/allaboutibs.com\/cs\/symptomy\/","title":{"rendered":"SYMPTOMY"},"content":{"rendered":"<p>[et_pb_section fb_built=&#8220;1&#8243; _builder_version=&#8220;4.23.1&#8243; _module_preset=&#8220;default&#8220; background_color=&#8220;#efefef&#8220; z_index=&#8220;1&#8243; custom_padding=&#8220;17px|||||&#8220; locked=&#8220;off&#8220; global_colors_info=&#8220;{}&#8220;][et_pb_row column_structure=&#8220;2_3,1_3&#8243; use_custom_gutter=&#8220;on&#8220; _builder_version=&#8220;4.23.1&#8243; _module_preset=&#8220;default&#8220; width=&#8220;100%&#8220; max_width=&#8220;1280px&#8220; custom_padding=&#8220;12px|10px||10px|false|false&#8220; global_colors_info=&#8220;{}&#8220;][et_pb_column type=&#8220;2_3&#8243; _builder_version=&#8220;4.23.1&#8243; _module_preset=&#8220;default&#8220; global_colors_info=&#8220;{}&#8220;][et_pb_text _builder_version=&#8220;4.23.1&#8243; _module_preset=&#8220;default&#8220; header_text_align=&#8220;center&#8220; header_text_color=&#8220;#000000&#8243; header_font_size=&#8220;40px&#8220; custom_margin=&#8220;||0px|||&#8220; global_colors_info=&#8220;{}&#8220;]<\/p>\n<h1>SYMPTOMY<\/h1>\n<p>[\/et_pb_text][et_pb_divider color=&#8220;#000000&#8243; divider_position=&#8220;center&#8220; divider_weight=&#8220;2px&#8220; _builder_version=&#8220;4.23.1&#8243; _module_preset=&#8220;default&#8220; global_colors_info=&#8220;{}&#8220;][\/et_pb_divider][et_pb_text ul_item_indent=&#8220;42px&#8220; _builder_version=&#8220;4.23.1&#8243; _module_preset=&#8220;default&#8220; text_font=&#8220;||||||||&#8220; text_text_color=&#8220;#3e5062&#8243; text_font_size=&#8220;20px&#8220; background_color=&#8220;#ffffff&#8220; custom_padding=&#8220;20px|20px|20px|20px|true|true&#8220; border_radii=&#8220;on|15px|15px|15px|15px&#8220; box_shadow_style=&#8220;preset1&#8243; box_shadow_vertical=&#8220;0px&#8220; box_shadow_blur=&#8220;10px&#8220; box_shadow_color=&#8220;rgba(0,0,0,0.1)&#8220; global_colors_info=&#8220;{}&#8220;]<\/p>\n<p>Mezi b\u011b\u017en\u00e9 p\u0159\u00edznaky IBS pat\u0159\u00ed:<\/p>\n<ul>\n<li>bolesti b\u0159icha nebo k\u0159e\u010de<\/li>\n<li>nad\u00fdm\u00e1n\u00ed a plynatost<\/li>\n<li>z\u00e1cpa nebo pr\u016fjem (m\u016f\u017ee b\u00fdt oboj\u00ed).<\/li>\n<\/ul>\n<p>Co bychom je\u0161t\u011b m\u011bli v\u011bd\u011bt o p\u0159\u00edznac\u00edch IBS?<\/p>\n<p>[\/et_pb_text][et_pb_post_slider posts_number=&#8220;0&#8243; include_categories=&#8220;170&#8243; show_arrows=&#8220;off&#8220; show_pagination=&#8220;off&#8220; use_manual_excerpt=&#8220;off&#8220; show_meta=&#8220;off&#8220; use_text_overlay=&#8220;on&#8220; admin_label=&#8220;Post Slider&#8220; _builder_version=&#8220;4.23.1&#8243; custom_button=&#8220;on&#8220; button_text_color=&#8220;#ff8373&#8243; button_bg_color=&#8220;rgba(0,0,0,0.21)&#8220; button_alignment=&#8220;center&#8220; border_radii=&#8220;on|15px|15px|15px|15px&#8220; box_shadow_style=&#8220;preset1&#8243; box_shadow_vertical=&#8220;0px&#8220; box_shadow_blur=&#8220;10px&#8220; box_shadow_color=&#8220;rgba(0,0,0,0.1)&#8220; locked=&#8220;off&#8220; global_colors_info=&#8220;{}&#8220;][\/et_pb_post_slider][et_pb_code _builder_version=&#8220;4.23.1&#8243; text_orientation=&#8220;center&#8220; width=&#8220;100%&#8220; max_width=&#8220;100%&#8220; module_alignment=&#8220;center&#8220; custom_padding=&#8220;|10px||||&#8220; locked=&#8220;off&#8220; global_colors_info=&#8220;{}&#8220; height__hover_enabled=&#8220;off|desktop&#8220;]<div class=\"g g-2\"><div class=\"g-single a-5\"><a data-track=\"NSwyLDYw\" id=\"annons\" class=\"annons gofollow\" href=\"https:\/\/allaboutibs.com\/training-and-ibs\/\" \" target=\"_blank\" rel=\"nofollow\">\r\n<span class=\"annonstext\"><font style=\"vertical-align: inherit;\"><font style=\"vertical-align: inherit;\">LINK TO ARTICLE<\/font><\/font><\/span>\r\n<img decoding=\"async\" data-src=\"https:\/\/allaboutibs.com\/wp-content\/uploads\/2023\/03\/728x90-Training_How-to-avoid.jpg\" src=\"data:image\/svg+xml;base64,PHN2ZyB3aWR0aD0iMSIgaGVpZ2h0PSIxIiB4bWxucz0iaHR0cDovL3d3dy53My5vcmcvMjAwMC9zdmciPjwvc3ZnPg==\" class=\"lazyload\" style=\"--smush-placeholder-width: 728px; --smush-placeholder-aspect-ratio: 728\/90;\" \/>\r\n<\/a><\/div><\/div>[\/et_pb_code][et_pb_blog fullwidth=&#8220;off&#8220; include_categories=&#8220;170&#8243; excerpt_length=&#8220;200&#8243; show_more=&#8220;on&#8220; show_author=&#8220;off&#8220; show_date=&#8220;off&#8220; show_categories=&#8220;off&#8220; _builder_version=&#8220;4.23.1&#8243; body_text_color=&#8220;#&#8220; read_more_font=&#8220;|800||on|||||&#8220; read_more_text_color=&#8220;#ff8873&#8243; read_more_font_size=&#8220;16px&#8220; read_more_letter_spacing=&#8220;1px&#8220; read_more_line_height=&#8220;2em&#8220; border_radii=&#8220;on|15px|15px|15px|15px&#8220; box_shadow_style=&#8220;preset1&#8243; box_shadow_vertical=&#8220;0px&#8220; box_shadow_blur=&#8220;10px&#8220; box_shadow_color=&#8220;rgba(0,0,0,0.1)&#8220; locked=&#8220;off&#8220; global_colors_info=&#8220;{}&#8220;][\/et_pb_blog][\/et_pb_column][et_pb_column type=&#8220;1_3&#8243; _builder_version=&#8220;4.23.1&#8243; _module_preset=&#8220;default&#8220; global_colors_info=&#8220;{}&#8220;][et_pb_image src=&#8220;https:\/\/allaboutibs.com\/wp-content\/uploads\/2021\/01\/Want-to-know-more-about-IBS.png&#8220; alt=&#8220;Polo\u017eit ot\u00e1zku&#8220; title_text=&#8220;Chcete se dozv\u011bd\u011bt v\u00edce o IBS&#8220; _builder_version=&#8220;4.24.2&#8243; _module_preset=&#8220;default&#8220; max_width=&#8220;90%&#8220; module_alignment=&#8220;center&#8220; hover_enabled=&#8220;0&#8243; border_radii=&#8220;on|10px|10px|10px|10px&#8220; global_colors_info=&#8220;{}&#8220; url=&#8220;https:\/\/allaboutibs.com\/cs\/polozit-otazku\/&#8220; sticky_enabled=&#8220;0&#8243;][\/et_pb_image][et_pb_code _builder_version=&#8220;4.23.1&#8243; _module_preset=&#8220;default&#8220; text_orientation=&#8220;center&#8220; global_colors_info=&#8220;{}&#8220;]<!-- Either there are no banners, they are disabled or none qualified for this location! -->[\/et_pb_code][et_pb_sidebar _builder_version=&#8220;4.23.1&#8243; _module_preset=&#8220;default&#8220; max_width=&#8220;100%&#8220; module_alignment=&#8220;center&#8220; custom_padding=&#8220;|15px||15px|false|false&#8220; border_color_all=&#8220;RGBA(255,255,255,0)&#8220; global_colors_info=&#8220;{}&#8220;][\/et_pb_sidebar][et_pb_code _builder_version=&#8220;4.23.1&#8243; _module_preset=&#8220;default&#8220; text_orientation=&#8220;center&#8220; global_colors_info=&#8220;{}&#8220;]<!-- Either there are no banners, they are disabled or none qualified for this location! -->[\/et_pb_code][\/et_pb_column][\/et_pb_row][\/et_pb_section]<\/p>\n","protected":false},"excerpt":{"rendered":"<p>SYMPTOMYMezi b\u011b\u017en\u00e9 p\u0159\u00edznaky IBS pat\u0159\u00ed: bolesti b\u0159icha nebo k\u0159e\u010de nad\u00fdm\u00e1n\u00ed a plynatost z\u00e1cpa nebo pr\u016fjem (m\u016f\u017ee b\u00fdt oboj\u00ed). Co bychom je\u0161t\u011b m\u011bli v\u011bd\u011bt o p\u0159\u00edznac\u00edch IBS?<div class=\"g g-2\"><div class=\"g-single a-5\"><a data-track=\"NSwyLDYw\" id=\"annons\" class=\"annons gofollow\" href=\"https:\/\/allaboutibs.com\/training-and-ibs\/\" \" target=\"_blank\" rel=\"nofollow\">\r\n<span class=\"annonstext\"><font style=\"vertical-align: inherit;\"><font style=\"vertical-align: inherit;\">LINK TO ARTICLE<\/font><\/font><\/span>\r\n<img decoding=\"async\" data-src=\"https:\/\/allaboutibs.com\/wp-content\/uploads\/2023\/03\/728x90-Training_How-to-avoid.jpg\" src=\"data:image\/svg+xml;base64,PHN2ZyB3aWR0aD0iMSIgaGVpZ2h0PSIxIiB4bWxucz0iaHR0cDovL3d3dy53My5vcmcvMjAwMC9zdmciPjwvc3ZnPg==\" class=\"lazyload\" style=\"--smush-placeholder-width: 728px; --smush-placeholder-aspect-ratio: 728\/90;\" \/>\r\n<\/a><\/div><\/div><!-- Either there are no banners, they are disabled or none qualified for this location! --><!-- Either there are no banners, they are disabled or none qualified for this location! --><\/p>\n","protected":false},"author":10,"featured_media":0,"parent":0,"menu_order":0,"comment_status":"closed","ping_status":"closed","template":"","meta":{"_et_pb_use_builder":"on","_et_pb_old_content":"","_et_gb_content_width":"","footnotes":""},"class_list":["post-38559","page","type-page","status-publish","hentry"],"yoast_head":"<!-- This site is optimized with the Yoast SEO plugin v27.4 - https:\/\/yoast.com\/product\/yoast-seo-wordpress\/ -->\n<title>SYMPTOMY - all about IBS<\/title>\n<meta name=\"description\" content=\"Mezi b\u011b\u017en\u00e9 p\u0159\u00edznaky IBS pat\u0159\u00ed bolesti b\u0159icha nebo k\u0159e\u010de, z\u00e1cpa nebo pr\u016fjem (m\u016f\u017ee b\u00fdt oboj\u00ed), nad\u00fdm\u00e1n\u00ed a plynatost.\" \/>\n<meta name=\"robots\" content=\"index, follow, max-snippet:-1, max-image-preview:large, max-video-preview:-1\" \/>\n<link rel=\"canonical\" href=\"https:\/\/allaboutibs.com\/cs\/symptomy\/\" \/>\n<meta property=\"og:locale\" content=\"cs_CZ\" \/>\n<meta property=\"og:type\" content=\"article\" \/>\n<meta property=\"og:title\" content=\"SYMPTOMY - all about IBS\" \/>\n<meta property=\"og:description\" content=\"Mezi b\u011b\u017en\u00e9 p\u0159\u00edznaky IBS pat\u0159\u00ed bolesti b\u0159icha nebo k\u0159e\u010de, z\u00e1cpa nebo pr\u016fjem (m\u016f\u017ee b\u00fdt oboj\u00ed), nad\u00fdm\u00e1n\u00ed a plynatost.\" \/>\n<meta property=\"og:url\" content=\"https:\/\/allaboutibs.com\/cs\/symptomy\/\" \/>\n<meta property=\"og:site_name\" content=\"all about IBS\" \/>\n<meta property=\"article:modified_time\" content=\"2024-10-15T12:54:48+00:00\" \/>\n<meta name=\"twitter:card\" content=\"summary_large_image\" \/>\n<meta name=\"twitter:label1\" content=\"Odhadovan\u00e1 doba \u010dten\u00ed\" \/>\n\t<meta name=\"twitter:data1\" content=\"3 minuty\" \/>\n<script type=\"application\/ld+json\" class=\"yoast-schema-graph\">{\"@context\":\"https:\\\/\\\/schema.org\",\"@graph\":[{\"@type\":\"WebPage\",\"@id\":\"https:\\\/\\\/allaboutibs.com\\\/cs\\\/symptomy\\\/\",\"url\":\"https:\\\/\\\/allaboutibs.com\\\/cs\\\/symptomy\\\/\",\"name\":\"SYMPTOMY - all about IBS\",\"isPartOf\":{\"@id\":\"https:\\\/\\\/allaboutibs.com\\\/cs\\\/#website\"},\"datePublished\":\"2023-12-04T19:10:51+00:00\",\"dateModified\":\"2024-10-15T12:54:48+00:00\",\"description\":\"Mezi b\u011b\u017en\u00e9 p\u0159\u00edznaky IBS pat\u0159\u00ed bolesti b\u0159icha nebo k\u0159e\u010de, z\u00e1cpa nebo pr\u016fjem (m\u016f\u017ee b\u00fdt oboj\u00ed), nad\u00fdm\u00e1n\u00ed a plynatost.\",\"breadcrumb\":{\"@id\":\"https:\\\/\\\/allaboutibs.com\\\/cs\\\/symptomy\\\/#breadcrumb\"},\"inLanguage\":\"cs\",\"potentialAction\":[{\"@type\":\"ReadAction\",\"target\":[\"https:\\\/\\\/allaboutibs.com\\\/cs\\\/symptomy\\\/\"]}]},{\"@type\":\"BreadcrumbList\",\"@id\":\"https:\\\/\\\/allaboutibs.com\\\/cs\\\/symptomy\\\/#breadcrumb\",\"itemListElement\":[{\"@type\":\"ListItem\",\"position\":1,\"name\":\"Home\",\"item\":\"https:\\\/\\\/allaboutibs.com\\\/cs\\\/\"},{\"@type\":\"ListItem\",\"position\":2,\"name\":\"SYMPTOMY\"}]},{\"@type\":\"WebSite\",\"@id\":\"https:\\\/\\\/allaboutibs.com\\\/cs\\\/#website\",\"url\":\"https:\\\/\\\/allaboutibs.com\\\/cs\\\/\",\"name\":\"all about IBS\",\"description\":\"All about IBS &amp; bowel problems\",\"publisher\":{\"@id\":\"https:\\\/\\\/allaboutibs.com\\\/cs\\\/#organization\"},\"potentialAction\":[{\"@type\":\"SearchAction\",\"target\":{\"@type\":\"EntryPoint\",\"urlTemplate\":\"https:\\\/\\\/allaboutibs.com\\\/cs\\\/?s={search_term_string}\"},\"query-input\":{\"@type\":\"PropertyValueSpecification\",\"valueRequired\":true,\"valueName\":\"search_term_string\"}}],\"inLanguage\":\"cs\"},{\"@type\":\"Organization\",\"@id\":\"https:\\\/\\\/allaboutibs.com\\\/cs\\\/#organization\",\"name\":\"all about IBS\",\"url\":\"https:\\\/\\\/allaboutibs.com\\\/cs\\\/\",\"logo\":{\"@type\":\"ImageObject\",\"inLanguage\":\"cs\",\"@id\":\"https:\\\/\\\/allaboutibs.com\\\/cs\\\/#\\\/schema\\\/logo\\\/image\\\/\",\"url\":\"https:\\\/\\\/allaboutibs.com\\\/wp-content\\\/uploads\\\/2021\\\/02\\\/allaboutibs-favicon-en.png\",\"contentUrl\":\"https:\\\/\\\/allaboutibs.com\\\/wp-content\\\/uploads\\\/2021\\\/02\\\/allaboutibs-favicon-en.png\",\"width\":512,\"height\":512,\"caption\":\"all about IBS\"},\"image\":{\"@id\":\"https:\\\/\\\/allaboutibs.com\\\/cs\\\/#\\\/schema\\\/logo\\\/image\\\/\"}}]}<\/script>\n<!-- \/ Yoast SEO plugin. -->","yoast_head_json":{"title":"SYMPTOMY - all about IBS","description":"Mezi b\u011b\u017en\u00e9 p\u0159\u00edznaky IBS pat\u0159\u00ed bolesti b\u0159icha nebo k\u0159e\u010de, z\u00e1cpa nebo pr\u016fjem (m\u016f\u017ee b\u00fdt oboj\u00ed), nad\u00fdm\u00e1n\u00ed a plynatost.","robots":{"index":"index","follow":"follow","max-snippet":"max-snippet:-1","max-image-preview":"max-image-preview:large","max-video-preview":"max-video-preview:-1"},"canonical":"https:\/\/allaboutibs.com\/cs\/symptomy\/","og_locale":"cs_CZ","og_type":"article","og_title":"SYMPTOMY - all about IBS","og_description":"Mezi b\u011b\u017en\u00e9 p\u0159\u00edznaky IBS pat\u0159\u00ed bolesti b\u0159icha nebo k\u0159e\u010de, z\u00e1cpa nebo pr\u016fjem (m\u016f\u017ee b\u00fdt oboj\u00ed), nad\u00fdm\u00e1n\u00ed a plynatost.","og_url":"https:\/\/allaboutibs.com\/cs\/symptomy\/","og_site_name":"all about IBS","article_modified_time":"2024-10-15T12:54:48+00:00","twitter_card":"summary_large_image","twitter_misc":{"Odhadovan\u00e1 doba \u010dten\u00ed":"3 minuty"},"schema":{"@context":"https:\/\/schema.org","@graph":[{"@type":"WebPage","@id":"https:\/\/allaboutibs.com\/cs\/symptomy\/","url":"https:\/\/allaboutibs.com\/cs\/symptomy\/","name":"SYMPTOMY - all about IBS","isPartOf":{"@id":"https:\/\/allaboutibs.com\/cs\/#website"},"datePublished":"2023-12-04T19:10:51+00:00","dateModified":"2024-10-15T12:54:48+00:00","description":"Mezi b\u011b\u017en\u00e9 p\u0159\u00edznaky IBS pat\u0159\u00ed bolesti b\u0159icha nebo k\u0159e\u010de, z\u00e1cpa nebo pr\u016fjem (m\u016f\u017ee b\u00fdt oboj\u00ed), nad\u00fdm\u00e1n\u00ed a plynatost.","breadcrumb":{"@id":"https:\/\/allaboutibs.com\/cs\/symptomy\/#breadcrumb"},"inLanguage":"cs","potentialAction":[{"@type":"ReadAction","target":["https:\/\/allaboutibs.com\/cs\/symptomy\/"]}]},{"@type":"BreadcrumbList","@id":"https:\/\/allaboutibs.com\/cs\/symptomy\/#breadcrumb","itemListElement":[{"@type":"ListItem","position":1,"name":"Home","item":"https:\/\/allaboutibs.com\/cs\/"},{"@type":"ListItem","position":2,"name":"SYMPTOMY"}]},{"@type":"WebSite","@id":"https:\/\/allaboutibs.com\/cs\/#website","url":"https:\/\/allaboutibs.com\/cs\/","name":"all about IBS","description":"All about IBS &amp; bowel problems","publisher":{"@id":"https:\/\/allaboutibs.com\/cs\/#organization"},"potentialAction":[{"@type":"SearchAction","target":{"@type":"EntryPoint","urlTemplate":"https:\/\/allaboutibs.com\/cs\/?s={search_term_string}"},"query-input":{"@type":"PropertyValueSpecification","valueRequired":true,"valueName":"search_term_string"}}],"inLanguage":"cs"},{"@type":"Organization","@id":"https:\/\/allaboutibs.com\/cs\/#organization","name":"all about IBS","url":"https:\/\/allaboutibs.com\/cs\/","logo":{"@type":"ImageObject","inLanguage":"cs","@id":"https:\/\/allaboutibs.com\/cs\/#\/schema\/logo\/image\/","url":"https:\/\/allaboutibs.com\/wp-content\/uploads\/2021\/02\/allaboutibs-favicon-en.png","contentUrl":"https:\/\/allaboutibs.com\/wp-content\/uploads\/2021\/02\/allaboutibs-favicon-en.png","width":512,"height":512,"caption":"all about IBS"},"image":{"@id":"https:\/\/allaboutibs.com\/cs\/#\/schema\/logo\/image\/"}}]}},"_links":{"self":[{"href":"https:\/\/allaboutibs.com\/cs\/wp-json\/wp\/v2\/pages\/38559","targetHints":{"allow":["GET"]}}],"collection":[{"href":"https:\/\/allaboutibs.com\/cs\/wp-json\/wp\/v2\/pages"}],"about":[{"href":"https:\/\/allaboutibs.com\/cs\/wp-json\/wp\/v2\/types\/page"}],"author":[{"embeddable":true,"href":"https:\/\/allaboutibs.com\/cs\/wp-json\/wp\/v2\/users\/10"}],"replies":[{"embeddable":true,"href":"https:\/\/allaboutibs.com\/cs\/wp-json\/wp\/v2\/comments?post=38559"}],"version-history":[{"count":3,"href":"https:\/\/allaboutibs.com\/cs\/wp-json\/wp\/v2\/pages\/38559\/revisions"}],"predecessor-version":[{"id":39577,"href":"https:\/\/allaboutibs.com\/cs\/wp-json\/wp\/v2\/pages\/38559\/revisions\/39577"}],"wp:attachment":[{"href":"https:\/\/allaboutibs.com\/cs\/wp-json\/wp\/v2\/media?parent=38559"}],"curies":[{"name":"wp","href":"https:\/\/api.w.org\/{rel}","templated":true}]}}