{"id":38555,"date":"2021-01-17T16:39:42","date_gmt":"2021-01-17T16:39:42","guid":{"rendered":"https:\/\/allaboutibs.com\/reklama\/"},"modified":"2021-01-17T16:39:42","modified_gmt":"2021-01-17T16:39:42","slug":"reklama","status":"publish","type":"page","link":"https:\/\/allaboutibs.com\/cs\/reklama\/","title":{"rendered":"Reklama"},"content":{"rendered":"<p>CHCETE SE ZDE OBJEVIT?<\/p>\n<p>S reklamou na alltomibs.se m\u016f\u017eete objektivn\u011b, profesion\u00e1ln\u011b a relevantn\u011b oslovit lidi posti\u017een\u00e9 syndromem dr\u00e1\u017ediv\u00e9ho tra\u010dn\u00edku (IBS) nebo jin\u00fdmi \u017ealude\u010dn\u00edmi probl\u00e9my, p\u0159\u00edbuzn\u00e9 a zam\u011bstnance ve zdravotnictv\u00ed.<\/p>\n<p>&nbsp;<\/p>\n<p>Pro\u010d inzerovat<\/p>\n<p>Alltomibs v\u00e1m d\u00e1v\u00e1 jedine\u010dnou p\u0159\u00edle\u017eitost oslovit lidi, kte\u0159\u00ed aktivn\u011b hledaj\u00ed informace o IBS, gastrointestin\u00e1ln\u00edch probl\u00e9mech a zdrav\u00ed.<\/p>\n<p>&nbsp;<\/p>\n<p>V\u011bt\u0161\u00ed viditelnost produkt\u016f a slu\u017eeb<\/p>\n<p>Pr\u016fb\u011b\u017en\u011b sledujeme v\u00fdvoj v oblasti IBS, st\u0159evn\u00edch a gastrointestin\u00e1ln\u00edch poruch a zve\u0159ej\u0148ujeme pouze relevantn\u00ed informace s informa\u010dn\u00ed hodnotou a aktu\u00e1lnost\u00ed. Proto si m\u016f\u017eete b\u00fdt jisti, \u017ee va\u0161e reklamy jsou viditeln\u00e9 v seri\u00f3zn\u00edm, d\u016fv\u011bryhodn\u00e9m a relevantn\u00edm kontextu.<\/p>\n<p>&nbsp;<\/p>\n<p>V\u00edce relevantn\u00edch n\u00e1v\u0161t\u011bvn\u00edk\u016f va\u0161ich webov\u00fdch str\u00e1nek<\/p>\n<p>N\u00e1v\u0161t\u011bvn\u00edci alltomibs.se nejsou statistiky a \u010d\u00edsla. Jsou to lid\u00e9, kte\u0159\u00ed aktivn\u011b vyhled\u00e1vaj\u00ed informace o IBS, gastrointestin\u00e1ln\u00edch probl\u00e9mech a skon\u010d\u00ed na n\u011bkter\u00e9 z na\u0161ich podstr\u00e1nek nebo p\u0159\u00edsp\u011bvk\u016f. T\u00edmto zp\u016fsobem se zvy\u0161uje \u0161ance, \u017ee n\u00e1v\u0161t\u011bvn\u00edci, kte\u0159\u00ed p\u0159ijdou na va\u0161e webov\u00e9 str\u00e1nky nebo str\u00e1nky kampan\u011b z alltomibs.se, jsou pro v\u00e1s relevantn\u00ed.<\/p>\n<p>&nbsp;<\/p>\n<p>Lep\u0161\u00ed potenci\u00e1ln\u00ed z\u00e1kazn\u00edci pro v\u00e1\u0161 prodej<\/p>\n<p>Jak dnes naj\u00edt nejzaj\u00edmav\u011bj\u0161\u00ed potenci\u00e1ln\u00ed z\u00e1kazn\u00edky? Prost\u0159ednictv\u00edm reklamy zam\u011b\u0159en\u00e9 na prodej na str\u00e1nk\u00e1ch alltomibs.se nebo v na\u0161em zpravodaji se m\u016f\u017eete dostat do kontaktu s vysoce kvalifikovanou c\u00edlovou skupinou, kter\u00e1 aktivn\u011b vyhled\u00e1v\u00e1 informace o IBS a gastrointestin\u00e1ln\u00edch probl\u00e9mech.<\/p>\n<p>&nbsp;<\/p>\n<p>Na str\u00e1nk\u00e1ch alltomibs.se se \u010dten\u00e1\u0159 sezn\u00e1m\u00ed s nejnov\u011bj\u0161\u00edmi poznatky v\u00fdzkumu IBS, nov\u00fdmi formami l\u00e9\u010dby a recepty a cvi\u010den\u00edmi \u0161etrn\u00fdmi k \u017ealudku. Na\u0161e dietolo\u017eka odpov\u00edd\u00e1 na dotazy \u010dten\u00e1\u0159\u016f a \u010dten\u00e1\u0159 zde najde tak\u00e9 informace o dal\u0161\u00edch gastrointestin\u00e1ln\u00edch onemocn\u011bn\u00edch. Ve\u0161ker\u00fd obsah sestavuje a reviduje redak\u010dn\u00ed t\u00fdm s dlouholet\u00fdmi zku\u0161enostmi v oblasti gastrointestin\u00e1ln\u00edho v\u00fdzkumu.<\/p>\n<p>&nbsp;<\/p>\n<p>Form\u00e1t reklamy<\/p>\n<p>Va\u0161e reklamy vypadaj\u00ed stejn\u011b dob\u0159e na v\u0161ech typech obrazovek.<\/p>\n<p>&nbsp;<\/p>\n<p>Stoln\u00ed po\u010d\u00edta\u010d, notebook a tablet<\/p>\n<p>&nbsp;<\/p>\n<p>Horn\u00ed banner<\/p>\n<p>V\u00fd\u0161ka: 720px<\/p>\n<p>\u0160\u00ed\u0159ka: 90px<\/p>\n<p>&nbsp;<\/p>\n<p>Obsah banneru<\/p>\n<p>V\u00fd\u0161ka: 300px<\/p>\n<p>\u0160\u00ed\u0159ka: 180px<\/p>\n<p>&nbsp;<\/p>\n<p>Banner na bo\u010dn\u00edm panelu<\/p>\n<p>V\u00fd\u0161ka: 300px<\/p>\n<p>\u0160\u00ed\u0159ka: 180px<\/p>\n<p>&nbsp;<\/p>\n<p>Mobiln\u00ed telefon<\/p>\n<p>Horn\u00ed banner<\/p>\n<p>V\u00fd\u0161ka: 720px<\/p>\n<p>\u0160\u00ed\u0159ka: 90px<\/p>\n<p>&nbsp;<\/p>\n<p>Obsah &#8211; &amp; Banner na bo\u010dn\u00edm panelu<\/p>\n<p>V\u00fd\u0161ka: 300px<\/p>\n<p>\u0160\u00ed\u0159ka: 180px<\/p>\n<p>&nbsp;<\/p>\n<p>Kolik to stoj\u00ed?<\/p>\n<p>Pro informace o cen\u011b n\u00e1s kontaktujte.<\/p>\n<p>Reklama na alltomibs.se je cenov\u011b dostupnou alternativou k tradi\u010dn\u00ed reklam\u011b. Oslovujete p\u0159\u00edmo lidi, kte\u0159\u00ed aktivn\u011b vyhled\u00e1vaj\u00ed informace o gastrointestin\u00e1ln\u00edch probl\u00e9mech a zdrav\u00ed. Nev\u00e1hejte n\u00e1s kontaktovat a informujte se o podrobn\u00fdch cen\u00e1ch inzerce a na\u0161ich r\u016fzn\u00fdch reklamn\u00edch bal\u00ed\u010dc\u00edch.<\/p>\n<p>&nbsp;<\/p>\n<p>Chcete zde inzerovat?<\/p>\n<p>[ninja_form id=&#8220;3&#8243;]<\/p>\n","protected":false},"excerpt":{"rendered":"<p>CHCETE SE ZDE OBJEVIT? S reklamou na alltomibs.se m\u016f\u017eete objektivn\u011b, profesion\u00e1ln\u011b a relevantn\u011b oslovit lidi posti\u017een\u00e9 syndromem dr\u00e1\u017ediv\u00e9ho tra\u010dn\u00edku (IBS) nebo jin\u00fdmi \u017ealude\u010dn\u00edmi probl\u00e9my, p\u0159\u00edbuzn\u00e9 a zam\u011bstnance ve zdravotnictv\u00ed. &nbsp; Pro\u010d inzerovat Alltomibs v\u00e1m d\u00e1v\u00e1 jedine\u010dnou p\u0159\u00edle\u017eitost oslovit lidi, kte\u0159\u00ed aktivn\u011b hledaj\u00ed informace o IBS, gastrointestin\u00e1ln\u00edch probl\u00e9mech a zdrav\u00ed. &nbsp; V\u011bt\u0161\u00ed viditelnost produkt\u016f a slu\u017eeb [&hellip;]<\/p>\n","protected":false},"author":10,"featured_media":0,"parent":0,"menu_order":0,"comment_status":"closed","ping_status":"closed","template":"","meta":{"_et_pb_use_builder":"","_et_pb_old_content":"","_et_gb_content_width":"","footnotes":""},"class_list":["post-38555","page","type-page","status-publish","hentry"],"yoast_head":"<!-- This site is optimized with the Yoast SEO plugin v27.4 - https:\/\/yoast.com\/product\/yoast-seo-wordpress\/ -->\n<title>Reklama - all about IBS<\/title>\n<meta name=\"description\" content=\"Oslovte lidi posti\u017een\u00e9 syndromem dr\u00e1\u017ediv\u00e9ho tra\u010dn\u00edku (IBS) nebo jin\u00fdmi \u017ealude\u010dn\u00edmi probl\u00e9my, p\u0159\u00edbuzn\u00e9 a zam\u011bstnance ve zdravotnictv\u00ed objektivn\u00edm, odborn\u00fdm a relevantn\u00edm zp\u016fsobem.\" \/>\n<meta name=\"robots\" content=\"index, follow, max-snippet:-1, max-image-preview:large, max-video-preview:-1\" \/>\n<link rel=\"canonical\" href=\"https:\/\/allaboutibs.com\/cs\/reklama\/\" \/>\n<meta property=\"og:locale\" content=\"cs_CZ\" \/>\n<meta property=\"og:type\" content=\"article\" \/>\n<meta property=\"og:title\" content=\"Reklama - all about IBS\" \/>\n<meta property=\"og:description\" content=\"Oslovte lidi posti\u017een\u00e9 syndromem dr\u00e1\u017ediv\u00e9ho tra\u010dn\u00edku (IBS) nebo jin\u00fdmi \u017ealude\u010dn\u00edmi probl\u00e9my, p\u0159\u00edbuzn\u00e9 a zam\u011bstnance ve zdravotnictv\u00ed objektivn\u00edm, odborn\u00fdm a relevantn\u00edm zp\u016fsobem.\" \/>\n<meta property=\"og:url\" content=\"https:\/\/allaboutibs.com\/cs\/reklama\/\" \/>\n<meta property=\"og:site_name\" content=\"all about IBS\" \/>\n<meta name=\"twitter:card\" content=\"summary_large_image\" \/>\n<meta name=\"twitter:label1\" content=\"Odhadovan\u00e1 doba \u010dten\u00ed\" \/>\n\t<meta name=\"twitter:data1\" content=\"3 minuty\" \/>\n<script type=\"application\/ld+json\" class=\"yoast-schema-graph\">{\"@context\":\"https:\\\/\\\/schema.org\",\"@graph\":[{\"@type\":\"WebPage\",\"@id\":\"https:\\\/\\\/allaboutibs.com\\\/cs\\\/reklama\\\/\",\"url\":\"https:\\\/\\\/allaboutibs.com\\\/cs\\\/reklama\\\/\",\"name\":\"Reklama - all about IBS\",\"isPartOf\":{\"@id\":\"https:\\\/\\\/allaboutibs.com\\\/cs\\\/#website\"},\"datePublished\":\"2021-01-17T16:39:42+00:00\",\"description\":\"Oslovte lidi posti\u017een\u00e9 syndromem dr\u00e1\u017ediv\u00e9ho tra\u010dn\u00edku (IBS) nebo jin\u00fdmi \u017ealude\u010dn\u00edmi probl\u00e9my, p\u0159\u00edbuzn\u00e9 a zam\u011bstnance ve zdravotnictv\u00ed objektivn\u00edm, odborn\u00fdm a relevantn\u00edm zp\u016fsobem.\",\"breadcrumb\":{\"@id\":\"https:\\\/\\\/allaboutibs.com\\\/cs\\\/reklama\\\/#breadcrumb\"},\"inLanguage\":\"cs\",\"potentialAction\":[{\"@type\":\"ReadAction\",\"target\":[\"https:\\\/\\\/allaboutibs.com\\\/cs\\\/reklama\\\/\"]}]},{\"@type\":\"BreadcrumbList\",\"@id\":\"https:\\\/\\\/allaboutibs.com\\\/cs\\\/reklama\\\/#breadcrumb\",\"itemListElement\":[{\"@type\":\"ListItem\",\"position\":1,\"name\":\"Home\",\"item\":\"https:\\\/\\\/allaboutibs.com\\\/cs\\\/\"},{\"@type\":\"ListItem\",\"position\":2,\"name\":\"Reklama\"}]},{\"@type\":\"WebSite\",\"@id\":\"https:\\\/\\\/allaboutibs.com\\\/cs\\\/#website\",\"url\":\"https:\\\/\\\/allaboutibs.com\\\/cs\\\/\",\"name\":\"all about IBS\",\"description\":\"All about IBS &amp; bowel problems\",\"publisher\":{\"@id\":\"https:\\\/\\\/allaboutibs.com\\\/cs\\\/#organization\"},\"potentialAction\":[{\"@type\":\"SearchAction\",\"target\":{\"@type\":\"EntryPoint\",\"urlTemplate\":\"https:\\\/\\\/allaboutibs.com\\\/cs\\\/?s={search_term_string}\"},\"query-input\":{\"@type\":\"PropertyValueSpecification\",\"valueRequired\":true,\"valueName\":\"search_term_string\"}}],\"inLanguage\":\"cs\"},{\"@type\":\"Organization\",\"@id\":\"https:\\\/\\\/allaboutibs.com\\\/cs\\\/#organization\",\"name\":\"all about IBS\",\"url\":\"https:\\\/\\\/allaboutibs.com\\\/cs\\\/\",\"logo\":{\"@type\":\"ImageObject\",\"inLanguage\":\"cs\",\"@id\":\"https:\\\/\\\/allaboutibs.com\\\/cs\\\/#\\\/schema\\\/logo\\\/image\\\/\",\"url\":\"https:\\\/\\\/allaboutibs.com\\\/wp-content\\\/uploads\\\/2021\\\/02\\\/allaboutibs-favicon-en.png\",\"contentUrl\":\"https:\\\/\\\/allaboutibs.com\\\/wp-content\\\/uploads\\\/2021\\\/02\\\/allaboutibs-favicon-en.png\",\"width\":512,\"height\":512,\"caption\":\"all about IBS\"},\"image\":{\"@id\":\"https:\\\/\\\/allaboutibs.com\\\/cs\\\/#\\\/schema\\\/logo\\\/image\\\/\"}}]}<\/script>\n<!-- \/ Yoast SEO plugin. -->","yoast_head_json":{"title":"Reklama - all about IBS","description":"Oslovte lidi posti\u017een\u00e9 syndromem dr\u00e1\u017ediv\u00e9ho tra\u010dn\u00edku (IBS) nebo jin\u00fdmi \u017ealude\u010dn\u00edmi probl\u00e9my, p\u0159\u00edbuzn\u00e9 a zam\u011bstnance ve zdravotnictv\u00ed objektivn\u00edm, odborn\u00fdm a relevantn\u00edm zp\u016fsobem.","robots":{"index":"index","follow":"follow","max-snippet":"max-snippet:-1","max-image-preview":"max-image-preview:large","max-video-preview":"max-video-preview:-1"},"canonical":"https:\/\/allaboutibs.com\/cs\/reklama\/","og_locale":"cs_CZ","og_type":"article","og_title":"Reklama - all about IBS","og_description":"Oslovte lidi posti\u017een\u00e9 syndromem dr\u00e1\u017ediv\u00e9ho tra\u010dn\u00edku (IBS) nebo jin\u00fdmi \u017ealude\u010dn\u00edmi probl\u00e9my, p\u0159\u00edbuzn\u00e9 a zam\u011bstnance ve zdravotnictv\u00ed objektivn\u00edm, odborn\u00fdm a relevantn\u00edm zp\u016fsobem.","og_url":"https:\/\/allaboutibs.com\/cs\/reklama\/","og_site_name":"all about IBS","twitter_card":"summary_large_image","twitter_misc":{"Odhadovan\u00e1 doba \u010dten\u00ed":"3 minuty"},"schema":{"@context":"https:\/\/schema.org","@graph":[{"@type":"WebPage","@id":"https:\/\/allaboutibs.com\/cs\/reklama\/","url":"https:\/\/allaboutibs.com\/cs\/reklama\/","name":"Reklama - all about IBS","isPartOf":{"@id":"https:\/\/allaboutibs.com\/cs\/#website"},"datePublished":"2021-01-17T16:39:42+00:00","description":"Oslovte lidi posti\u017een\u00e9 syndromem dr\u00e1\u017ediv\u00e9ho tra\u010dn\u00edku (IBS) nebo jin\u00fdmi \u017ealude\u010dn\u00edmi probl\u00e9my, p\u0159\u00edbuzn\u00e9 a zam\u011bstnance ve zdravotnictv\u00ed objektivn\u00edm, odborn\u00fdm a relevantn\u00edm zp\u016fsobem.","breadcrumb":{"@id":"https:\/\/allaboutibs.com\/cs\/reklama\/#breadcrumb"},"inLanguage":"cs","potentialAction":[{"@type":"ReadAction","target":["https:\/\/allaboutibs.com\/cs\/reklama\/"]}]},{"@type":"BreadcrumbList","@id":"https:\/\/allaboutibs.com\/cs\/reklama\/#breadcrumb","itemListElement":[{"@type":"ListItem","position":1,"name":"Home","item":"https:\/\/allaboutibs.com\/cs\/"},{"@type":"ListItem","position":2,"name":"Reklama"}]},{"@type":"WebSite","@id":"https:\/\/allaboutibs.com\/cs\/#website","url":"https:\/\/allaboutibs.com\/cs\/","name":"all about IBS","description":"All about IBS &amp; bowel problems","publisher":{"@id":"https:\/\/allaboutibs.com\/cs\/#organization"},"potentialAction":[{"@type":"SearchAction","target":{"@type":"EntryPoint","urlTemplate":"https:\/\/allaboutibs.com\/cs\/?s={search_term_string}"},"query-input":{"@type":"PropertyValueSpecification","valueRequired":true,"valueName":"search_term_string"}}],"inLanguage":"cs"},{"@type":"Organization","@id":"https:\/\/allaboutibs.com\/cs\/#organization","name":"all about IBS","url":"https:\/\/allaboutibs.com\/cs\/","logo":{"@type":"ImageObject","inLanguage":"cs","@id":"https:\/\/allaboutibs.com\/cs\/#\/schema\/logo\/image\/","url":"https:\/\/allaboutibs.com\/wp-content\/uploads\/2021\/02\/allaboutibs-favicon-en.png","contentUrl":"https:\/\/allaboutibs.com\/wp-content\/uploads\/2021\/02\/allaboutibs-favicon-en.png","width":512,"height":512,"caption":"all about IBS"},"image":{"@id":"https:\/\/allaboutibs.com\/cs\/#\/schema\/logo\/image\/"}}]}},"_links":{"self":[{"href":"https:\/\/allaboutibs.com\/cs\/wp-json\/wp\/v2\/pages\/38555","targetHints":{"allow":["GET"]}}],"collection":[{"href":"https:\/\/allaboutibs.com\/cs\/wp-json\/wp\/v2\/pages"}],"about":[{"href":"https:\/\/allaboutibs.com\/cs\/wp-json\/wp\/v2\/types\/page"}],"author":[{"embeddable":true,"href":"https:\/\/allaboutibs.com\/cs\/wp-json\/wp\/v2\/users\/10"}],"replies":[{"embeddable":true,"href":"https:\/\/allaboutibs.com\/cs\/wp-json\/wp\/v2\/comments?post=38555"}],"version-history":[{"count":0,"href":"https:\/\/allaboutibs.com\/cs\/wp-json\/wp\/v2\/pages\/38555\/revisions"}],"wp:attachment":[{"href":"https:\/\/allaboutibs.com\/cs\/wp-json\/wp\/v2\/media?parent=38555"}],"curies":[{"name":"wp","href":"https:\/\/api.w.org\/{rel}","templated":true}]}}