{"id":38540,"date":"2021-03-02T18:45:42","date_gmt":"2021-03-02T18:45:42","guid":{"rendered":"https:\/\/allaboutibs.com\/co-je-to-ibs-syndrom-drazdiveho-tracniku\/"},"modified":"2024-03-23T13:32:10","modified_gmt":"2024-03-23T13:32:10","slug":"co-je-to-ibs-syndrom-drazdiveho-tracniku","status":"publish","type":"page","link":"https:\/\/allaboutibs.com\/cs\/co-je-to-ibs-syndrom-drazdiveho-tracniku\/","title":{"rendered":"Co je to IBS (syndrom dr\u00e1\u017ediv\u00e9ho tra\u010dn\u00edku)?"},"content":{"rendered":"<p>[et_pb_section fb_built=&#8220;1&#8243; _builder_version=&#8220;3.22&#8243;][et_pb_row column_structure=&#8220;2_3,1_3&#8243; _builder_version=&#8220;3.25&#8243; background_size=&#8220;initial&#8220; background_position=&#8220;top_left&#8220; background_repeat=&#8220;repeat&#8220;][et_pb_column type=&#8220;2_3&#8243; _builder_version=&#8220;3.25&#8243; custom_padding=&#8220;|||&#8220; custom_padding__hover=&#8220;|||&#8220;][et_pb_text _builder_version=&#8220;4.9.0&#8243; text_font_size=&#8220;16px&#8220; background_size=&#8220;initial&#8220; background_position=&#8220;top_left&#8220; background_repeat=&#8220;repeat&#8220; custom_padding=&#8220;|25px|||false|false&#8220; border_width_right_tablet=&#8220;&#8220; border_width_right_phone=&#8220;&#8220; border_width_right_last_edited=&#8220;on|desktop&#8220;]<strong>Syndrom dr\u00e1\u017ediv\u00e9ho tra\u010dn\u00edku<\/strong> neboli <strong>IBS<\/strong>, zn\u00e1m\u00fd tak\u00e9 jako dr\u00e1\u017ediv\u00fd tra\u010dn\u00edk nebo spastick\u00fd tra\u010dn\u00edk, je jedn\u00edm z nej\u010dast\u011bj\u0161\u00edch gastrointestin\u00e1ln\u00edch onemocn\u011bn\u00ed na sv\u011bt\u011b. A\u017e 15-20 % \u0161v\u00e9dsk\u00e9 populace m\u00e1 opakovan\u00e9 \u017ealude\u010dn\u00ed pot\u00ed\u017ee a bolesti, kter\u00e9 mohou souviset s diagn\u00f3zou IBS.<\/p>\n<p>Toto onemocn\u011bn\u00ed pat\u0159\u00ed do v\u011bt\u0161\u00ed skupiny onemocn\u011bn\u00ed gastrointestin\u00e1ln\u00edho traktu, kter\u00e1 se naz\u00fdv\u00e1 funk\u010dn\u00ed gastrointestin\u00e1ln\u00ed onemocn\u011bn\u00ed. Syndrom dr\u00e1\u017ediv\u00e9ho tra\u010dn\u00edku je o n\u011bco \u010dast\u011bj\u0161\u00ed u \u017een a obvykle se objevuje p\u0159ed 40. rokem v\u011bku. \u010casto postihuje mlad\u00e9, aktivn\u00ed lidi a n\u011bkdy se mu tak\u00e9 \u0159\u00edk\u00e1 nerv\u00f3zn\u00ed tlust\u00e9 st\u0159evo nebo bal\u00f3nkov\u00fd \u017ealudek.<\/p>\n<p><img decoding=\"async\" data-src=\"https:\/\/allaboutibs.com\/wp-content\/uploads\/2021\/03\/What-is-IBS-300x199.jpg\" width=\"300\" height=\"199\" alt=\"ruka na b\u0159i\u0161e pro zm\u00edrn\u011bn\u00ed bolesti.\" class=\"wp-image-36198 alignnone size-medium lazyload\" style=\"--smush-placeholder-width: 300px; --smush-placeholder-aspect-ratio: 300\/199;margin-left: auto;margin-right: auto\" data-srcset=\"https:\/\/allaboutibs.com\/wp-content\/uploads\/2021\/03\/What-is-IBS-300x199.jpg 300w, https:\/\/allaboutibs.com\/wp-content\/uploads\/2021\/03\/What-is-IBS.jpg 302w\" data-sizes=\"(max-width: 300px) 100vw, 300px\" src=\"data:image\/svg+xml;base64,PHN2ZyB3aWR0aD0iMSIgaGVpZ2h0PSIxIiB4bWxucz0iaHR0cDovL3d3dy53My5vcmcvMjAwMC9zdmciPjwvc3ZnPg==\" \/><\/p>\n<p>P\u0159esto\u017ee se jedn\u00e1 o velmi \u010dast\u00e9 onemocn\u011bn\u00ed, v\u00ed se jen velmi m\u00e1lo o tom, pro\u010d n\u011bkte\u0159\u00ed lid\u00e9 trp\u00ed syndromem dr\u00e1\u017ediv\u00e9ho tra\u010dn\u00edku, a chyb\u00ed \u00fa\u010dinn\u00e9 l\u00e9ky a metody l\u00e9\u010dby. Na str\u00e1nk\u00e1ch <a href=\"https:\/\/allaboutibs.com\/cs\/\" target=\"_blank\" rel=\"noopener noreferrer\" title=\"v\u0161e o IBS\">allaboutIBS.com<\/a> si m\u016f\u017eete p\u0159e\u010d\u00edst v\u00edce o b\u011b\u017en\u00fdch p\u0159\u00edznac\u00edch a p\u0159\u00ed\u010din\u00e1ch a o dostupn\u00fdch zp\u016fsobech l\u00e9\u010dby.<\/p>\n<h2><a id=\"symptoms_anchor\" href=\"https:\/\/allaboutibs.com\/symptoms\/\" target=\"_blank\" rel=\"noopener noreferrer\">P\u0159\u00edznaky<\/a><\/h2>\n<p>IBS je onemocn\u011bn\u00ed, kter\u00e9 zahrnuje mnoho r\u016fzn\u00fdch p\u0159\u00edznak\u016f, kter\u00e9 se u r\u016fzn\u00fdch lid\u00ed li\u0161\u00ed jak typem, tak i z\u00e1va\u017enost\u00ed. B\u011b\u017en\u00fdmi p\u0159\u00edznaky IBS jsou nepravideln\u00e1 \u010dinnost tr\u00e1vic\u00edho traktu s pr\u016fjmem, z\u00e1cpou nebo jejich st\u0159\u00edd\u00e1n\u00edm, \u010dasto spolu s pocitem nutk\u00e1n\u00ed sp\u011bchat na toaletu. I kdy\u017e je IBS ne\u0161kodn\u00e9 onemocn\u011bn\u00ed, m\u016f\u017ee m\u00edt velmi negativn\u00ed vliv na ka\u017edodenn\u00ed \u017eivot posti\u017een\u00e9ho. Evropsk\u00e1 agentura pro l\u00e9\u010div\u00e9 p\u0159\u00edpravky (EMA) vyhodnotila, \u017ee sn\u00ed\u017een\u00ed kvality \u017eivota u IBS je stejn\u011b velk\u00e9 jako u diabetu nebo deprese a v\u011bt\u0161\u00ed ne\u017e u pacient\u016f s chronick\u00fdm selh\u00e1n\u00edm ledvin.<\/p>\n<p>Dal\u0161\u00ed informace o <a href=\"https:\/\/allaboutibs.com\/symptoms\/\" target=\"_blank\" rel=\"noopener noreferrer\">p\u0159\u00edznac\u00edch<\/a>.<\/p>\n<h2><a id=\"cause_anchor\"><\/a>P\u0159\u00ed\u010dina<\/h2>\n<p>Syndrom dr\u00e1\u017ediv\u00e9ho tra\u010dn\u00edku je velmi \u010dast\u00e9 onemocn\u011bn\u00ed. P\u0159esto st\u00e1le chyb\u00ed znalosti o tom, co je p\u0159\u00ed\u010dinou t\u011bchto probl\u00e9m\u016f. Ji\u017e dlouho je zn\u00e1mo, \u017ee psychologick\u00e9 faktory mohou ovlivnit pr\u016fb\u011bh ud\u00e1lost\u00ed a \u017ee nap\u0159\u00edklad \u00fazkost, obavy a stres mohou m\u00edt negativn\u00ed vliv na onemocn\u011bn\u00ed. IBS byl proto d\u0159\u00edve nespr\u00e1vn\u011b pova\u017eov\u00e1n za psychosomatickou poruchu. Ned\u00e1vn\u00fd v\u00fdzkum v\u0161ak p\u0159inesl nov\u00e9 poznatky o mo\u017en\u00fdch fyziologick\u00fdch vysv\u011btluj\u00edc\u00edch modelech, co\u017e d\u00e1v\u00e1 nad\u011bji i na nov\u00e9 l\u00e9\u010debn\u00e9 metody. Jednou z p\u0159\u00ed\u010din IBS mohou b\u00fdt z\u00e1n\u011btliv\u00e9 zm\u011bny ve st\u0159evn\u00edm nervov\u00e9m syst\u00e9mu, kter\u00e9 mohou mimo jin\u00e9 ovliv\u0148ovat sign\u00e1ly mezi st\u0159evy a mozkem.<\/p>\n<h2><a id=\"diagnosis_anchor\" href=\"https:\/\/allaboutibs.com\/diagnosis\/\" target=\"_blank\" rel=\"noopener noreferrer\">Diagn\u00f3za<\/a><\/h2>\n<p>Nedostatek \u00fa\u010dinn\u00e9 l\u00e9\u010dby znamen\u00e1, \u017ee mnoho pacient\u016f s IBS je odk\u00e1z\u00e1no na zkou\u0161en\u00ed r\u016fzn\u00fdch l\u00e9k\u016f a experimentov\u00e1n\u00ed se zm\u011bnami v j\u00eddeln\u00ed\u010dku, kdy se sna\u017e\u00ed vyh\u00fdbat r\u016fzn\u00fdm potravin\u00e1m a diet\u00e1m, aby se zbavili sv\u00fdch probl\u00e9m\u016f s IBS. U mnoh\u00fdch se v\u0161ak probl\u00e9my mohou je\u0161t\u011b zhor\u0161it, kdy\u017e za\u010dnou experimentovat nap\u0159\u00edklad s r\u016fzn\u00fdmi vl\u00e1kninov\u00fdmi produkty a jednostrannou stravou, v jej\u00edm\u017e d\u016fsledku doch\u00e1z\u00ed ke zv\u00fd\u0161en\u00e9 produkci plyn\u016f, otok\u016fm a bolestem.<\/p>\n<p>L\u00e9ka\u0159 m\u016f\u017ee stanovit diagn\u00f3zu a poskytnout rady a n\u00e1vrhy pro l\u00e9\u010dbu va\u0161ich pot\u00ed\u017e\u00ed. Dietolog m\u016f\u017ee tak\u00e9 pomoci p\u0159ezkoumat sou\u010dasn\u00fd j\u00eddeln\u00ed\u010dek a poradit, jak pomoc\u00ed zm\u011bny stravy zm\u00edrnit p\u0159\u00edznaky IBS. Na str\u00e1nk\u00e1ch alltomibs.se najdete odpov\u011bdi na ot\u00e1zky, fakta o IBS a p\u0159e\u010dtete si o nejnov\u011bj\u0161\u00edch v\u00fdsledc\u00edch v\u00fdzkumu, nap\u0159\u00edklad o nov\u00fdch zp\u016fsobech l\u00e9\u010dby.<br \/>\nP\u0159e\u010dt\u011bte si v\u00edce o <a href=\"https:\/\/allaboutibs.com\/diagnosis\/\" target=\"_blank\" rel=\"noopener noreferrer\">diagnostice<\/a> IBS.<\/p>\n<h2><a id=\"treatment_anchor\" href=\"https:\/\/allaboutibs.com\/treatment\/\" target=\"_blank\" rel=\"noopener noreferrer\">L\u00e9\u010dba<\/a><\/h2>\n<p>Pokud trp\u00edte syndromem dr\u00e1\u017ediv\u00e9ho tra\u010dn\u00edku, je samoz\u0159ejm\u011b c\u00edlem b\u00fdt zcela bez IBS. IBS se v\u0161ak opakuje\/chronick\u00fd a v sou\u010dasn\u00e9 dob\u011b neexistuje \u017e\u00e1dn\u00fd \u00fa\u010dinn\u00fd l\u00e9k. Proto se sna\u017e\u00edme r\u016fzn\u00fdmi prost\u0159edky zm\u00edrnit r\u016fzn\u00e9 p\u0159\u00edznaky. T\u011bm, kte\u0159\u00ed \u010dasto trp\u00ed z\u00e1cpou, plynatost\u00ed nebo pr\u016fjmem, mohou pomoci p\u0159\u00edpravky, kter\u00e9 ovliv\u0148uj\u00ed jeden z t\u011bchto stav\u016f. \u010casto se v\u0161ak st\u00e1v\u00e1 probl\u00e9mem, pokud pravideln\u011b trp\u00edte n\u011bkolika r\u016fzn\u00fdmi p\u0159\u00edznaky. Obvykle se pacienti tak\u00e9 sna\u017e\u00ed upravit sv\u016fj j\u00eddeln\u00ed\u010dek, aby zjistili, zda ur\u010dit\u00e9 potraviny nezhor\u0161uj\u00ed jejich p\u0159\u00edznaky.<\/p>\n<p>Jejich vylou\u010den\u00edm na ur\u010ditou dobu se mohou p\u0159\u00edznaky zm\u00edrnit. Probiotick\u00e1 l\u00e9\u010dba IBS byla vyzkou\u0161ena, nicm\u00e9n\u011b existuj\u00ed jen omezen\u00e9 d\u016fkazy o tom, \u017ee by tato l\u00e9\u010dba byla pro pacienty s IBS \u00fa\u010dinn\u00e1. S ur\u010dit\u00fdm \u00fasp\u011bchem byly vyzkou\u0161eny tak\u00e9 r\u016fzn\u00e9 formy terapie, jako je relaxace, hypn\u00f3za a kognitivn\u011b-behavior\u00e1ln\u00ed terapie, proto\u017ee \u00fazkost a stres mohou jinak p\u0159\u00edznaky zhor\u0161ovat.<\/p>\n<p>Dal\u0161\u00ed informace o <a href=\"https:\/\/allaboutibs.com\/treatment\/\" target=\"_blank\" rel=\"noopener noreferrer\">l\u00e9\u010db\u011b<\/a> syndromu dr\u00e1\u017ediv\u00e9ho tra\u010dn\u00edku.<\/p>\n<p>&nbsp;[\/et_pb_text][\/et_pb_column][et_pb_column type=&#8220;1_3&#8243; _builder_version=&#8220;3.25&#8243; custom_padding=&#8220;|||&#8220; custom_padding__hover=&#8220;|||&#8220;][et_pb_text _builder_version=&#8220;4.9.0&#8243; _module_preset=&#8220;default&#8220; text_font_size=&#8220;20px&#8220; background_color=&#8220;#f2f2f2&#8243; custom_padding=&#8220;25px|25px|25px|25px|false|false&#8220; sticky_position=&#8220;top&#8220; sticky_limit_bottom=&#8220;row&#8220; border_radii=&#8220;on|15px|15px|15px|15px&#8220;]<\/p>\n<p><strong>Obsah<\/strong><\/p>\n<ul>\n<li><a href=\"#symptoms_anchor\">P\u0159\u00edznaky<\/a><\/li>\n<li><a href=\"#cause_anchor\">P\u0159\u00ed\u010diny<\/a><\/li>\n<li><a href=\"#diagnosis_anchor\">Diagn\u00f3za<\/a><\/li>\n<li><a href=\"#treatment_anchor\">L\u00e9\u010dba<\/a><\/li>\n<\/ul>\n<p>[\/et_pb_text][\/et_pb_column][\/et_pb_row][\/et_pb_section]<\/p>\n","protected":false},"excerpt":{"rendered":"<p>Syndrom dr\u00e1\u017ediv\u00e9ho tra\u010dn\u00edku neboli IBS, zn\u00e1m\u00fd tak\u00e9 jako dr\u00e1\u017ediv\u00fd tra\u010dn\u00edk nebo spastick\u00fd tra\u010dn\u00edk, je jedn\u00edm z nej\u010dast\u011bj\u0161\u00edch gastrointestin\u00e1ln\u00edch onemocn\u011bn\u00ed na sv\u011bt\u011b. A\u017e 15-20 % \u0161v\u00e9dsk\u00e9 populace m\u00e1 opakovan\u00e9 \u017ealude\u010dn\u00ed pot\u00ed\u017ee a bolesti, kter\u00e9 mohou souviset s diagn\u00f3zou IBS. Toto onemocn\u011bn\u00ed pat\u0159\u00ed do v\u011bt\u0161\u00ed skupiny onemocn\u011bn\u00ed gastrointestin\u00e1ln\u00edho traktu, kter\u00e1 se naz\u00fdv\u00e1 funk\u010dn\u00ed gastrointestin\u00e1ln\u00ed onemocn\u011bn\u00ed. Syndrom dr\u00e1\u017ediv\u00e9ho [&hellip;]<\/p>\n","protected":false},"author":10,"featured_media":0,"parent":0,"menu_order":0,"comment_status":"closed","ping_status":"closed","template":"","meta":{"_et_pb_use_builder":"on","_et_pb_old_content":"","_et_gb_content_width":"","footnotes":""},"class_list":["post-38540","page","type-page","status-publish","hentry"],"yoast_head":"<!-- This site is optimized with the Yoast SEO plugin v27.5 - https:\/\/yoast.com\/product\/yoast-seo-wordpress\/ -->\n<title>Co je to IBS (syndrom dr\u00e1\u017ediv\u00e9ho tra\u010dn\u00edku)? - all about IBS<\/title>\n<meta name=\"description\" content=\"Syndrom dr\u00e1\u017ediv\u00e9ho tra\u010dn\u00edku neboli IBS, zn\u00e1m\u00fd tak\u00e9 jako dr\u00e1\u017ediv\u00fd tra\u010dn\u00edk nebo spastick\u00fd tra\u010dn\u00edk, je jedn\u00edm z nej\u010dast\u011bj\u0161\u00edch gastrointestin\u00e1ln\u00edch onemocn\u011bn\u00ed na sv\u011bt\u011b.\" \/>\n<meta name=\"robots\" content=\"index, follow, max-snippet:-1, max-image-preview:large, max-video-preview:-1\" \/>\n<link rel=\"canonical\" href=\"https:\/\/allaboutibs.com\/cs\/co-je-to-ibs-syndrom-drazdiveho-tracniku\/\" \/>\n<meta property=\"og:locale\" content=\"cs_CZ\" \/>\n<meta property=\"og:type\" content=\"article\" \/>\n<meta property=\"og:title\" content=\"Co je to IBS (syndrom dr\u00e1\u017ediv\u00e9ho tra\u010dn\u00edku)? - all about IBS\" \/>\n<meta property=\"og:description\" content=\"Syndrom dr\u00e1\u017ediv\u00e9ho tra\u010dn\u00edku neboli IBS, zn\u00e1m\u00fd tak\u00e9 jako dr\u00e1\u017ediv\u00fd tra\u010dn\u00edk nebo spastick\u00fd tra\u010dn\u00edk, je jedn\u00edm z nej\u010dast\u011bj\u0161\u00edch gastrointestin\u00e1ln\u00edch onemocn\u011bn\u00ed na sv\u011bt\u011b.\" \/>\n<meta property=\"og:url\" content=\"https:\/\/allaboutibs.com\/cs\/co-je-to-ibs-syndrom-drazdiveho-tracniku\/\" \/>\n<meta property=\"og:site_name\" content=\"all about IBS\" \/>\n<meta property=\"article:modified_time\" content=\"2024-03-23T13:32:10+00:00\" \/>\n<meta property=\"og:image\" content=\"https:\/\/allaboutibs.com\/wp-content\/uploads\/2021\/03\/What-is-IBS-300x199.jpg\" \/>\n<meta name=\"twitter:card\" content=\"summary_large_image\" \/>\n<meta name=\"twitter:label1\" content=\"Odhadovan\u00e1 doba \u010dten\u00ed\" \/>\n\t<meta name=\"twitter:data1\" content=\"5 minut\" \/>\n<script type=\"application\/ld+json\" class=\"yoast-schema-graph\">{\"@context\":\"https:\\\/\\\/schema.org\",\"@graph\":[{\"@type\":\"WebPage\",\"@id\":\"https:\\\/\\\/allaboutibs.com\\\/cs\\\/co-je-to-ibs-syndrom-drazdiveho-tracniku\\\/\",\"url\":\"https:\\\/\\\/allaboutibs.com\\\/cs\\\/co-je-to-ibs-syndrom-drazdiveho-tracniku\\\/\",\"name\":\"Co je to IBS (syndrom dr\u00e1\u017ediv\u00e9ho tra\u010dn\u00edku)? - all about IBS\",\"isPartOf\":{\"@id\":\"https:\\\/\\\/allaboutibs.com\\\/cs\\\/#website\"},\"primaryImageOfPage\":{\"@id\":\"https:\\\/\\\/allaboutibs.com\\\/cs\\\/co-je-to-ibs-syndrom-drazdiveho-tracniku\\\/#primaryimage\"},\"image\":{\"@id\":\"https:\\\/\\\/allaboutibs.com\\\/cs\\\/co-je-to-ibs-syndrom-drazdiveho-tracniku\\\/#primaryimage\"},\"thumbnailUrl\":\"https:\\\/\\\/allaboutibs.com\\\/wp-content\\\/uploads\\\/2021\\\/03\\\/What-is-IBS-300x199.jpg\",\"datePublished\":\"2021-03-02T18:45:42+00:00\",\"dateModified\":\"2024-03-23T13:32:10+00:00\",\"description\":\"Syndrom dr\u00e1\u017ediv\u00e9ho tra\u010dn\u00edku neboli IBS, zn\u00e1m\u00fd tak\u00e9 jako dr\u00e1\u017ediv\u00fd tra\u010dn\u00edk nebo spastick\u00fd tra\u010dn\u00edk, je jedn\u00edm z nej\u010dast\u011bj\u0161\u00edch gastrointestin\u00e1ln\u00edch onemocn\u011bn\u00ed na sv\u011bt\u011b.\",\"breadcrumb\":{\"@id\":\"https:\\\/\\\/allaboutibs.com\\\/cs\\\/co-je-to-ibs-syndrom-drazdiveho-tracniku\\\/#breadcrumb\"},\"inLanguage\":\"cs\",\"potentialAction\":[{\"@type\":\"ReadAction\",\"target\":[\"https:\\\/\\\/allaboutibs.com\\\/cs\\\/co-je-to-ibs-syndrom-drazdiveho-tracniku\\\/\"]}]},{\"@type\":\"ImageObject\",\"inLanguage\":\"cs\",\"@id\":\"https:\\\/\\\/allaboutibs.com\\\/cs\\\/co-je-to-ibs-syndrom-drazdiveho-tracniku\\\/#primaryimage\",\"url\":\"https:\\\/\\\/allaboutibs.com\\\/wp-content\\\/uploads\\\/2021\\\/03\\\/What-is-IBS-300x199.jpg\",\"contentUrl\":\"https:\\\/\\\/allaboutibs.com\\\/wp-content\\\/uploads\\\/2021\\\/03\\\/What-is-IBS-300x199.jpg\"},{\"@type\":\"BreadcrumbList\",\"@id\":\"https:\\\/\\\/allaboutibs.com\\\/cs\\\/co-je-to-ibs-syndrom-drazdiveho-tracniku\\\/#breadcrumb\",\"itemListElement\":[{\"@type\":\"ListItem\",\"position\":1,\"name\":\"Home\",\"item\":\"https:\\\/\\\/allaboutibs.com\\\/cs\\\/\"},{\"@type\":\"ListItem\",\"position\":2,\"name\":\"Co je to IBS (syndrom dr\u00e1\u017ediv\u00e9ho tra\u010dn\u00edku)?\"}]},{\"@type\":\"WebSite\",\"@id\":\"https:\\\/\\\/allaboutibs.com\\\/cs\\\/#website\",\"url\":\"https:\\\/\\\/allaboutibs.com\\\/cs\\\/\",\"name\":\"all about IBS\",\"description\":\"All about IBS &amp; bowel problems\",\"publisher\":{\"@id\":\"https:\\\/\\\/allaboutibs.com\\\/cs\\\/#organization\"},\"potentialAction\":[{\"@type\":\"SearchAction\",\"target\":{\"@type\":\"EntryPoint\",\"urlTemplate\":\"https:\\\/\\\/allaboutibs.com\\\/cs\\\/?s={search_term_string}\"},\"query-input\":{\"@type\":\"PropertyValueSpecification\",\"valueRequired\":true,\"valueName\":\"search_term_string\"}}],\"inLanguage\":\"cs\"},{\"@type\":\"Organization\",\"@id\":\"https:\\\/\\\/allaboutibs.com\\\/cs\\\/#organization\",\"name\":\"all about IBS\",\"url\":\"https:\\\/\\\/allaboutibs.com\\\/cs\\\/\",\"logo\":{\"@type\":\"ImageObject\",\"inLanguage\":\"cs\",\"@id\":\"https:\\\/\\\/allaboutibs.com\\\/cs\\\/#\\\/schema\\\/logo\\\/image\\\/\",\"url\":\"https:\\\/\\\/allaboutibs.com\\\/wp-content\\\/uploads\\\/2021\\\/02\\\/allaboutibs-favicon-en.png\",\"contentUrl\":\"https:\\\/\\\/allaboutibs.com\\\/wp-content\\\/uploads\\\/2021\\\/02\\\/allaboutibs-favicon-en.png\",\"width\":512,\"height\":512,\"caption\":\"all about IBS\"},\"image\":{\"@id\":\"https:\\\/\\\/allaboutibs.com\\\/cs\\\/#\\\/schema\\\/logo\\\/image\\\/\"}}]}<\/script>\n<!-- \/ Yoast SEO plugin. -->","yoast_head_json":{"title":"Co je to IBS (syndrom dr\u00e1\u017ediv\u00e9ho tra\u010dn\u00edku)? - all about IBS","description":"Syndrom dr\u00e1\u017ediv\u00e9ho tra\u010dn\u00edku neboli IBS, zn\u00e1m\u00fd tak\u00e9 jako dr\u00e1\u017ediv\u00fd tra\u010dn\u00edk nebo spastick\u00fd tra\u010dn\u00edk, je jedn\u00edm z nej\u010dast\u011bj\u0161\u00edch gastrointestin\u00e1ln\u00edch onemocn\u011bn\u00ed na sv\u011bt\u011b.","robots":{"index":"index","follow":"follow","max-snippet":"max-snippet:-1","max-image-preview":"max-image-preview:large","max-video-preview":"max-video-preview:-1"},"canonical":"https:\/\/allaboutibs.com\/cs\/co-je-to-ibs-syndrom-drazdiveho-tracniku\/","og_locale":"cs_CZ","og_type":"article","og_title":"Co je to IBS (syndrom dr\u00e1\u017ediv\u00e9ho tra\u010dn\u00edku)? - all about IBS","og_description":"Syndrom dr\u00e1\u017ediv\u00e9ho tra\u010dn\u00edku neboli IBS, zn\u00e1m\u00fd tak\u00e9 jako dr\u00e1\u017ediv\u00fd tra\u010dn\u00edk nebo spastick\u00fd tra\u010dn\u00edk, je jedn\u00edm z nej\u010dast\u011bj\u0161\u00edch gastrointestin\u00e1ln\u00edch onemocn\u011bn\u00ed na sv\u011bt\u011b.","og_url":"https:\/\/allaboutibs.com\/cs\/co-je-to-ibs-syndrom-drazdiveho-tracniku\/","og_site_name":"all about IBS","article_modified_time":"2024-03-23T13:32:10+00:00","og_image":[{"url":"https:\/\/allaboutibs.com\/wp-content\/uploads\/2021\/03\/What-is-IBS-300x199.jpg","type":"","width":"","height":""}],"twitter_card":"summary_large_image","twitter_misc":{"Odhadovan\u00e1 doba \u010dten\u00ed":"5 minut"},"schema":{"@context":"https:\/\/schema.org","@graph":[{"@type":"WebPage","@id":"https:\/\/allaboutibs.com\/cs\/co-je-to-ibs-syndrom-drazdiveho-tracniku\/","url":"https:\/\/allaboutibs.com\/cs\/co-je-to-ibs-syndrom-drazdiveho-tracniku\/","name":"Co je to IBS (syndrom dr\u00e1\u017ediv\u00e9ho tra\u010dn\u00edku)? - all about IBS","isPartOf":{"@id":"https:\/\/allaboutibs.com\/cs\/#website"},"primaryImageOfPage":{"@id":"https:\/\/allaboutibs.com\/cs\/co-je-to-ibs-syndrom-drazdiveho-tracniku\/#primaryimage"},"image":{"@id":"https:\/\/allaboutibs.com\/cs\/co-je-to-ibs-syndrom-drazdiveho-tracniku\/#primaryimage"},"thumbnailUrl":"https:\/\/allaboutibs.com\/wp-content\/uploads\/2021\/03\/What-is-IBS-300x199.jpg","datePublished":"2021-03-02T18:45:42+00:00","dateModified":"2024-03-23T13:32:10+00:00","description":"Syndrom dr\u00e1\u017ediv\u00e9ho tra\u010dn\u00edku neboli IBS, zn\u00e1m\u00fd tak\u00e9 jako dr\u00e1\u017ediv\u00fd tra\u010dn\u00edk nebo spastick\u00fd tra\u010dn\u00edk, je jedn\u00edm z nej\u010dast\u011bj\u0161\u00edch gastrointestin\u00e1ln\u00edch onemocn\u011bn\u00ed na sv\u011bt\u011b.","breadcrumb":{"@id":"https:\/\/allaboutibs.com\/cs\/co-je-to-ibs-syndrom-drazdiveho-tracniku\/#breadcrumb"},"inLanguage":"cs","potentialAction":[{"@type":"ReadAction","target":["https:\/\/allaboutibs.com\/cs\/co-je-to-ibs-syndrom-drazdiveho-tracniku\/"]}]},{"@type":"ImageObject","inLanguage":"cs","@id":"https:\/\/allaboutibs.com\/cs\/co-je-to-ibs-syndrom-drazdiveho-tracniku\/#primaryimage","url":"https:\/\/allaboutibs.com\/wp-content\/uploads\/2021\/03\/What-is-IBS-300x199.jpg","contentUrl":"https:\/\/allaboutibs.com\/wp-content\/uploads\/2021\/03\/What-is-IBS-300x199.jpg"},{"@type":"BreadcrumbList","@id":"https:\/\/allaboutibs.com\/cs\/co-je-to-ibs-syndrom-drazdiveho-tracniku\/#breadcrumb","itemListElement":[{"@type":"ListItem","position":1,"name":"Home","item":"https:\/\/allaboutibs.com\/cs\/"},{"@type":"ListItem","position":2,"name":"Co je to IBS (syndrom dr\u00e1\u017ediv\u00e9ho tra\u010dn\u00edku)?"}]},{"@type":"WebSite","@id":"https:\/\/allaboutibs.com\/cs\/#website","url":"https:\/\/allaboutibs.com\/cs\/","name":"all about IBS","description":"All about IBS &amp; bowel problems","publisher":{"@id":"https:\/\/allaboutibs.com\/cs\/#organization"},"potentialAction":[{"@type":"SearchAction","target":{"@type":"EntryPoint","urlTemplate":"https:\/\/allaboutibs.com\/cs\/?s={search_term_string}"},"query-input":{"@type":"PropertyValueSpecification","valueRequired":true,"valueName":"search_term_string"}}],"inLanguage":"cs"},{"@type":"Organization","@id":"https:\/\/allaboutibs.com\/cs\/#organization","name":"all about IBS","url":"https:\/\/allaboutibs.com\/cs\/","logo":{"@type":"ImageObject","inLanguage":"cs","@id":"https:\/\/allaboutibs.com\/cs\/#\/schema\/logo\/image\/","url":"https:\/\/allaboutibs.com\/wp-content\/uploads\/2021\/02\/allaboutibs-favicon-en.png","contentUrl":"https:\/\/allaboutibs.com\/wp-content\/uploads\/2021\/02\/allaboutibs-favicon-en.png","width":512,"height":512,"caption":"all about IBS"},"image":{"@id":"https:\/\/allaboutibs.com\/cs\/#\/schema\/logo\/image\/"}}]}},"_links":{"self":[{"href":"https:\/\/allaboutibs.com\/cs\/wp-json\/wp\/v2\/pages\/38540","targetHints":{"allow":["GET"]}}],"collection":[{"href":"https:\/\/allaboutibs.com\/cs\/wp-json\/wp\/v2\/pages"}],"about":[{"href":"https:\/\/allaboutibs.com\/cs\/wp-json\/wp\/v2\/types\/page"}],"author":[{"embeddable":true,"href":"https:\/\/allaboutibs.com\/cs\/wp-json\/wp\/v2\/users\/10"}],"replies":[{"embeddable":true,"href":"https:\/\/allaboutibs.com\/cs\/wp-json\/wp\/v2\/comments?post=38540"}],"version-history":[{"count":1,"href":"https:\/\/allaboutibs.com\/cs\/wp-json\/wp\/v2\/pages\/38540\/revisions"}],"predecessor-version":[{"id":38545,"href":"https:\/\/allaboutibs.com\/cs\/wp-json\/wp\/v2\/pages\/38540\/revisions\/38545"}],"wp:attachment":[{"href":"https:\/\/allaboutibs.com\/cs\/wp-json\/wp\/v2\/media?parent=38540"}],"curies":[{"name":"wp","href":"https:\/\/api.w.org\/{rel}","templated":true}]}}