{"id":38512,"date":"2021-01-12T21:05:49","date_gmt":"2021-01-12T21:05:49","guid":{"rendered":"https:\/\/allaboutibs.com\/zasady-ochrany-osobnich-udaju\/"},"modified":"2024-09-09T12:24:55","modified_gmt":"2024-09-09T12:24:55","slug":"zasady-ochrany-osobnich-udaju","status":"publish","type":"page","link":"https:\/\/allaboutibs.com\/cs\/zasady-ochrany-osobnich-udaju\/","title":{"rendered":"Z\u00e1sady ochrany osobn\u00edch \u00fadaj\u016f"},"content":{"rendered":"<p>[et_pb_section fb_built=&#8220;1&#8243; admin_label=&#8220;section&#8220; _builder_version=&#8220;4.16&#8243; global_colors_info=&#8220;{}&#8220;][et_pb_row admin_label=&#8220;row&#8220; _builder_version=&#8220;4.16&#8243; background_size=&#8220;initial&#8220; background_position=&#8220;top_left&#8220; background_repeat=&#8220;repeat&#8220; global_colors_info=&#8220;{}&#8220;][et_pb_column type=&#8220;4_4&#8243; _builder_version=&#8220;4.16&#8243; custom_padding=&#8220;|||&#8220; global_colors_info=&#8220;{}&#8220; custom_padding__hover=&#8220;|||&#8220;][et_pb_text admin_label=&#8220;Text&#8220; _builder_version=&#8220;4.27.0&#8243; background_size=&#8220;initial&#8220; background_position=&#8220;top_left&#8220; background_repeat=&#8220;repeat&#8220; hover_enabled=&#8220;0&#8243; global_colors_info=&#8220;{}&#8220; sticky_enabled=&#8220;0&#8243;]<\/p>\n<h2><strong>Pro koho je tato str\u00e1nka ur\u010dena?<\/strong><\/h2>\n<p>allaboutIBS.com je str\u00e1nka pro ty, kte\u0159\u00ed se cht\u011bj\u00ed dozv\u011bd\u011bt v\u00edce o onemocn\u011bn\u00ed IBS &#8211; syndromu dr\u00e1\u017ediv\u00e9ho tra\u010dn\u00edku. Najdete zde aktu\u00e1ln\u00ed informace o v\u0161em, od nejnov\u011bj\u0161\u00edch poznatk\u016f z v\u00fdzkumu p\u0159\u00ed\u010din onemocn\u011bn\u00ed a nov\u00fdch zp\u016fsob\u016f l\u00e9\u010dby a\u017e po recepty a cvi\u010den\u00ed vhodn\u00e1 pro osoby trp\u00edc\u00ed IBS.  <\/p>\n<p>N\u011bkter\u00e9 z my\u0161lenek, kter\u00e9 se skr\u00fdvaj\u00ed za touto str\u00e1nkou&#8230;<\/p>\n<p>&#8211; Str\u00e1nky allaboutIBS.com poskytuj\u00ed aktu\u00e1ln\u00ed, snadno dostupn\u00e9 a kvalitn\u011b zpracovan\u00e9 informace o IBS a okoln\u00edch onemocn\u011bn\u00edch.<\/p>\n<p>&#8211; informace na str\u00e1nk\u00e1ch allaboutIBS.com by m\u011bly zaujmout \u010dten\u00e1\u0159e na v\u0161ech \u00farovn\u00edch &#8211; od tip\u016f ohledn\u011b stravy, p\u0159edepisov\u00e1n\u00ed l\u00e9k\u016f a cvi\u010den\u00ed a\u017e po podrobnosti a zpr\u00e1vy o nejnov\u011bj\u0161\u00edch v\u00fdsledc\u00edch v\u00fdzkumu.<\/p>\n<p>&#8211; allaboutIBS.com se mus\u00ed neust\u00e1le p\u0159izp\u016fsobovat p\u0159\u00e1n\u00edm \u010dten\u00e1\u0159\u016f.<\/p>\n<p>&#8211; na allaboutIBS.com byste m\u011bli m\u00edt v\u017edy mo\u017enost vid\u011bt, kdo \u010dl\u00e1nek napsal.<\/p>\n<p>&#8211; mnoho \u010dl\u00e1nk\u016f bude naps\u00e1no redakc\u00ed jako za str\u00e1nkou p\u0159i spu\u0161t\u011bn\u00ed.<\/p>\n<p>&#8211; na allaboutIBS.com bude reklama, kter\u00e1 bude financovat, \u017ee obsah je zdarma pro ty, kte\u0159\u00ed \u010dtou. V\u017edy mus\u00ed b\u00fdt jasn\u00e9, zda se jedn\u00e1 o reklamu.<\/p>\n<p>&#8211; na str\u00e1nk\u00e1ch nebude mo\u017en\u00e9 zakoupit redak\u010dn\u00ed materi\u00e1l.<\/p>\n<p>Redakce si vyhrazuje pr\u00e1vo voln\u011b vyb\u00edrat t\u00e9mata k p\u0159episu.<\/p>\n<p>Nev\u00e1hejte n\u00e1s kontaktovat, pokud byste cht\u011bli navrhnout t\u00e9ma, kter\u00e9mu bychom se mohli v \u010dl\u00e1nku v\u011bnovat, nebo pokud zjist\u00edte, \u017ee bychom m\u011bli n\u011bco zm\u011bnit. M\u011bjte na pam\u011bti, \u017ee pro \u00fapravu informac\u00ed na webov\u00fdch str\u00e1nk\u00e1ch je t\u0159eba m\u00edt podlo\u017een\u00e9 a v\u011bcn\u00e9 argumenty.<\/p>\n<p>Informace na allaboutIBS.com nejsou v r\u00e1mci IBS vy\u010derp\u00e1vaj\u00edc\u00ed a to, co se na str\u00e1nk\u00e1ch do\u010dtete, nikdy nem\u016f\u017ee nahradit radu nebo diagn\u00f3zu l\u00e9ka\u0159e. Pokud m\u00e1te jak\u00e9koli dotazy nebo obavy t\u00fdkaj\u00edc\u00ed se va\u0161eho zdrav\u00ed, obra\u0165te se p\u0159\u00edmo na nejbli\u017e\u0161\u00ed kliniku.<\/p>\n<p>Pokud se chcete spojit s redakc\u00ed allaboutIBS.com, pou\u017eijte n\u00ed\u017ee uveden\u00e9 kontaktn\u00ed informace.<\/p>\n<p>allaboutIBS.com<\/p>\n<p>&#8212;&#8212;&#8212;&#8212;&#8212;&#8212;&#8212;&#8212;&#8211;<\/p>\n<p>C \/ O Calmino group AB<\/p>\n<p>\u010c\u00edslo organizace: 556638-9820<\/p>\n<p>Adresa s\u00eddla spole\u010dnosti: 413 46 G\u00f6teborg \u0160v\u00e9dsko, Sahlgrenska Science Park, Medicinaregatan 8A<\/p>\n<p>info@allaboutIBS.com<\/p>\n<p>&#8212;&#8212;&#8212;&#8212;&#8212;&#8212;&#8212;&#8212;<\/p>\n<p>Ve\u0161ker\u00fd materi\u00e1l na webov\u00fdch str\u00e1nk\u00e1ch je chr\u00e1n\u011bn autorsk\u00fdmi pr\u00e1vy<\/p>\n<p>Copyright \u00a9 2011-2020 Calmino group AB &#8211; Nev\u00e1hejte n\u00e1s kontaktovat, pokud chcete z\u00edskat povolen\u00ed k reprodukci jak\u00e9hokoli materi\u00e1lu na t\u00e9to str\u00e1nce.<\/p>\n<p>\u00dapln\u00e9 podm\u00ednky str\u00e1nky naleznete zde:<\/p>\n<h2>Z\u00e1sady ochrany osobn\u00edch \u00fadaj\u016f a podm\u00ednky pou\u017e\u00edv\u00e1n\u00ed<\/h2>\n<p>Pou\u017e\u00edv\u00e1n\u00edm na\u0161ich webov\u00fdch str\u00e1nek p\u0159ij\u00edm\u00e1te na\u0161e podm\u00ednky pou\u017e\u00edv\u00e1n\u00ed a souhlas\u00edte s jejich dodr\u017eov\u00e1n\u00edm. Pokud s podm\u00ednkami pou\u017e\u00edv\u00e1n\u00ed nesouhlas\u00edte, opus\u0165te pros\u00edm webov\u00e9 str\u00e1nky. Ochrana soukrom\u00ed je pro n\u00e1s d\u016fle\u017eit\u00e1 a p\u0159i nakl\u00e1d\u00e1n\u00ed s va\u0161imi osobn\u00edmi \u00fadaji se sna\u017e\u00edme chr\u00e1nit va\u0161i osobn\u00ed integritu. S osobn\u00edmi \u00fadaji bude nakl\u00e1d\u00e1no v souladu s na\u0161imi z\u00e1sadami integrity a zasl\u00e1n\u00edm informac\u00ed souhlas\u00edte s na\u0161imi z\u00e1sadami integrity.<\/p>\n<p>Tyto mezin\u00e1rodn\u00ed webov\u00e9 str\u00e1nky provozuje spole\u010dnost Calmino group AB. Calmino group AB je soukrom\u00e1 spole\u010dnost s ru\u010den\u00edm omezen\u00fdm registrovan\u00e1 ve \u0161v\u00e9dsk\u00e9m G\u00f6teborgu.<\/p>\n<p>Zde si p\u0159e\u010dt\u011bte na\u0161e podm\u00ednky a ozn\u00e1men\u00ed o ochran\u011b osobn\u00edch \u00fadaj\u016f:<\/p>\n<p><a href=\"https:\/\/calmino.com\/privacy_policy_and_terms\/\">Podm\u00ednky a ozn\u00e1men\u00ed o ochran\u011b osobn\u00edch \u00fadaj\u016f<\/a><\/p>\n<p>Kontaktn\u00ed \u00fadaje a DI\u010c najdete na na\u0161ich webov\u00fdch str\u00e1nk\u00e1ch:<\/p>\n<p><a href=\"https:\/\/www.calmino.com\/\">https:\/\/www.calmino.com<\/a><\/p>\n<p>[\/et_pb_text][\/et_pb_column][\/et_pb_row][\/et_pb_section]<\/p>\n","protected":false},"excerpt":{"rendered":"<p>Pro koho je tato str\u00e1nka ur\u010dena? allaboutIBS.com je str\u00e1nka pro ty, kte\u0159\u00ed se cht\u011bj\u00ed dozv\u011bd\u011bt v\u00edce o onemocn\u011bn\u00ed IBS &#8211; syndromu dr\u00e1\u017ediv\u00e9ho tra\u010dn\u00edku. Najdete zde aktu\u00e1ln\u00ed informace o v\u0161em, od nejnov\u011bj\u0161\u00edch poznatk\u016f z v\u00fdzkumu p\u0159\u00ed\u010din onemocn\u011bn\u00ed a nov\u00fdch zp\u016fsob\u016f l\u00e9\u010dby a\u017e po recepty a cvi\u010den\u00ed vhodn\u00e1 pro osoby trp\u00edc\u00ed IBS. N\u011bkter\u00e9 z my\u0161lenek, kter\u00e9 se [&hellip;]<\/p>\n","protected":false},"author":10,"featured_media":0,"parent":0,"menu_order":0,"comment_status":"closed","ping_status":"closed","template":"","meta":{"_et_pb_use_builder":"on","_et_pb_old_content":"","_et_gb_content_width":"","footnotes":""},"class_list":["post-38512","page","type-page","status-publish","hentry"],"yoast_head":"<!-- This site is optimized with the Yoast SEO plugin v27.6 - https:\/\/yoast.com\/product\/yoast-seo-wordpress\/ -->\n<title>Z\u00e1sady ochrany osobn\u00edch \u00fadaj\u016f - all about IBS<\/title>\n<meta name=\"robots\" content=\"index, follow, max-snippet:-1, max-image-preview:large, max-video-preview:-1\" \/>\n<link rel=\"canonical\" href=\"https:\/\/allaboutibs.com\/cs\/zasady-ochrany-osobnich-udaju\/\" \/>\n<meta property=\"og:locale\" content=\"cs_CZ\" \/>\n<meta property=\"og:type\" content=\"article\" \/>\n<meta property=\"og:title\" content=\"Z\u00e1sady ochrany osobn\u00edch \u00fadaj\u016f - all about IBS\" \/>\n<meta property=\"og:description\" content=\"Pro koho je tato str\u00e1nka ur\u010dena? allaboutIBS.com je str\u00e1nka pro ty, kte\u0159\u00ed se cht\u011bj\u00ed dozv\u011bd\u011bt v\u00edce o onemocn\u011bn\u00ed IBS - syndromu dr\u00e1\u017ediv\u00e9ho tra\u010dn\u00edku. Najdete zde aktu\u00e1ln\u00ed informace o v\u0161em, od nejnov\u011bj\u0161\u00edch poznatk\u016f z v\u00fdzkumu p\u0159\u00ed\u010din onemocn\u011bn\u00ed a nov\u00fdch zp\u016fsob\u016f l\u00e9\u010dby a\u017e po recepty a cvi\u010den\u00ed vhodn\u00e1 pro osoby trp\u00edc\u00ed IBS. N\u011bkter\u00e9 z my\u0161lenek, kter\u00e9 se [&hellip;]\" \/>\n<meta property=\"og:url\" content=\"https:\/\/allaboutibs.com\/cs\/zasady-ochrany-osobnich-udaju\/\" \/>\n<meta property=\"og:site_name\" content=\"all about IBS\" \/>\n<meta property=\"article:modified_time\" content=\"2024-09-09T12:24:55+00:00\" \/>\n<meta name=\"twitter:card\" content=\"summary_large_image\" \/>\n<meta name=\"twitter:label1\" content=\"Odhadovan\u00e1 doba \u010dten\u00ed\" \/>\n\t<meta name=\"twitter:data1\" content=\"4 minuty\" \/>\n<script type=\"application\/ld+json\" class=\"yoast-schema-graph\">{\"@context\":\"https:\\\/\\\/schema.org\",\"@graph\":[{\"@type\":\"WebPage\",\"@id\":\"https:\\\/\\\/allaboutibs.com\\\/cs\\\/zasady-ochrany-osobnich-udaju\\\/\",\"url\":\"https:\\\/\\\/allaboutibs.com\\\/cs\\\/zasady-ochrany-osobnich-udaju\\\/\",\"name\":\"Z\u00e1sady ochrany osobn\u00edch \u00fadaj\u016f - all about IBS\",\"isPartOf\":{\"@id\":\"https:\\\/\\\/allaboutibs.com\\\/cs\\\/#website\"},\"datePublished\":\"2021-01-12T21:05:49+00:00\",\"dateModified\":\"2024-09-09T12:24:55+00:00\",\"breadcrumb\":{\"@id\":\"https:\\\/\\\/allaboutibs.com\\\/cs\\\/zasady-ochrany-osobnich-udaju\\\/#breadcrumb\"},\"inLanguage\":\"cs\",\"potentialAction\":[{\"@type\":\"ReadAction\",\"target\":[\"https:\\\/\\\/allaboutibs.com\\\/cs\\\/zasady-ochrany-osobnich-udaju\\\/\"]}]},{\"@type\":\"BreadcrumbList\",\"@id\":\"https:\\\/\\\/allaboutibs.com\\\/cs\\\/zasady-ochrany-osobnich-udaju\\\/#breadcrumb\",\"itemListElement\":[{\"@type\":\"ListItem\",\"position\":1,\"name\":\"Home\",\"item\":\"https:\\\/\\\/allaboutibs.com\\\/cs\\\/\"},{\"@type\":\"ListItem\",\"position\":2,\"name\":\"Z\u00e1sady ochrany osobn\u00edch \u00fadaj\u016f\"}]},{\"@type\":\"WebSite\",\"@id\":\"https:\\\/\\\/allaboutibs.com\\\/cs\\\/#website\",\"url\":\"https:\\\/\\\/allaboutibs.com\\\/cs\\\/\",\"name\":\"all about IBS\",\"description\":\"All about IBS &amp; bowel problems\",\"publisher\":{\"@id\":\"https:\\\/\\\/allaboutibs.com\\\/cs\\\/#organization\"},\"potentialAction\":[{\"@type\":\"SearchAction\",\"target\":{\"@type\":\"EntryPoint\",\"urlTemplate\":\"https:\\\/\\\/allaboutibs.com\\\/cs\\\/?s={search_term_string}\"},\"query-input\":{\"@type\":\"PropertyValueSpecification\",\"valueRequired\":true,\"valueName\":\"search_term_string\"}}],\"inLanguage\":\"cs\"},{\"@type\":\"Organization\",\"@id\":\"https:\\\/\\\/allaboutibs.com\\\/cs\\\/#organization\",\"name\":\"all about IBS\",\"url\":\"https:\\\/\\\/allaboutibs.com\\\/cs\\\/\",\"logo\":{\"@type\":\"ImageObject\",\"inLanguage\":\"cs\",\"@id\":\"https:\\\/\\\/allaboutibs.com\\\/cs\\\/#\\\/schema\\\/logo\\\/image\\\/\",\"url\":\"https:\\\/\\\/allaboutibs.com\\\/wp-content\\\/uploads\\\/2021\\\/02\\\/allaboutibs-favicon-en.png\",\"contentUrl\":\"https:\\\/\\\/allaboutibs.com\\\/wp-content\\\/uploads\\\/2021\\\/02\\\/allaboutibs-favicon-en.png\",\"width\":512,\"height\":512,\"caption\":\"all about IBS\"},\"image\":{\"@id\":\"https:\\\/\\\/allaboutibs.com\\\/cs\\\/#\\\/schema\\\/logo\\\/image\\\/\"}}]}<\/script>\n<!-- \/ Yoast SEO plugin. -->","yoast_head_json":{"title":"Z\u00e1sady ochrany osobn\u00edch \u00fadaj\u016f - all about IBS","robots":{"index":"index","follow":"follow","max-snippet":"max-snippet:-1","max-image-preview":"max-image-preview:large","max-video-preview":"max-video-preview:-1"},"canonical":"https:\/\/allaboutibs.com\/cs\/zasady-ochrany-osobnich-udaju\/","og_locale":"cs_CZ","og_type":"article","og_title":"Z\u00e1sady ochrany osobn\u00edch \u00fadaj\u016f - all about IBS","og_description":"Pro koho je tato str\u00e1nka ur\u010dena? allaboutIBS.com je str\u00e1nka pro ty, kte\u0159\u00ed se cht\u011bj\u00ed dozv\u011bd\u011bt v\u00edce o onemocn\u011bn\u00ed IBS - syndromu dr\u00e1\u017ediv\u00e9ho tra\u010dn\u00edku. Najdete zde aktu\u00e1ln\u00ed informace o v\u0161em, od nejnov\u011bj\u0161\u00edch poznatk\u016f z v\u00fdzkumu p\u0159\u00ed\u010din onemocn\u011bn\u00ed a nov\u00fdch zp\u016fsob\u016f l\u00e9\u010dby a\u017e po recepty a cvi\u010den\u00ed vhodn\u00e1 pro osoby trp\u00edc\u00ed IBS. N\u011bkter\u00e9 z my\u0161lenek, kter\u00e9 se [&hellip;]","og_url":"https:\/\/allaboutibs.com\/cs\/zasady-ochrany-osobnich-udaju\/","og_site_name":"all about IBS","article_modified_time":"2024-09-09T12:24:55+00:00","twitter_card":"summary_large_image","twitter_misc":{"Odhadovan\u00e1 doba \u010dten\u00ed":"4 minuty"},"schema":{"@context":"https:\/\/schema.org","@graph":[{"@type":"WebPage","@id":"https:\/\/allaboutibs.com\/cs\/zasady-ochrany-osobnich-udaju\/","url":"https:\/\/allaboutibs.com\/cs\/zasady-ochrany-osobnich-udaju\/","name":"Z\u00e1sady ochrany osobn\u00edch \u00fadaj\u016f - all about IBS","isPartOf":{"@id":"https:\/\/allaboutibs.com\/cs\/#website"},"datePublished":"2021-01-12T21:05:49+00:00","dateModified":"2024-09-09T12:24:55+00:00","breadcrumb":{"@id":"https:\/\/allaboutibs.com\/cs\/zasady-ochrany-osobnich-udaju\/#breadcrumb"},"inLanguage":"cs","potentialAction":[{"@type":"ReadAction","target":["https:\/\/allaboutibs.com\/cs\/zasady-ochrany-osobnich-udaju\/"]}]},{"@type":"BreadcrumbList","@id":"https:\/\/allaboutibs.com\/cs\/zasady-ochrany-osobnich-udaju\/#breadcrumb","itemListElement":[{"@type":"ListItem","position":1,"name":"Home","item":"https:\/\/allaboutibs.com\/cs\/"},{"@type":"ListItem","position":2,"name":"Z\u00e1sady ochrany osobn\u00edch \u00fadaj\u016f"}]},{"@type":"WebSite","@id":"https:\/\/allaboutibs.com\/cs\/#website","url":"https:\/\/allaboutibs.com\/cs\/","name":"all about IBS","description":"All about IBS &amp; bowel problems","publisher":{"@id":"https:\/\/allaboutibs.com\/cs\/#organization"},"potentialAction":[{"@type":"SearchAction","target":{"@type":"EntryPoint","urlTemplate":"https:\/\/allaboutibs.com\/cs\/?s={search_term_string}"},"query-input":{"@type":"PropertyValueSpecification","valueRequired":true,"valueName":"search_term_string"}}],"inLanguage":"cs"},{"@type":"Organization","@id":"https:\/\/allaboutibs.com\/cs\/#organization","name":"all about IBS","url":"https:\/\/allaboutibs.com\/cs\/","logo":{"@type":"ImageObject","inLanguage":"cs","@id":"https:\/\/allaboutibs.com\/cs\/#\/schema\/logo\/image\/","url":"https:\/\/allaboutibs.com\/wp-content\/uploads\/2021\/02\/allaboutibs-favicon-en.png","contentUrl":"https:\/\/allaboutibs.com\/wp-content\/uploads\/2021\/02\/allaboutibs-favicon-en.png","width":512,"height":512,"caption":"all about IBS"},"image":{"@id":"https:\/\/allaboutibs.com\/cs\/#\/schema\/logo\/image\/"}}]}},"_links":{"self":[{"href":"https:\/\/allaboutibs.com\/cs\/wp-json\/wp\/v2\/pages\/38512","targetHints":{"allow":["GET"]}}],"collection":[{"href":"https:\/\/allaboutibs.com\/cs\/wp-json\/wp\/v2\/pages"}],"about":[{"href":"https:\/\/allaboutibs.com\/cs\/wp-json\/wp\/v2\/types\/page"}],"author":[{"embeddable":true,"href":"https:\/\/allaboutibs.com\/cs\/wp-json\/wp\/v2\/users\/10"}],"replies":[{"embeddable":true,"href":"https:\/\/allaboutibs.com\/cs\/wp-json\/wp\/v2\/comments?post=38512"}],"version-history":[{"count":4,"href":"https:\/\/allaboutibs.com\/cs\/wp-json\/wp\/v2\/pages\/38512\/revisions"}],"predecessor-version":[{"id":39467,"href":"https:\/\/allaboutibs.com\/cs\/wp-json\/wp\/v2\/pages\/38512\/revisions\/39467"}],"wp:attachment":[{"href":"https:\/\/allaboutibs.com\/cs\/wp-json\/wp\/v2\/media?parent=38512"}],"curies":[{"name":"wp","href":"https:\/\/api.w.org\/{rel}","templated":true}]}}